{"id":11015,"date":"2019-09-06T15:58:19","date_gmt":"2019-09-06T14:58:19","guid":{"rendered":"http:\/\/fhbb.staging.wpengine.com\/?page_id=7481"},"modified":"2022-12-06T14:18:29","modified_gmt":"2022-12-06T14:18:29","slug":"doencas-tratadas","status":"publish","type":"page","link":"https:\/\/staging.futurehealthbiobank.com\/pt\/doencas-tratadas\/","title":{"rendered":"Doen\u00e7as Tratadas"},"content":{"rendered":"<div class=\"helpful-block-content wth-theme-thumbs\" data-title=\"\">\n<ul>\n<li><span class=\"wth-title\">Isto foi \u00fatil?<\/span><\/li>\n<li><a data-post=\"11015\" data-post-url=\"https:\/\/staging.futurehealthbiobank.com\/pt\/doencas-tratadas\/\" data-post-title=\"Doen\u00e7as Tratadas\" data-response=\"1\" href=\"#\" class=\"wth-green-btn icon-thumbs-o-up icon1-thumbs-o-up\">Sim<\/a><a data-response=\"0\" data-post=\"11015\" data-post-url=\"https:\/\/staging.futurehealthbiobank.com\/pt\/doencas-tratadas\/\" data-post-title=\"Doen\u00e7as Tratadas\" href=\"#\" class=\"wth-red-btn icon-thumbs-o-down icon1-thumbs-o-down\">N\u00e3o<\/a><\/li>\n<\/ul>\n<\/div>","protected":false},"excerpt":{"rendered":"<p>Isto foi \u00fatil? SimN\u00e3o<\/p>\n","protected":false},"author":25,"featured_media":0,"parent":0,"menu_order":0,"comment_status":"closed","ping_status":"closed","template":"page-deseaselist.php","meta":{"_acf_changed":false,"footnotes":""},"class_list":["post-11015","page","type-page","status-publish","hentry"],"acf":[],"yoast_head":"<!-- This site is optimized with the Yoast SEO plugin v26.7 - https:\/\/yoast.com\/wordpress\/plugins\/seo\/ -->\n<title>Doen\u00e7as tratadas usando c\u00e9lulas estaminais do cord\u00e3o umbilical | Future Health Biobank<\/title>\n<meta name=\"description\" content=\"Descubra as doen\u00e7as tratadas - terapias standard ou ensaios cl\u00ednicos - que usam o sangue do cord\u00e3o umbilical e c\u00e9lulas estaminais do tecido do cord\u00e3o umbilical\" \/>\n<meta name=\"robots\" content=\"noindex, follow, max-snippet:-1, max-image-preview:large, max-video-preview:-1\" \/>\n<meta property=\"og:locale\" content=\"pt_PT\" \/>\n<meta property=\"og:type\" content=\"article\" \/>\n<meta property=\"og:title\" content=\"Doen\u00e7as tratadas usando c\u00e9lulas estaminais do cord\u00e3o umbilical | Future Health Biobank\" \/>\n<meta property=\"og:description\" content=\"Descubra as doen\u00e7as tratadas - terapias standard ou ensaios cl\u00ednicos - que usam o sangue do cord\u00e3o umbilical e c\u00e9lulas estaminais do tecido do cord\u00e3o umbilical\" \/>\n<meta property=\"og:url\" content=\"https:\/\/staging.futurehealthbiobank.com\/pt\/doencas-tratadas\/\" \/>\n<meta property=\"og:site_name\" content=\"Future Health Biobank Portugal\" \/>\n<meta property=\"article:modified_time\" content=\"2022-12-06T14:18:29+00:00\" \/>\n<meta name=\"twitter:card\" content=\"summary_large_image\" \/>\n<script type=\"application\/ld+json\" class=\"yoast-schema-graph\">{\"@context\":\"https:\/\/schema.org\",\"@graph\":[{\"@type\":\"WebPage\",\"@id\":\"https:\/\/staging.futurehealthbiobank.com\/pt\/doencas-tratadas\/\",\"url\":\"https:\/\/staging.futurehealthbiobank.com\/pt\/doencas-tratadas\/\",\"name\":\"Doen\u00e7as tratadas usando c\u00e9lulas estaminais do cord\u00e3o umbilical | Future Health Biobank\",\"isPartOf\":{\"@id\":\"https:\/\/staging.futurehealthbiobank.com\/pt\/#website\"},\"datePublished\":\"2019-09-06T14:58:19+00:00\",\"dateModified\":\"2022-12-06T14:18:29+00:00\",\"description\":\"Descubra as doen\u00e7as tratadas - terapias standard ou ensaios cl\u00ednicos - que usam o sangue do cord\u00e3o umbilical e c\u00e9lulas estaminais do tecido do cord\u00e3o umbilical\",\"inLanguage\":\"pt-PT\",\"potentialAction\":[{\"@type\":\"ReadAction\",\"target\":[\"https:\/\/staging.futurehealthbiobank.com\/pt\/doencas-tratadas\/\"]}]},{\"@type\":\"WebSite\",\"@id\":\"https:\/\/staging.futurehealthbiobank.com\/pt\/#website\",\"url\":\"https:\/\/staging.futurehealthbiobank.com\/pt\/\",\"name\":\"Future Health Biobank Portugal\",\"description\":\"\",\"potentialAction\":[{\"@type\":\"SearchAction\",\"target\":{\"@type\":\"EntryPoint\",\"urlTemplate\":\"https:\/\/staging.futurehealthbiobank.com\/pt\/?s={search_term_string}\"},\"query-input\":{\"@type\":\"PropertyValueSpecification\",\"valueRequired\":true,\"valueName\":\"search_term_string\"}}],\"inLanguage\":\"pt-PT\"}]}<\/script>\n<!-- \/ Yoast SEO plugin. -->","yoast_head_json":{"title":"Doen\u00e7as tratadas usando c\u00e9lulas estaminais do cord\u00e3o umbilical | Future Health Biobank","description":"Descubra as doen\u00e7as tratadas - terapias standard ou ensaios cl\u00ednicos - que usam o sangue do cord\u00e3o umbilical e c\u00e9lulas estaminais do tecido do cord\u00e3o umbilical","robots":{"index":"noindex","follow":"follow","max-snippet":"max-snippet:-1","max-image-preview":"max-image-preview:large","max-video-preview":"max-video-preview:-1"},"og_locale":"pt_PT","og_type":"article","og_title":"Doen\u00e7as tratadas usando c\u00e9lulas estaminais do cord\u00e3o umbilical | Future Health Biobank","og_description":"Descubra as doen\u00e7as tratadas - terapias standard ou ensaios cl\u00ednicos - que usam o sangue do cord\u00e3o umbilical e c\u00e9lulas estaminais do tecido do cord\u00e3o umbilical","og_url":"https:\/\/staging.futurehealthbiobank.com\/pt\/doencas-tratadas\/","og_site_name":"Future Health Biobank Portugal","article_modified_time":"2022-12-06T14:18:29+00:00","twitter_card":"summary_large_image","schema":{"@context":"https:\/\/schema.org","@graph":[{"@type":"WebPage","@id":"https:\/\/staging.futurehealthbiobank.com\/pt\/doencas-tratadas\/","url":"https:\/\/staging.futurehealthbiobank.com\/pt\/doencas-tratadas\/","name":"Doen\u00e7as tratadas usando c\u00e9lulas estaminais do cord\u00e3o umbilical | Future Health Biobank","isPartOf":{"@id":"https:\/\/staging.futurehealthbiobank.com\/pt\/#website"},"datePublished":"2019-09-06T14:58:19+00:00","dateModified":"2022-12-06T14:18:29+00:00","description":"Descubra as doen\u00e7as tratadas - terapias standard ou ensaios cl\u00ednicos - que usam o sangue do cord\u00e3o umbilical e c\u00e9lulas estaminais do tecido do cord\u00e3o umbilical","inLanguage":"pt-PT","potentialAction":[{"@type":"ReadAction","target":["https:\/\/staging.futurehealthbiobank.com\/pt\/doencas-tratadas\/"]}]},{"@type":"WebSite","@id":"https:\/\/staging.futurehealthbiobank.com\/pt\/#website","url":"https:\/\/staging.futurehealthbiobank.com\/pt\/","name":"Future Health Biobank Portugal","description":"","potentialAction":[{"@type":"SearchAction","target":{"@type":"EntryPoint","urlTemplate":"https:\/\/staging.futurehealthbiobank.com\/pt\/?s={search_term_string}"},"query-input":{"@type":"PropertyValueSpecification","valueRequired":true,"valueName":"search_term_string"}}],"inLanguage":"pt-PT"}]}},"_links":{"self":[{"href":"https:\/\/staging.futurehealthbiobank.com\/pt\/wp-json\/wp\/v2\/pages\/11015","targetHints":{"allow":["GET"]}}],"collection":[{"href":"https:\/\/staging.futurehealthbiobank.com\/pt\/wp-json\/wp\/v2\/pages"}],"about":[{"href":"https:\/\/staging.futurehealthbiobank.com\/pt\/wp-json\/wp\/v2\/types\/page"}],"author":[{"embeddable":true,"href":"https:\/\/staging.futurehealthbiobank.com\/pt\/wp-json\/wp\/v2\/users\/25"}],"replies":[{"embeddable":true,"href":"https:\/\/staging.futurehealthbiobank.com\/pt\/wp-json\/wp\/v2\/comments?post=11015"}],"version-history":[{"count":0,"href":"https:\/\/staging.futurehealthbiobank.com\/pt\/wp-json\/wp\/v2\/pages\/11015\/revisions"}],"wp:attachment":[{"href":"https:\/\/staging.futurehealthbiobank.com\/pt\/wp-json\/wp\/v2\/media?parent=11015"}],"curies":[{"name":"wp","href":"https:\/\/api.w.org\/{rel}","templated":true}]}}