{"id":30768,"date":"2020-07-03T10:09:09","date_gmt":"2020-07-03T09:09:09","guid":{"rendered":"http:\/\/fhbb.staging.wpengine.com\/pt\/?page_id=30768"},"modified":"2025-08-11T11:46:03","modified_gmt":"2025-08-11T10:46:03","slug":"preco-unico-criopreservacao-sangue-tecido-cordao-umbilical","status":"publish","type":"page","link":"https:\/\/staging.futurehealthbiobank.com\/pt\/preco-unico-criopreservacao-sangue-tecido-cordao-umbilical\/","title":{"rendered":"Preco Unico Criopreservacao Sangue Tecido Cord\u00e3o Umbilical"},"content":{"rendered":"<div class=\"helpful-block-content wth-theme-thumbs\" data-title=\"\">\n<ul>\n<li><span class=\"wth-title\">Isto foi \u00fatil?<\/span><\/li>\n<li><a data-post=\"30768\" data-post-url=\"https:\/\/staging.futurehealthbiobank.com\/pt\/preco-unico-criopreservacao-sangue-tecido-cordao-umbilical\/\" data-post-title=\"Preco Unico Criopreservacao Sangue Tecido Cord\u00e3o Umbilical\" data-response=\"1\" href=\"#\" class=\"wth-green-btn icon-thumbs-o-up icon1-thumbs-o-up\">Sim<\/a><a data-response=\"0\" data-post=\"30768\" data-post-url=\"https:\/\/staging.futurehealthbiobank.com\/pt\/preco-unico-criopreservacao-sangue-tecido-cordao-umbilical\/\" data-post-title=\"Preco Unico Criopreservacao Sangue Tecido Cord\u00e3o Umbilical\" href=\"#\" class=\"wth-red-btn icon-thumbs-o-down icon1-thumbs-o-down\">N\u00e3o<\/a><\/li>\n<\/ul>\n<\/div>","protected":false},"excerpt":{"rendered":"<p>Isto foi \u00fatil? SimN\u00e3o<\/p>\n","protected":false},"author":25,"featured_media":0,"parent":0,"menu_order":0,"comment_status":"closed","ping_status":"closed","template":"page-pricing-2406.php","meta":{"_acf_changed":false,"footnotes":""},"class_list":["post-30768","page","type-page","status-publish","hentry"],"acf":[],"yoast_head":"<!-- This site is optimized with the Yoast SEO plugin v26.7 - https:\/\/yoast.com\/wordpress\/plugins\/seo\/ -->\n<title>Preco Unico: Sangue Tecido e Cord\u00e3o Umbilical | Future Health Biobank<\/title>\n<meta name=\"description\" content=\"Pre\u00e7o \u00fanico criopreserva\u00e7\u00e3o de sangue e tecido do cord\u00e3o umbilical\" \/>\n<meta name=\"robots\" content=\"noindex, follow, max-snippet:-1, max-image-preview:large, max-video-preview:-1\" \/>\n<meta property=\"og:locale\" content=\"pt_PT\" \/>\n<meta property=\"og:type\" content=\"article\" \/>\n<meta property=\"og:title\" content=\"Preco Unico: Sangue Tecido e Cord\u00e3o Umbilical | Future Health Biobank\" \/>\n<meta property=\"og:description\" content=\"Pre\u00e7o \u00fanico criopreserva\u00e7\u00e3o de sangue e tecido do cord\u00e3o umbilical\" \/>\n<meta property=\"og:url\" content=\"https:\/\/staging.futurehealthbiobank.com\/pt\/preco-unico-criopreservacao-sangue-tecido-cordao-umbilical\/\" \/>\n<meta property=\"og:site_name\" content=\"Future Health Biobank Portugal\" \/>\n<meta property=\"article:modified_time\" content=\"2025-08-11T10:46:03+00:00\" \/>\n<meta name=\"twitter:card\" content=\"summary_large_image\" \/>\n<script type=\"application\/ld+json\" class=\"yoast-schema-graph\">{\"@context\":\"https:\/\/schema.org\",\"@graph\":[{\"@type\":\"WebPage\",\"@id\":\"https:\/\/staging.futurehealthbiobank.com\/pt\/preco-unico-criopreservacao-sangue-tecido-cordao-umbilical\/\",\"url\":\"https:\/\/staging.futurehealthbiobank.com\/pt\/preco-unico-criopreservacao-sangue-tecido-cordao-umbilical\/\",\"name\":\"Preco Unico: Sangue Tecido e Cord\u00e3o Umbilical | Future Health Biobank\",\"isPartOf\":{\"@id\":\"https:\/\/staging.futurehealthbiobank.com\/pt\/#website\"},\"datePublished\":\"2020-07-03T09:09:09+00:00\",\"dateModified\":\"2025-08-11T10:46:03+00:00\",\"description\":\"Pre\u00e7o \u00fanico criopreserva\u00e7\u00e3o de sangue e tecido do cord\u00e3o umbilical\",\"inLanguage\":\"pt-PT\",\"potentialAction\":[{\"@type\":\"ReadAction\",\"target\":[\"https:\/\/staging.futurehealthbiobank.com\/pt\/preco-unico-criopreservacao-sangue-tecido-cordao-umbilical\/\"]}]},{\"@type\":\"WebSite\",\"@id\":\"https:\/\/staging.futurehealthbiobank.com\/pt\/#website\",\"url\":\"https:\/\/staging.futurehealthbiobank.com\/pt\/\",\"name\":\"Future Health Biobank Portugal\",\"description\":\"\",\"potentialAction\":[{\"@type\":\"SearchAction\",\"target\":{\"@type\":\"EntryPoint\",\"urlTemplate\":\"https:\/\/staging.futurehealthbiobank.com\/pt\/?s={search_term_string}\"},\"query-input\":{\"@type\":\"PropertyValueSpecification\",\"valueRequired\":true,\"valueName\":\"search_term_string\"}}],\"inLanguage\":\"pt-PT\"}]}<\/script>\n<!-- \/ Yoast SEO plugin. -->","yoast_head_json":{"title":"Preco Unico: Sangue Tecido e Cord\u00e3o Umbilical | Future Health Biobank","description":"Pre\u00e7o \u00fanico criopreserva\u00e7\u00e3o de sangue e tecido do cord\u00e3o umbilical","robots":{"index":"noindex","follow":"follow","max-snippet":"max-snippet:-1","max-image-preview":"max-image-preview:large","max-video-preview":"max-video-preview:-1"},"og_locale":"pt_PT","og_type":"article","og_title":"Preco Unico: Sangue Tecido e Cord\u00e3o Umbilical | Future Health Biobank","og_description":"Pre\u00e7o \u00fanico criopreserva\u00e7\u00e3o de sangue e tecido do cord\u00e3o umbilical","og_url":"https:\/\/staging.futurehealthbiobank.com\/pt\/preco-unico-criopreservacao-sangue-tecido-cordao-umbilical\/","og_site_name":"Future Health Biobank Portugal","article_modified_time":"2025-08-11T10:46:03+00:00","twitter_card":"summary_large_image","schema":{"@context":"https:\/\/schema.org","@graph":[{"@type":"WebPage","@id":"https:\/\/staging.futurehealthbiobank.com\/pt\/preco-unico-criopreservacao-sangue-tecido-cordao-umbilical\/","url":"https:\/\/staging.futurehealthbiobank.com\/pt\/preco-unico-criopreservacao-sangue-tecido-cordao-umbilical\/","name":"Preco Unico: Sangue Tecido e Cord\u00e3o Umbilical | Future Health Biobank","isPartOf":{"@id":"https:\/\/staging.futurehealthbiobank.com\/pt\/#website"},"datePublished":"2020-07-03T09:09:09+00:00","dateModified":"2025-08-11T10:46:03+00:00","description":"Pre\u00e7o \u00fanico criopreserva\u00e7\u00e3o de sangue e tecido do cord\u00e3o umbilical","inLanguage":"pt-PT","potentialAction":[{"@type":"ReadAction","target":["https:\/\/staging.futurehealthbiobank.com\/pt\/preco-unico-criopreservacao-sangue-tecido-cordao-umbilical\/"]}]},{"@type":"WebSite","@id":"https:\/\/staging.futurehealthbiobank.com\/pt\/#website","url":"https:\/\/staging.futurehealthbiobank.com\/pt\/","name":"Future Health Biobank Portugal","description":"","potentialAction":[{"@type":"SearchAction","target":{"@type":"EntryPoint","urlTemplate":"https:\/\/staging.futurehealthbiobank.com\/pt\/?s={search_term_string}"},"query-input":{"@type":"PropertyValueSpecification","valueRequired":true,"valueName":"search_term_string"}}],"inLanguage":"pt-PT"}]}},"_links":{"self":[{"href":"https:\/\/staging.futurehealthbiobank.com\/pt\/wp-json\/wp\/v2\/pages\/30768","targetHints":{"allow":["GET"]}}],"collection":[{"href":"https:\/\/staging.futurehealthbiobank.com\/pt\/wp-json\/wp\/v2\/pages"}],"about":[{"href":"https:\/\/staging.futurehealthbiobank.com\/pt\/wp-json\/wp\/v2\/types\/page"}],"author":[{"embeddable":true,"href":"https:\/\/staging.futurehealthbiobank.com\/pt\/wp-json\/wp\/v2\/users\/25"}],"replies":[{"embeddable":true,"href":"https:\/\/staging.futurehealthbiobank.com\/pt\/wp-json\/wp\/v2\/comments?post=30768"}],"version-history":[{"count":2,"href":"https:\/\/staging.futurehealthbiobank.com\/pt\/wp-json\/wp\/v2\/pages\/30768\/revisions"}],"predecessor-version":[{"id":32979,"href":"https:\/\/staging.futurehealthbiobank.com\/pt\/wp-json\/wp\/v2\/pages\/30768\/revisions\/32979"}],"wp:attachment":[{"href":"https:\/\/staging.futurehealthbiobank.com\/pt\/wp-json\/wp\/v2\/media?parent=30768"}],"curies":[{"name":"wp","href":"https:\/\/api.w.org\/{rel}","templated":true}]}}