{"id":32868,"date":"2023-07-10T09:09:56","date_gmt":"2023-07-10T08:09:56","guid":{"rendered":"https:\/\/fhbbstg.wpengine.com\/?page_id=32686"},"modified":"2025-09-09T09:40:12","modified_gmt":"2025-09-09T08:40:12","slug":"pagina-de-preco-nipt","status":"publish","type":"page","link":"https:\/\/staging.futurehealthbiobank.com\/pt\/pagina-de-preco-nipt\/","title":{"rendered":"P\u00e1gina de pre\u00e7o NIPT"},"content":{"rendered":"<div class=\"helpful-block-content wth-theme-thumbs\" data-title=\"\">\n<ul>\n<li><span class=\"wth-title\">Isto foi \u00fatil?<\/span><\/li>\n<li><a data-post=\"32868\" data-post-url=\"https:\/\/staging.futurehealthbiobank.com\/pt\/pagina-de-preco-nipt\/\" data-post-title=\"P\u00e1gina de pre\u00e7o NIPT\" data-response=\"1\" href=\"#\" class=\"wth-green-btn icon-thumbs-o-up icon1-thumbs-o-up\">Sim<\/a><a data-response=\"0\" data-post=\"32868\" data-post-url=\"https:\/\/staging.futurehealthbiobank.com\/pt\/pagina-de-preco-nipt\/\" data-post-title=\"P\u00e1gina de pre\u00e7o NIPT\" href=\"#\" class=\"wth-red-btn icon-thumbs-o-down icon1-thumbs-o-down\">N\u00e3o<\/a><\/li>\n<\/ul>\n<\/div>","protected":false},"excerpt":{"rendered":"<p>Isto foi \u00fatil? SimN\u00e3o<\/p>\n","protected":false},"author":25,"featured_media":0,"parent":0,"menu_order":0,"comment_status":"closed","ping_status":"closed","template":"NIPTPrice\/page-niptprice.php","meta":{"_acf_changed":false,"footnotes":""},"class_list":["post-32868","page","type-page","status-publish","hentry"],"acf":[],"yoast_head":"<!-- This site is optimized with the Yoast SEO plugin v26.7 - https:\/\/yoast.com\/wordpress\/plugins\/seo\/ -->\n<title>P\u00e1gina de pre\u00e7o NIPT - Future Health Biobank Portugal<\/title>\n<meta name=\"robots\" content=\"noindex, follow, max-snippet:-1, max-image-preview:large, max-video-preview:-1\" \/>\n<meta property=\"og:locale\" content=\"pt_PT\" \/>\n<meta property=\"og:type\" content=\"article\" \/>\n<meta property=\"og:title\" content=\"P\u00e1gina de pre\u00e7o NIPT - Future Health Biobank Portugal\" \/>\n<meta property=\"og:description\" content=\"Isto foi \u00fatil? SimN\u00e3o\" \/>\n<meta property=\"og:url\" content=\"https:\/\/staging.futurehealthbiobank.com\/pt\/pagina-de-preco-nipt\/\" \/>\n<meta property=\"og:site_name\" content=\"Future Health Biobank Portugal\" \/>\n<meta property=\"article:modified_time\" content=\"2025-09-09T08:40:12+00:00\" \/>\n<meta name=\"twitter:card\" content=\"summary_large_image\" \/>\n<script type=\"application\/ld+json\" class=\"yoast-schema-graph\">{\"@context\":\"https:\/\/schema.org\",\"@graph\":[{\"@type\":\"WebPage\",\"@id\":\"https:\/\/staging.futurehealthbiobank.com\/pt\/pagina-de-preco-nipt\/\",\"url\":\"https:\/\/staging.futurehealthbiobank.com\/pt\/pagina-de-preco-nipt\/\",\"name\":\"P\u00e1gina de pre\u00e7o NIPT - Future Health Biobank Portugal\",\"isPartOf\":{\"@id\":\"https:\/\/staging.futurehealthbiobank.com\/pt\/#website\"},\"datePublished\":\"2023-07-10T08:09:56+00:00\",\"dateModified\":\"2025-09-09T08:40:12+00:00\",\"inLanguage\":\"pt-PT\",\"potentialAction\":[{\"@type\":\"ReadAction\",\"target\":[\"https:\/\/staging.futurehealthbiobank.com\/pt\/pagina-de-preco-nipt\/\"]}]},{\"@type\":\"WebSite\",\"@id\":\"https:\/\/staging.futurehealthbiobank.com\/pt\/#website\",\"url\":\"https:\/\/staging.futurehealthbiobank.com\/pt\/\",\"name\":\"Future Health Biobank Portugal\",\"description\":\"\",\"potentialAction\":[{\"@type\":\"SearchAction\",\"target\":{\"@type\":\"EntryPoint\",\"urlTemplate\":\"https:\/\/staging.futurehealthbiobank.com\/pt\/?s={search_term_string}\"},\"query-input\":{\"@type\":\"PropertyValueSpecification\",\"valueRequired\":true,\"valueName\":\"search_term_string\"}}],\"inLanguage\":\"pt-PT\"}]}<\/script>\n<!-- \/ Yoast SEO plugin. -->","yoast_head_json":{"title":"P\u00e1gina de pre\u00e7o NIPT - Future Health Biobank Portugal","robots":{"index":"noindex","follow":"follow","max-snippet":"max-snippet:-1","max-image-preview":"max-image-preview:large","max-video-preview":"max-video-preview:-1"},"og_locale":"pt_PT","og_type":"article","og_title":"P\u00e1gina de pre\u00e7o NIPT - Future Health Biobank Portugal","og_description":"Isto foi \u00fatil? SimN\u00e3o","og_url":"https:\/\/staging.futurehealthbiobank.com\/pt\/pagina-de-preco-nipt\/","og_site_name":"Future Health Biobank Portugal","article_modified_time":"2025-09-09T08:40:12+00:00","twitter_card":"summary_large_image","schema":{"@context":"https:\/\/schema.org","@graph":[{"@type":"WebPage","@id":"https:\/\/staging.futurehealthbiobank.com\/pt\/pagina-de-preco-nipt\/","url":"https:\/\/staging.futurehealthbiobank.com\/pt\/pagina-de-preco-nipt\/","name":"P\u00e1gina de pre\u00e7o NIPT - Future Health Biobank Portugal","isPartOf":{"@id":"https:\/\/staging.futurehealthbiobank.com\/pt\/#website"},"datePublished":"2023-07-10T08:09:56+00:00","dateModified":"2025-09-09T08:40:12+00:00","inLanguage":"pt-PT","potentialAction":[{"@type":"ReadAction","target":["https:\/\/staging.futurehealthbiobank.com\/pt\/pagina-de-preco-nipt\/"]}]},{"@type":"WebSite","@id":"https:\/\/staging.futurehealthbiobank.com\/pt\/#website","url":"https:\/\/staging.futurehealthbiobank.com\/pt\/","name":"Future Health Biobank Portugal","description":"","potentialAction":[{"@type":"SearchAction","target":{"@type":"EntryPoint","urlTemplate":"https:\/\/staging.futurehealthbiobank.com\/pt\/?s={search_term_string}"},"query-input":{"@type":"PropertyValueSpecification","valueRequired":true,"valueName":"search_term_string"}}],"inLanguage":"pt-PT"}]}},"_links":{"self":[{"href":"https:\/\/staging.futurehealthbiobank.com\/pt\/wp-json\/wp\/v2\/pages\/32868","targetHints":{"allow":["GET"]}}],"collection":[{"href":"https:\/\/staging.futurehealthbiobank.com\/pt\/wp-json\/wp\/v2\/pages"}],"about":[{"href":"https:\/\/staging.futurehealthbiobank.com\/pt\/wp-json\/wp\/v2\/types\/page"}],"author":[{"embeddable":true,"href":"https:\/\/staging.futurehealthbiobank.com\/pt\/wp-json\/wp\/v2\/users\/25"}],"replies":[{"embeddable":true,"href":"https:\/\/staging.futurehealthbiobank.com\/pt\/wp-json\/wp\/v2\/comments?post=32868"}],"version-history":[{"count":1,"href":"https:\/\/staging.futurehealthbiobank.com\/pt\/wp-json\/wp\/v2\/pages\/32868\/revisions"}],"predecessor-version":[{"id":32987,"href":"https:\/\/staging.futurehealthbiobank.com\/pt\/wp-json\/wp\/v2\/pages\/32868\/revisions\/32987"}],"wp:attachment":[{"href":"https:\/\/staging.futurehealthbiobank.com\/pt\/wp-json\/wp\/v2\/media?parent=32868"}],"curies":[{"name":"wp","href":"https:\/\/api.w.org\/{rel}","templated":true}]}}