{"id":4713,"date":"2017-11-25T16:08:18","date_gmt":"2017-11-25T16:08:18","guid":{"rendered":"https:\/\/staging.futurehealthbiobank.com\/?page_id=4713"},"modified":"2018-04-24T16:37:37","modified_gmt":"2018-04-24T15:37:37","slug":"centro-de-pagamento","status":"publish","type":"page","link":"https:\/\/staging.futurehealthbiobank.com\/pt\/centro-de-pagamento\/","title":{"rendered":"Centro de Pagamento"},"content":{"rendered":"<div class=\"helpful-block-content wth-theme-thumbs\" data-title=\"\">\n<ul>\n<li><span class=\"wth-title\">Isto foi \u00fatil?<\/span><\/li>\n<li><a data-post=\"4713\" data-post-url=\"https:\/\/staging.futurehealthbiobank.com\/pt\/centro-de-pagamento\/\" data-post-title=\"Centro de Pagamento\" data-response=\"1\" href=\"#\" class=\"wth-green-btn icon-thumbs-o-up icon1-thumbs-o-up\">Sim<\/a><a data-response=\"0\" data-post=\"4713\" data-post-url=\"https:\/\/staging.futurehealthbiobank.com\/pt\/centro-de-pagamento\/\" data-post-title=\"Centro de Pagamento\" href=\"#\" class=\"wth-red-btn icon-thumbs-o-down icon1-thumbs-o-down\">N\u00e3o<\/a><\/li>\n<\/ul>\n<\/div>","protected":false},"excerpt":{"rendered":"<p>Isto foi \u00fatil? SimN\u00e3o<\/p>\n","protected":false},"author":25,"featured_media":0,"parent":0,"menu_order":0,"comment_status":"closed","ping_status":"closed","template":"page-payment-centre.php","meta":{"_acf_changed":false,"footnotes":""},"class_list":["post-4713","page","type-page","status-publish","hentry"],"acf":[],"yoast_head":"<!-- This site is optimized with the Yoast SEO plugin v26.7 - https:\/\/yoast.com\/wordpress\/plugins\/seo\/ -->\n<title>Centro de Pagamento | Future Health Biobank<\/title>\n<meta name=\"description\" content=\"Centro de pagamento para os nossos servi\u00e7os de armazenamento de c\u00e9lulas estaminais, NIPT e teste para rec\u00e9m-nascidos.\" \/>\n<meta name=\"robots\" content=\"noindex, follow, max-snippet:-1, max-image-preview:large, max-video-preview:-1\" \/>\n<meta property=\"og:locale\" content=\"pt_PT\" \/>\n<meta property=\"og:type\" content=\"article\" \/>\n<meta property=\"og:title\" content=\"Centro de Pagamento | Future Health Biobank\" \/>\n<meta property=\"og:description\" content=\"Centro de pagamento para os nossos servi\u00e7os de armazenamento de c\u00e9lulas estaminais, NIPT e teste para rec\u00e9m-nascidos.\" \/>\n<meta property=\"og:url\" content=\"https:\/\/staging.futurehealthbiobank.com\/pt\/centro-de-pagamento\/\" \/>\n<meta property=\"og:site_name\" content=\"Future Health Biobank Portugal\" \/>\n<meta property=\"article:modified_time\" content=\"2018-04-24T15:37:37+00:00\" \/>\n<meta name=\"twitter:card\" content=\"summary_large_image\" \/>\n<script type=\"application\/ld+json\" class=\"yoast-schema-graph\">{\"@context\":\"https:\/\/schema.org\",\"@graph\":[{\"@type\":\"WebPage\",\"@id\":\"https:\/\/staging.futurehealthbiobank.com\/pt\/centro-de-pagamento\/\",\"url\":\"https:\/\/staging.futurehealthbiobank.com\/pt\/centro-de-pagamento\/\",\"name\":\"Centro de Pagamento | Future Health Biobank\",\"isPartOf\":{\"@id\":\"https:\/\/staging.futurehealthbiobank.com\/pt\/#website\"},\"datePublished\":\"2017-11-25T16:08:18+00:00\",\"dateModified\":\"2018-04-24T15:37:37+00:00\",\"description\":\"Centro de pagamento para os nossos servi\u00e7os de armazenamento de c\u00e9lulas estaminais, NIPT e teste para rec\u00e9m-nascidos.\",\"inLanguage\":\"pt-PT\",\"potentialAction\":[{\"@type\":\"ReadAction\",\"target\":[\"https:\/\/staging.futurehealthbiobank.com\/pt\/centro-de-pagamento\/\"]}]},{\"@type\":\"WebSite\",\"@id\":\"https:\/\/staging.futurehealthbiobank.com\/pt\/#website\",\"url\":\"https:\/\/staging.futurehealthbiobank.com\/pt\/\",\"name\":\"Future Health Biobank Portugal\",\"description\":\"\",\"potentialAction\":[{\"@type\":\"SearchAction\",\"target\":{\"@type\":\"EntryPoint\",\"urlTemplate\":\"https:\/\/staging.futurehealthbiobank.com\/pt\/?s={search_term_string}\"},\"query-input\":{\"@type\":\"PropertyValueSpecification\",\"valueRequired\":true,\"valueName\":\"search_term_string\"}}],\"inLanguage\":\"pt-PT\"}]}<\/script>\n<!-- \/ Yoast SEO plugin. -->","yoast_head_json":{"title":"Centro de Pagamento | Future Health Biobank","description":"Centro de pagamento para os nossos servi\u00e7os de armazenamento de c\u00e9lulas estaminais, NIPT e teste para rec\u00e9m-nascidos.","robots":{"index":"noindex","follow":"follow","max-snippet":"max-snippet:-1","max-image-preview":"max-image-preview:large","max-video-preview":"max-video-preview:-1"},"og_locale":"pt_PT","og_type":"article","og_title":"Centro de Pagamento | Future Health Biobank","og_description":"Centro de pagamento para os nossos servi\u00e7os de armazenamento de c\u00e9lulas estaminais, NIPT e teste para rec\u00e9m-nascidos.","og_url":"https:\/\/staging.futurehealthbiobank.com\/pt\/centro-de-pagamento\/","og_site_name":"Future Health Biobank Portugal","article_modified_time":"2018-04-24T15:37:37+00:00","twitter_card":"summary_large_image","schema":{"@context":"https:\/\/schema.org","@graph":[{"@type":"WebPage","@id":"https:\/\/staging.futurehealthbiobank.com\/pt\/centro-de-pagamento\/","url":"https:\/\/staging.futurehealthbiobank.com\/pt\/centro-de-pagamento\/","name":"Centro de Pagamento | Future Health Biobank","isPartOf":{"@id":"https:\/\/staging.futurehealthbiobank.com\/pt\/#website"},"datePublished":"2017-11-25T16:08:18+00:00","dateModified":"2018-04-24T15:37:37+00:00","description":"Centro de pagamento para os nossos servi\u00e7os de armazenamento de c\u00e9lulas estaminais, NIPT e teste para rec\u00e9m-nascidos.","inLanguage":"pt-PT","potentialAction":[{"@type":"ReadAction","target":["https:\/\/staging.futurehealthbiobank.com\/pt\/centro-de-pagamento\/"]}]},{"@type":"WebSite","@id":"https:\/\/staging.futurehealthbiobank.com\/pt\/#website","url":"https:\/\/staging.futurehealthbiobank.com\/pt\/","name":"Future Health Biobank Portugal","description":"","potentialAction":[{"@type":"SearchAction","target":{"@type":"EntryPoint","urlTemplate":"https:\/\/staging.futurehealthbiobank.com\/pt\/?s={search_term_string}"},"query-input":{"@type":"PropertyValueSpecification","valueRequired":true,"valueName":"search_term_string"}}],"inLanguage":"pt-PT"}]}},"_links":{"self":[{"href":"https:\/\/staging.futurehealthbiobank.com\/pt\/wp-json\/wp\/v2\/pages\/4713","targetHints":{"allow":["GET"]}}],"collection":[{"href":"https:\/\/staging.futurehealthbiobank.com\/pt\/wp-json\/wp\/v2\/pages"}],"about":[{"href":"https:\/\/staging.futurehealthbiobank.com\/pt\/wp-json\/wp\/v2\/types\/page"}],"author":[{"embeddable":true,"href":"https:\/\/staging.futurehealthbiobank.com\/pt\/wp-json\/wp\/v2\/users\/25"}],"replies":[{"embeddable":true,"href":"https:\/\/staging.futurehealthbiobank.com\/pt\/wp-json\/wp\/v2\/comments?post=4713"}],"version-history":[{"count":0,"href":"https:\/\/staging.futurehealthbiobank.com\/pt\/wp-json\/wp\/v2\/pages\/4713\/revisions"}],"wp:attachment":[{"href":"https:\/\/staging.futurehealthbiobank.com\/pt\/wp-json\/wp\/v2\/media?parent=4713"}],"curies":[{"name":"wp","href":"https:\/\/api.w.org\/{rel}","templated":true}]}}