{"id":8427,"date":"2018-04-14T10:04:29","date_gmt":"2018-04-14T09:04:29","guid":{"rendered":"https:\/\/staging.futurehealthbiobank.com\/?page_id=8427"},"modified":"2022-12-06T14:22:52","modified_gmt":"2022-12-06T14:22:52","slug":"o-que-sao-bancos-de-criopreservacao-de-celulas-estaminais","status":"publish","type":"page","link":"https:\/\/staging.futurehealthbiobank.com\/pt\/o-que-sao-bancos-de-criopreservacao-de-celulas-estaminais\/","title":{"rendered":"O que s\u00e3o bancos de criopreserva\u00e7\u00e3o de c\u00e9lulas estaminais?"},"content":{"rendered":"<div class=\"helpful-block-content wth-theme-thumbs\" data-title=\"\">\n<ul>\n<li><span class=\"wth-title\">Isto foi \u00fatil?<\/span><\/li>\n<li><a data-post=\"8427\" data-post-url=\"https:\/\/staging.futurehealthbiobank.com\/pt\/o-que-sao-bancos-de-criopreservacao-de-celulas-estaminais\/\" data-post-title=\"O que s\u00e3o bancos de criopreserva\u00e7\u00e3o de c\u00e9lulas estaminais?\" data-response=\"1\" href=\"#\" class=\"wth-green-btn icon-thumbs-o-up icon1-thumbs-o-up\">Sim<\/a><a data-response=\"0\" data-post=\"8427\" data-post-url=\"https:\/\/staging.futurehealthbiobank.com\/pt\/o-que-sao-bancos-de-criopreservacao-de-celulas-estaminais\/\" data-post-title=\"O que s\u00e3o bancos de criopreserva\u00e7\u00e3o de c\u00e9lulas estaminais?\" href=\"#\" class=\"wth-red-btn icon-thumbs-o-down icon1-thumbs-o-down\">N\u00e3o<\/a><\/li>\n<\/ul>\n<\/div>","protected":false},"excerpt":{"rendered":"<p>Isto foi \u00fatil? SimN\u00e3o<\/p>\n","protected":false},"author":25,"featured_media":0,"parent":0,"menu_order":0,"comment_status":"closed","ping_status":"closed","template":"page-sclanding.php","meta":{"_acf_changed":false,"footnotes":""},"class_list":["post-8427","page","type-page","status-publish","hentry"],"acf":[],"yoast_head":"<!-- This site is optimized with the Yoast SEO plugin v26.7 - https:\/\/yoast.com\/wordpress\/plugins\/seo\/ -->\n<title>O que s\u00e3o bancos de criopreserva\u00e7\u00e3o de c\u00e9lulas estaminais? | Future Health Biobank<\/title>\n<meta name=\"description\" content=\"O armazenamento de c\u00e9lulas estaminais \u00e9 o processo de recolha, processamento e armazenamento c\u00e9lulas estaminais para utiliza\u00e7\u00e3o futura em terap\u00eauticas m\u00e9dicas e medicina regenerativa.\" \/>\n<meta name=\"robots\" content=\"noindex, follow, max-snippet:-1, max-image-preview:large, max-video-preview:-1\" \/>\n<meta property=\"og:locale\" content=\"pt_PT\" \/>\n<meta property=\"og:type\" content=\"article\" \/>\n<meta property=\"og:title\" content=\"O que s\u00e3o bancos de criopreserva\u00e7\u00e3o de c\u00e9lulas estaminais? | Future Health Biobank\" \/>\n<meta property=\"og:description\" content=\"O armazenamento de c\u00e9lulas estaminais \u00e9 o processo de recolha, processamento e armazenamento c\u00e9lulas estaminais para utiliza\u00e7\u00e3o futura em terap\u00eauticas m\u00e9dicas e medicina regenerativa.\" \/>\n<meta property=\"og:url\" content=\"https:\/\/staging.futurehealthbiobank.com\/pt\/o-que-sao-bancos-de-criopreservacao-de-celulas-estaminais\/\" \/>\n<meta property=\"og:site_name\" content=\"Future Health Biobank Portugal\" \/>\n<meta property=\"article:modified_time\" content=\"2022-12-06T14:22:52+00:00\" \/>\n<meta name=\"twitter:card\" content=\"summary_large_image\" \/>\n<script type=\"application\/ld+json\" class=\"yoast-schema-graph\">{\"@context\":\"https:\/\/schema.org\",\"@graph\":[{\"@type\":\"WebPage\",\"@id\":\"https:\/\/staging.futurehealthbiobank.com\/pt\/o-que-sao-bancos-de-criopreservacao-de-celulas-estaminais\/\",\"url\":\"https:\/\/staging.futurehealthbiobank.com\/pt\/o-que-sao-bancos-de-criopreservacao-de-celulas-estaminais\/\",\"name\":\"O que s\u00e3o bancos de criopreserva\u00e7\u00e3o de c\u00e9lulas estaminais? | Future Health Biobank\",\"isPartOf\":{\"@id\":\"https:\/\/staging.futurehealthbiobank.com\/pt\/#website\"},\"datePublished\":\"2018-04-14T09:04:29+00:00\",\"dateModified\":\"2022-12-06T14:22:52+00:00\",\"description\":\"O armazenamento de c\u00e9lulas estaminais \u00e9 o processo de recolha, processamento e armazenamento c\u00e9lulas estaminais para utiliza\u00e7\u00e3o futura em terap\u00eauticas m\u00e9dicas e medicina regenerativa.\",\"inLanguage\":\"pt-PT\",\"potentialAction\":[{\"@type\":\"ReadAction\",\"target\":[\"https:\/\/staging.futurehealthbiobank.com\/pt\/o-que-sao-bancos-de-criopreservacao-de-celulas-estaminais\/\"]}]},{\"@type\":\"WebSite\",\"@id\":\"https:\/\/staging.futurehealthbiobank.com\/pt\/#website\",\"url\":\"https:\/\/staging.futurehealthbiobank.com\/pt\/\",\"name\":\"Future Health Biobank Portugal\",\"description\":\"\",\"potentialAction\":[{\"@type\":\"SearchAction\",\"target\":{\"@type\":\"EntryPoint\",\"urlTemplate\":\"https:\/\/staging.futurehealthbiobank.com\/pt\/?s={search_term_string}\"},\"query-input\":{\"@type\":\"PropertyValueSpecification\",\"valueRequired\":true,\"valueName\":\"search_term_string\"}}],\"inLanguage\":\"pt-PT\"}]}<\/script>\n<!-- \/ Yoast SEO plugin. -->","yoast_head_json":{"title":"O que s\u00e3o bancos de criopreserva\u00e7\u00e3o de c\u00e9lulas estaminais? | Future Health Biobank","description":"O armazenamento de c\u00e9lulas estaminais \u00e9 o processo de recolha, processamento e armazenamento c\u00e9lulas estaminais para utiliza\u00e7\u00e3o futura em terap\u00eauticas m\u00e9dicas e medicina regenerativa.","robots":{"index":"noindex","follow":"follow","max-snippet":"max-snippet:-1","max-image-preview":"max-image-preview:large","max-video-preview":"max-video-preview:-1"},"og_locale":"pt_PT","og_type":"article","og_title":"O que s\u00e3o bancos de criopreserva\u00e7\u00e3o de c\u00e9lulas estaminais? | Future Health Biobank","og_description":"O armazenamento de c\u00e9lulas estaminais \u00e9 o processo de recolha, processamento e armazenamento c\u00e9lulas estaminais para utiliza\u00e7\u00e3o futura em terap\u00eauticas m\u00e9dicas e medicina regenerativa.","og_url":"https:\/\/staging.futurehealthbiobank.com\/pt\/o-que-sao-bancos-de-criopreservacao-de-celulas-estaminais\/","og_site_name":"Future Health Biobank Portugal","article_modified_time":"2022-12-06T14:22:52+00:00","twitter_card":"summary_large_image","schema":{"@context":"https:\/\/schema.org","@graph":[{"@type":"WebPage","@id":"https:\/\/staging.futurehealthbiobank.com\/pt\/o-que-sao-bancos-de-criopreservacao-de-celulas-estaminais\/","url":"https:\/\/staging.futurehealthbiobank.com\/pt\/o-que-sao-bancos-de-criopreservacao-de-celulas-estaminais\/","name":"O que s\u00e3o bancos de criopreserva\u00e7\u00e3o de c\u00e9lulas estaminais? | Future Health Biobank","isPartOf":{"@id":"https:\/\/staging.futurehealthbiobank.com\/pt\/#website"},"datePublished":"2018-04-14T09:04:29+00:00","dateModified":"2022-12-06T14:22:52+00:00","description":"O armazenamento de c\u00e9lulas estaminais \u00e9 o processo de recolha, processamento e armazenamento c\u00e9lulas estaminais para utiliza\u00e7\u00e3o futura em terap\u00eauticas m\u00e9dicas e medicina regenerativa.","inLanguage":"pt-PT","potentialAction":[{"@type":"ReadAction","target":["https:\/\/staging.futurehealthbiobank.com\/pt\/o-que-sao-bancos-de-criopreservacao-de-celulas-estaminais\/"]}]},{"@type":"WebSite","@id":"https:\/\/staging.futurehealthbiobank.com\/pt\/#website","url":"https:\/\/staging.futurehealthbiobank.com\/pt\/","name":"Future Health Biobank Portugal","description":"","potentialAction":[{"@type":"SearchAction","target":{"@type":"EntryPoint","urlTemplate":"https:\/\/staging.futurehealthbiobank.com\/pt\/?s={search_term_string}"},"query-input":{"@type":"PropertyValueSpecification","valueRequired":true,"valueName":"search_term_string"}}],"inLanguage":"pt-PT"}]}},"_links":{"self":[{"href":"https:\/\/staging.futurehealthbiobank.com\/pt\/wp-json\/wp\/v2\/pages\/8427","targetHints":{"allow":["GET"]}}],"collection":[{"href":"https:\/\/staging.futurehealthbiobank.com\/pt\/wp-json\/wp\/v2\/pages"}],"about":[{"href":"https:\/\/staging.futurehealthbiobank.com\/pt\/wp-json\/wp\/v2\/types\/page"}],"author":[{"embeddable":true,"href":"https:\/\/staging.futurehealthbiobank.com\/pt\/wp-json\/wp\/v2\/users\/25"}],"replies":[{"embeddable":true,"href":"https:\/\/staging.futurehealthbiobank.com\/pt\/wp-json\/wp\/v2\/comments?post=8427"}],"version-history":[{"count":0,"href":"https:\/\/staging.futurehealthbiobank.com\/pt\/wp-json\/wp\/v2\/pages\/8427\/revisions"}],"wp:attachment":[{"href":"https:\/\/staging.futurehealthbiobank.com\/pt\/wp-json\/wp\/v2\/media?parent=8427"}],"curies":[{"name":"wp","href":"https:\/\/api.w.org\/{rel}","templated":true}]}}