{"id":891,"date":"2016-05-10T11:37:17","date_gmt":"2016-05-10T10:37:17","guid":{"rendered":"https:\/\/staging.futurehealthbiobank.com\/pt\/?page_id=891"},"modified":"2022-12-06T14:25:51","modified_gmt":"2022-12-06T14:25:51","slug":"contacte-nos","status":"publish","type":"page","link":"https:\/\/staging.futurehealthbiobank.com\/pt\/contacte-nos\/","title":{"rendered":"Contacte-nos"},"content":{"rendered":"<div class=\"helpful-block-content wth-theme-thumbs\" data-title=\"\">\n<ul>\n<li><span class=\"wth-title\">Isto foi \u00fatil?<\/span><\/li>\n<li><a data-post=\"891\" data-post-url=\"https:\/\/staging.futurehealthbiobank.com\/pt\/contacte-nos\/\" data-post-title=\"Contacte-nos\" data-response=\"1\" href=\"#\" class=\"wth-green-btn icon-thumbs-o-up icon1-thumbs-o-up\">Sim<\/a><a data-response=\"0\" data-post=\"891\" data-post-url=\"https:\/\/staging.futurehealthbiobank.com\/pt\/contacte-nos\/\" data-post-title=\"Contacte-nos\" href=\"#\" class=\"wth-red-btn icon-thumbs-o-down icon1-thumbs-o-down\">N\u00e3o<\/a><\/li>\n<\/ul>\n<\/div>","protected":false},"excerpt":{"rendered":"<p>Isto foi \u00fatil? SimN\u00e3o<\/p>\n","protected":false},"author":25,"featured_media":0,"parent":0,"menu_order":0,"comment_status":"closed","ping_status":"closed","template":"page-contact.php","meta":{"_acf_changed":false,"footnotes":""},"class_list":["post-891","page","type-page","status-publish","hentry"],"acf":[],"yoast_head":"<!-- This site is optimized with the Yoast SEO plugin v26.7 - https:\/\/yoast.com\/wordpress\/plugins\/seo\/ -->\n<title>Contacte-nos | contacte-nos e esclare\u00e7a as suas quest\u00f5es<\/title>\n<meta name=\"description\" content=\"Para quest\u00f5es ou mais informa\u00e7\u00f5es sobre os nossos servi\u00e7os contacte a nossa atenta equipa de apoio ao cliente, preencha o formul\u00e1rio ou ligue 800 104 480\" \/>\n<meta name=\"robots\" content=\"noindex, follow, max-snippet:-1, max-image-preview:large, max-video-preview:-1\" \/>\n<meta property=\"og:locale\" content=\"pt_PT\" \/>\n<meta property=\"og:type\" content=\"article\" \/>\n<meta property=\"og:title\" content=\"Contacte-nos | contacte-nos e esclare\u00e7a as suas quest\u00f5es\" \/>\n<meta property=\"og:description\" content=\"Para quest\u00f5es ou mais informa\u00e7\u00f5es sobre os nossos servi\u00e7os contacte a nossa atenta equipa de apoio ao cliente, preencha o formul\u00e1rio ou ligue 800 104 480\" \/>\n<meta property=\"og:url\" content=\"https:\/\/staging.futurehealthbiobank.com\/pt\/contacte-nos\/\" \/>\n<meta property=\"og:site_name\" content=\"Future Health Biobank Portugal\" \/>\n<meta property=\"article:modified_time\" content=\"2022-12-06T14:25:51+00:00\" \/>\n<meta name=\"twitter:card\" content=\"summary_large_image\" \/>\n<script type=\"application\/ld+json\" class=\"yoast-schema-graph\">{\"@context\":\"https:\/\/schema.org\",\"@graph\":[{\"@type\":\"WebPage\",\"@id\":\"https:\/\/staging.futurehealthbiobank.com\/pt\/contacte-nos\/\",\"url\":\"https:\/\/staging.futurehealthbiobank.com\/pt\/contacte-nos\/\",\"name\":\"Contacte-nos | contacte-nos e esclare\u00e7a as suas quest\u00f5es\",\"isPartOf\":{\"@id\":\"https:\/\/staging.futurehealthbiobank.com\/pt\/#website\"},\"datePublished\":\"2016-05-10T10:37:17+00:00\",\"dateModified\":\"2022-12-06T14:25:51+00:00\",\"description\":\"Para quest\u00f5es ou mais informa\u00e7\u00f5es sobre os nossos servi\u00e7os contacte a nossa atenta equipa de apoio ao cliente, preencha o formul\u00e1rio ou ligue 800 104 480\",\"inLanguage\":\"pt-PT\",\"potentialAction\":[{\"@type\":\"ReadAction\",\"target\":[\"https:\/\/staging.futurehealthbiobank.com\/pt\/contacte-nos\/\"]}]},{\"@type\":\"WebSite\",\"@id\":\"https:\/\/staging.futurehealthbiobank.com\/pt\/#website\",\"url\":\"https:\/\/staging.futurehealthbiobank.com\/pt\/\",\"name\":\"Future Health Biobank Portugal\",\"description\":\"\",\"potentialAction\":[{\"@type\":\"SearchAction\",\"target\":{\"@type\":\"EntryPoint\",\"urlTemplate\":\"https:\/\/staging.futurehealthbiobank.com\/pt\/?s={search_term_string}\"},\"query-input\":{\"@type\":\"PropertyValueSpecification\",\"valueRequired\":true,\"valueName\":\"search_term_string\"}}],\"inLanguage\":\"pt-PT\"}]}<\/script>\n<!-- \/ Yoast SEO plugin. -->","yoast_head_json":{"title":"Contacte-nos | contacte-nos e esclare\u00e7a as suas quest\u00f5es","description":"Para quest\u00f5es ou mais informa\u00e7\u00f5es sobre os nossos servi\u00e7os contacte a nossa atenta equipa de apoio ao cliente, preencha o formul\u00e1rio ou ligue 800 104 480","robots":{"index":"noindex","follow":"follow","max-snippet":"max-snippet:-1","max-image-preview":"max-image-preview:large","max-video-preview":"max-video-preview:-1"},"og_locale":"pt_PT","og_type":"article","og_title":"Contacte-nos | contacte-nos e esclare\u00e7a as suas quest\u00f5es","og_description":"Para quest\u00f5es ou mais informa\u00e7\u00f5es sobre os nossos servi\u00e7os contacte a nossa atenta equipa de apoio ao cliente, preencha o formul\u00e1rio ou ligue 800 104 480","og_url":"https:\/\/staging.futurehealthbiobank.com\/pt\/contacte-nos\/","og_site_name":"Future Health Biobank Portugal","article_modified_time":"2022-12-06T14:25:51+00:00","twitter_card":"summary_large_image","schema":{"@context":"https:\/\/schema.org","@graph":[{"@type":"WebPage","@id":"https:\/\/staging.futurehealthbiobank.com\/pt\/contacte-nos\/","url":"https:\/\/staging.futurehealthbiobank.com\/pt\/contacte-nos\/","name":"Contacte-nos | contacte-nos e esclare\u00e7a as suas quest\u00f5es","isPartOf":{"@id":"https:\/\/staging.futurehealthbiobank.com\/pt\/#website"},"datePublished":"2016-05-10T10:37:17+00:00","dateModified":"2022-12-06T14:25:51+00:00","description":"Para quest\u00f5es ou mais informa\u00e7\u00f5es sobre os nossos servi\u00e7os contacte a nossa atenta equipa de apoio ao cliente, preencha o formul\u00e1rio ou ligue 800 104 480","inLanguage":"pt-PT","potentialAction":[{"@type":"ReadAction","target":["https:\/\/staging.futurehealthbiobank.com\/pt\/contacte-nos\/"]}]},{"@type":"WebSite","@id":"https:\/\/staging.futurehealthbiobank.com\/pt\/#website","url":"https:\/\/staging.futurehealthbiobank.com\/pt\/","name":"Future Health Biobank Portugal","description":"","potentialAction":[{"@type":"SearchAction","target":{"@type":"EntryPoint","urlTemplate":"https:\/\/staging.futurehealthbiobank.com\/pt\/?s={search_term_string}"},"query-input":{"@type":"PropertyValueSpecification","valueRequired":true,"valueName":"search_term_string"}}],"inLanguage":"pt-PT"}]}},"_links":{"self":[{"href":"https:\/\/staging.futurehealthbiobank.com\/pt\/wp-json\/wp\/v2\/pages\/891","targetHints":{"allow":["GET"]}}],"collection":[{"href":"https:\/\/staging.futurehealthbiobank.com\/pt\/wp-json\/wp\/v2\/pages"}],"about":[{"href":"https:\/\/staging.futurehealthbiobank.com\/pt\/wp-json\/wp\/v2\/types\/page"}],"author":[{"embeddable":true,"href":"https:\/\/staging.futurehealthbiobank.com\/pt\/wp-json\/wp\/v2\/users\/25"}],"replies":[{"embeddable":true,"href":"https:\/\/staging.futurehealthbiobank.com\/pt\/wp-json\/wp\/v2\/comments?post=891"}],"version-history":[{"count":0,"href":"https:\/\/staging.futurehealthbiobank.com\/pt\/wp-json\/wp\/v2\/pages\/891\/revisions"}],"wp:attachment":[{"href":"https:\/\/staging.futurehealthbiobank.com\/pt\/wp-json\/wp\/v2\/media?parent=891"}],"curies":[{"name":"wp","href":"https:\/\/api.w.org\/{rel}","templated":true}]}}