

{"id":1010,"date":"2016-09-07T12:43:57","date_gmt":"2016-09-07T10:43:57","guid":{"rendered":"https:\/\/staging.futurehealthbiobank.com\/rs\/?page_id=1010"},"modified":"2016-10-18T15:44:10","modified_gmt":"2016-10-18T13:44:10","slug":"da-li-postoji-poseban-popust-za-viseplodne-trudnoce","status":"publish","type":"page","link":"https:\/\/staging.futurehealthbiobank.com\/rs\/panel-za-pruzanje-saveta-o-cuvanju-maticnih-celija\/da-li-postoji-poseban-popust-za-viseplodne-trudnoce\/","title":{"rendered":"Da li postoji poseban popust za vi\u0161eplodne trudno\u0107e?"},"content":{"rendered":"","protected":false},"excerpt":{"rendered":"","protected":false},"author":25,"featured_media":0,"parent":610,"menu_order":0,"comment_status":"closed","ping_status":"closed","template":"page-page_template.php","meta":{"_acf_changed":false,"footnotes":""},"class_list":["post-1010","page","type-page","status-publish","hentry"],"acf":[],"yoast_head":"<!-- This site is optimized with the Yoast SEO plugin v26.7 - https:\/\/yoast.com\/wordpress\/plugins\/seo\/ -->\n<title>Panel za pru\u017eanje saveta | popust bizanci<\/title>\n<meta name=\"description\" content=\"Future Health Biobank-a ima u svojoj ponudi specijalne popuste ukoliko o\u010dekujete blizance ili trojke\" \/>\n<meta name=\"robots\" content=\"noindex, follow, max-snippet:-1, max-image-preview:large, max-video-preview:-1\" \/>\n<meta property=\"og:locale\" content=\"sr_RS\" \/>\n<meta property=\"og:type\" content=\"article\" \/>\n<meta property=\"og:title\" content=\"Panel za pru\u017eanje saveta | popust bizanci\" \/>\n<meta property=\"og:description\" content=\"Future Health Biobank-a ima u svojoj ponudi specijalne popuste ukoliko o\u010dekujete blizance ili trojke\" \/>\n<meta property=\"og:url\" content=\"https:\/\/staging.futurehealthbiobank.com\/rs\/panel-za-pruzanje-saveta-o-cuvanju-maticnih-celija\/da-li-postoji-poseban-popust-za-viseplodne-trudnoce\/\" \/>\n<meta property=\"og:site_name\" content=\"Future Health Biobank Serbia\" \/>\n<meta property=\"article:modified_time\" content=\"2016-10-18T13:44:10+00:00\" \/>\n<meta name=\"twitter:card\" content=\"summary_large_image\" \/>\n<script type=\"application\/ld+json\" class=\"yoast-schema-graph\">{\"@context\":\"https:\/\/schema.org\",\"@graph\":[{\"@type\":\"WebPage\",\"@id\":\"https:\/\/staging.futurehealthbiobank.com\/rs\/panel-za-pruzanje-saveta-o-cuvanju-maticnih-celija\/da-li-postoji-poseban-popust-za-viseplodne-trudnoce\/\",\"url\":\"https:\/\/staging.futurehealthbiobank.com\/rs\/panel-za-pruzanje-saveta-o-cuvanju-maticnih-celija\/da-li-postoji-poseban-popust-za-viseplodne-trudnoce\/\",\"name\":\"Panel za pru\u017eanje saveta | popust bizanci\",\"isPartOf\":{\"@id\":\"https:\/\/staging.futurehealthbiobank.com\/rs\/#website\"},\"datePublished\":\"2016-09-07T10:43:57+00:00\",\"dateModified\":\"2016-10-18T13:44:10+00:00\",\"description\":\"Future Health Biobank-a ima u svojoj ponudi specijalne popuste ukoliko o\u010dekujete blizance ili trojke\",\"breadcrumb\":{\"@id\":\"https:\/\/staging.futurehealthbiobank.com\/rs\/panel-za-pruzanje-saveta-o-cuvanju-maticnih-celija\/da-li-postoji-poseban-popust-za-viseplodne-trudnoce\/#breadcrumb\"},\"inLanguage\":\"sr-RS\",\"potentialAction\":[{\"@type\":\"ReadAction\",\"target\":[\"https:\/\/staging.futurehealthbiobank.com\/rs\/panel-za-pruzanje-saveta-o-cuvanju-maticnih-celija\/da-li-postoji-poseban-popust-za-viseplodne-trudnoce\/\"]}]},{\"@type\":\"BreadcrumbList\",\"@id\":\"https:\/\/staging.futurehealthbiobank.com\/rs\/panel-za-pruzanje-saveta-o-cuvanju-maticnih-celija\/da-li-postoji-poseban-popust-za-viseplodne-trudnoce\/#breadcrumb\",\"itemListElement\":[{\"@type\":\"ListItem\",\"position\":1,\"name\":\"Panel za pru\u017eanje saveta o \u010duvanju mati\u010dnih \u0107elija\",\"item\":\"https:\/\/staging.futurehealthbiobank.com\/rs\/panel-za-pruzanje-saveta-o-cuvanju-maticnih-celija\/\"},{\"@type\":\"ListItem\",\"position\":2,\"name\":\"Da li postoji poseban popust za vi\u0161eplodne trudno\u0107e?\"}]},{\"@type\":\"WebSite\",\"@id\":\"https:\/\/staging.futurehealthbiobank.com\/rs\/#website\",\"url\":\"https:\/\/staging.futurehealthbiobank.com\/rs\/\",\"name\":\"Future Health Biobank Serbia\",\"description\":\"\",\"potentialAction\":[{\"@type\":\"SearchAction\",\"target\":{\"@type\":\"EntryPoint\",\"urlTemplate\":\"https:\/\/staging.futurehealthbiobank.com\/rs\/?s={search_term_string}\"},\"query-input\":{\"@type\":\"PropertyValueSpecification\",\"valueRequired\":true,\"valueName\":\"search_term_string\"}}],\"inLanguage\":\"sr-RS\"}]}<\/script>\n<!-- \/ Yoast SEO plugin. -->","yoast_head_json":{"title":"Panel za pru\u017eanje saveta | popust bizanci","description":"Future Health Biobank-a ima u svojoj ponudi specijalne popuste ukoliko o\u010dekujete blizance ili trojke","robots":{"index":"noindex","follow":"follow","max-snippet":"max-snippet:-1","max-image-preview":"max-image-preview:large","max-video-preview":"max-video-preview:-1"},"og_locale":"sr_RS","og_type":"article","og_title":"Panel za pru\u017eanje saveta | popust bizanci","og_description":"Future Health Biobank-a ima u svojoj ponudi specijalne popuste ukoliko o\u010dekujete blizance ili trojke","og_url":"https:\/\/staging.futurehealthbiobank.com\/rs\/panel-za-pruzanje-saveta-o-cuvanju-maticnih-celija\/da-li-postoji-poseban-popust-za-viseplodne-trudnoce\/","og_site_name":"Future Health Biobank Serbia","article_modified_time":"2016-10-18T13:44:10+00:00","twitter_card":"summary_large_image","schema":{"@context":"https:\/\/schema.org","@graph":[{"@type":"WebPage","@id":"https:\/\/staging.futurehealthbiobank.com\/rs\/panel-za-pruzanje-saveta-o-cuvanju-maticnih-celija\/da-li-postoji-poseban-popust-za-viseplodne-trudnoce\/","url":"https:\/\/staging.futurehealthbiobank.com\/rs\/panel-za-pruzanje-saveta-o-cuvanju-maticnih-celija\/da-li-postoji-poseban-popust-za-viseplodne-trudnoce\/","name":"Panel za pru\u017eanje saveta | popust bizanci","isPartOf":{"@id":"https:\/\/staging.futurehealthbiobank.com\/rs\/#website"},"datePublished":"2016-09-07T10:43:57+00:00","dateModified":"2016-10-18T13:44:10+00:00","description":"Future Health Biobank-a ima u svojoj ponudi specijalne popuste ukoliko o\u010dekujete blizance ili trojke","breadcrumb":{"@id":"https:\/\/staging.futurehealthbiobank.com\/rs\/panel-za-pruzanje-saveta-o-cuvanju-maticnih-celija\/da-li-postoji-poseban-popust-za-viseplodne-trudnoce\/#breadcrumb"},"inLanguage":"sr-RS","potentialAction":[{"@type":"ReadAction","target":["https:\/\/staging.futurehealthbiobank.com\/rs\/panel-za-pruzanje-saveta-o-cuvanju-maticnih-celija\/da-li-postoji-poseban-popust-za-viseplodne-trudnoce\/"]}]},{"@type":"BreadcrumbList","@id":"https:\/\/staging.futurehealthbiobank.com\/rs\/panel-za-pruzanje-saveta-o-cuvanju-maticnih-celija\/da-li-postoji-poseban-popust-za-viseplodne-trudnoce\/#breadcrumb","itemListElement":[{"@type":"ListItem","position":1,"name":"Panel za pru\u017eanje saveta o \u010duvanju mati\u010dnih \u0107elija","item":"https:\/\/staging.futurehealthbiobank.com\/rs\/panel-za-pruzanje-saveta-o-cuvanju-maticnih-celija\/"},{"@type":"ListItem","position":2,"name":"Da li postoji poseban popust za vi\u0161eplodne trudno\u0107e?"}]},{"@type":"WebSite","@id":"https:\/\/staging.futurehealthbiobank.com\/rs\/#website","url":"https:\/\/staging.futurehealthbiobank.com\/rs\/","name":"Future Health Biobank Serbia","description":"","potentialAction":[{"@type":"SearchAction","target":{"@type":"EntryPoint","urlTemplate":"https:\/\/staging.futurehealthbiobank.com\/rs\/?s={search_term_string}"},"query-input":{"@type":"PropertyValueSpecification","valueRequired":true,"valueName":"search_term_string"}}],"inLanguage":"sr-RS"}]}},"_links":{"self":[{"href":"https:\/\/staging.futurehealthbiobank.com\/rs\/wp-json\/wp\/v2\/pages\/1010","targetHints":{"allow":["GET"]}}],"collection":[{"href":"https:\/\/staging.futurehealthbiobank.com\/rs\/wp-json\/wp\/v2\/pages"}],"about":[{"href":"https:\/\/staging.futurehealthbiobank.com\/rs\/wp-json\/wp\/v2\/types\/page"}],"author":[{"embeddable":true,"href":"https:\/\/staging.futurehealthbiobank.com\/rs\/wp-json\/wp\/v2\/users\/25"}],"replies":[{"embeddable":true,"href":"https:\/\/staging.futurehealthbiobank.com\/rs\/wp-json\/wp\/v2\/comments?post=1010"}],"version-history":[{"count":0,"href":"https:\/\/staging.futurehealthbiobank.com\/rs\/wp-json\/wp\/v2\/pages\/1010\/revisions"}],"up":[{"embeddable":true,"href":"https:\/\/staging.futurehealthbiobank.com\/rs\/wp-json\/wp\/v2\/pages\/610"}],"wp:attachment":[{"href":"https:\/\/staging.futurehealthbiobank.com\/rs\/wp-json\/wp\/v2\/media?parent=1010"}],"curies":[{"name":"wp","href":"https:\/\/api.w.org\/{rel}","templated":true}]}}