

{"id":1019,"date":"2016-09-07T13:35:05","date_gmt":"2016-09-07T11:35:05","guid":{"rendered":"https:\/\/staging.futurehealthbiobank.com\/rs\/?page_id=1019"},"modified":"2016-10-18T15:50:40","modified_gmt":"2016-10-18T13:50:40","slug":"sta-se-desava-ukoliko-se-odselimo-u-drugu-zemlju","status":"publish","type":"page","link":"https:\/\/staging.futurehealthbiobank.com\/rs\/panel-za-pruzanje-saveta-o-cuvanju-maticnih-celija\/sta-se-desava-ukoliko-se-odselimo-u-drugu-zemlju\/","title":{"rendered":"\u0160ta se de\u0161ava ukoliko se odselimo u drugu zemlju?"},"content":{"rendered":"","protected":false},"excerpt":{"rendered":"","protected":false},"author":25,"featured_media":0,"parent":610,"menu_order":0,"comment_status":"closed","ping_status":"closed","template":"page-page_template.php","meta":{"_acf_changed":false,"footnotes":""},"class_list":["post-1019","page","type-page","status-publish","hentry"],"acf":[],"yoast_head":"<!-- This site is optimized with the Yoast SEO plugin v26.7 - https:\/\/yoast.com\/wordpress\/plugins\/seo\/ -->\n<title>Panel za pru\u017eanje saveta | promena mesta prebivali\u0161ta<\/title>\n<meta name=\"description\" content=\"Gde god \u017eiveli u svetu, Va\u0161i uzorci \u0107e biti bezbedni u Velikoj Britaniji ili \u0160vajcarskoj\" \/>\n<meta name=\"robots\" content=\"noindex, follow, max-snippet:-1, max-image-preview:large, max-video-preview:-1\" \/>\n<meta property=\"og:locale\" content=\"sr_RS\" \/>\n<meta property=\"og:type\" content=\"article\" \/>\n<meta property=\"og:title\" content=\"Panel za pru\u017eanje saveta | promena mesta prebivali\u0161ta\" \/>\n<meta property=\"og:description\" content=\"Gde god \u017eiveli u svetu, Va\u0161i uzorci \u0107e biti bezbedni u Velikoj Britaniji ili \u0160vajcarskoj\" \/>\n<meta property=\"og:url\" content=\"https:\/\/staging.futurehealthbiobank.com\/rs\/panel-za-pruzanje-saveta-o-cuvanju-maticnih-celija\/sta-se-desava-ukoliko-se-odselimo-u-drugu-zemlju\/\" \/>\n<meta property=\"og:site_name\" content=\"Future Health Biobank Serbia\" \/>\n<meta property=\"article:modified_time\" content=\"2016-10-18T13:50:40+00:00\" \/>\n<meta name=\"twitter:card\" content=\"summary_large_image\" \/>\n<script type=\"application\/ld+json\" class=\"yoast-schema-graph\">{\"@context\":\"https:\/\/schema.org\",\"@graph\":[{\"@type\":\"WebPage\",\"@id\":\"https:\/\/staging.futurehealthbiobank.com\/rs\/panel-za-pruzanje-saveta-o-cuvanju-maticnih-celija\/sta-se-desava-ukoliko-se-odselimo-u-drugu-zemlju\/\",\"url\":\"https:\/\/staging.futurehealthbiobank.com\/rs\/panel-za-pruzanje-saveta-o-cuvanju-maticnih-celija\/sta-se-desava-ukoliko-se-odselimo-u-drugu-zemlju\/\",\"name\":\"Panel za pru\u017eanje saveta | promena mesta prebivali\u0161ta\",\"isPartOf\":{\"@id\":\"https:\/\/staging.futurehealthbiobank.com\/rs\/#website\"},\"datePublished\":\"2016-09-07T11:35:05+00:00\",\"dateModified\":\"2016-10-18T13:50:40+00:00\",\"description\":\"Gde god \u017eiveli u svetu, Va\u0161i uzorci \u0107e biti bezbedni u Velikoj Britaniji ili \u0160vajcarskoj\",\"breadcrumb\":{\"@id\":\"https:\/\/staging.futurehealthbiobank.com\/rs\/panel-za-pruzanje-saveta-o-cuvanju-maticnih-celija\/sta-se-desava-ukoliko-se-odselimo-u-drugu-zemlju\/#breadcrumb\"},\"inLanguage\":\"sr-RS\",\"potentialAction\":[{\"@type\":\"ReadAction\",\"target\":[\"https:\/\/staging.futurehealthbiobank.com\/rs\/panel-za-pruzanje-saveta-o-cuvanju-maticnih-celija\/sta-se-desava-ukoliko-se-odselimo-u-drugu-zemlju\/\"]}]},{\"@type\":\"BreadcrumbList\",\"@id\":\"https:\/\/staging.futurehealthbiobank.com\/rs\/panel-za-pruzanje-saveta-o-cuvanju-maticnih-celija\/sta-se-desava-ukoliko-se-odselimo-u-drugu-zemlju\/#breadcrumb\",\"itemListElement\":[{\"@type\":\"ListItem\",\"position\":1,\"name\":\"Panel za pru\u017eanje saveta o \u010duvanju mati\u010dnih \u0107elija\",\"item\":\"https:\/\/staging.futurehealthbiobank.com\/rs\/panel-za-pruzanje-saveta-o-cuvanju-maticnih-celija\/\"},{\"@type\":\"ListItem\",\"position\":2,\"name\":\"\u0160ta se de\u0161ava ukoliko se odselimo u drugu zemlju?\"}]},{\"@type\":\"WebSite\",\"@id\":\"https:\/\/staging.futurehealthbiobank.com\/rs\/#website\",\"url\":\"https:\/\/staging.futurehealthbiobank.com\/rs\/\",\"name\":\"Future Health Biobank Serbia\",\"description\":\"\",\"potentialAction\":[{\"@type\":\"SearchAction\",\"target\":{\"@type\":\"EntryPoint\",\"urlTemplate\":\"https:\/\/staging.futurehealthbiobank.com\/rs\/?s={search_term_string}\"},\"query-input\":{\"@type\":\"PropertyValueSpecification\",\"valueRequired\":true,\"valueName\":\"search_term_string\"}}],\"inLanguage\":\"sr-RS\"}]}<\/script>\n<!-- \/ Yoast SEO plugin. -->","yoast_head_json":{"title":"Panel za pru\u017eanje saveta | promena mesta prebivali\u0161ta","description":"Gde god \u017eiveli u svetu, Va\u0161i uzorci \u0107e biti bezbedni u Velikoj Britaniji ili \u0160vajcarskoj","robots":{"index":"noindex","follow":"follow","max-snippet":"max-snippet:-1","max-image-preview":"max-image-preview:large","max-video-preview":"max-video-preview:-1"},"og_locale":"sr_RS","og_type":"article","og_title":"Panel za pru\u017eanje saveta | promena mesta prebivali\u0161ta","og_description":"Gde god \u017eiveli u svetu, Va\u0161i uzorci \u0107e biti bezbedni u Velikoj Britaniji ili \u0160vajcarskoj","og_url":"https:\/\/staging.futurehealthbiobank.com\/rs\/panel-za-pruzanje-saveta-o-cuvanju-maticnih-celija\/sta-se-desava-ukoliko-se-odselimo-u-drugu-zemlju\/","og_site_name":"Future Health Biobank Serbia","article_modified_time":"2016-10-18T13:50:40+00:00","twitter_card":"summary_large_image","schema":{"@context":"https:\/\/schema.org","@graph":[{"@type":"WebPage","@id":"https:\/\/staging.futurehealthbiobank.com\/rs\/panel-za-pruzanje-saveta-o-cuvanju-maticnih-celija\/sta-se-desava-ukoliko-se-odselimo-u-drugu-zemlju\/","url":"https:\/\/staging.futurehealthbiobank.com\/rs\/panel-za-pruzanje-saveta-o-cuvanju-maticnih-celija\/sta-se-desava-ukoliko-se-odselimo-u-drugu-zemlju\/","name":"Panel za pru\u017eanje saveta | promena mesta prebivali\u0161ta","isPartOf":{"@id":"https:\/\/staging.futurehealthbiobank.com\/rs\/#website"},"datePublished":"2016-09-07T11:35:05+00:00","dateModified":"2016-10-18T13:50:40+00:00","description":"Gde god \u017eiveli u svetu, Va\u0161i uzorci \u0107e biti bezbedni u Velikoj Britaniji ili \u0160vajcarskoj","breadcrumb":{"@id":"https:\/\/staging.futurehealthbiobank.com\/rs\/panel-za-pruzanje-saveta-o-cuvanju-maticnih-celija\/sta-se-desava-ukoliko-se-odselimo-u-drugu-zemlju\/#breadcrumb"},"inLanguage":"sr-RS","potentialAction":[{"@type":"ReadAction","target":["https:\/\/staging.futurehealthbiobank.com\/rs\/panel-za-pruzanje-saveta-o-cuvanju-maticnih-celija\/sta-se-desava-ukoliko-se-odselimo-u-drugu-zemlju\/"]}]},{"@type":"BreadcrumbList","@id":"https:\/\/staging.futurehealthbiobank.com\/rs\/panel-za-pruzanje-saveta-o-cuvanju-maticnih-celija\/sta-se-desava-ukoliko-se-odselimo-u-drugu-zemlju\/#breadcrumb","itemListElement":[{"@type":"ListItem","position":1,"name":"Panel za pru\u017eanje saveta o \u010duvanju mati\u010dnih \u0107elija","item":"https:\/\/staging.futurehealthbiobank.com\/rs\/panel-za-pruzanje-saveta-o-cuvanju-maticnih-celija\/"},{"@type":"ListItem","position":2,"name":"\u0160ta se de\u0161ava ukoliko se odselimo u drugu zemlju?"}]},{"@type":"WebSite","@id":"https:\/\/staging.futurehealthbiobank.com\/rs\/#website","url":"https:\/\/staging.futurehealthbiobank.com\/rs\/","name":"Future Health Biobank Serbia","description":"","potentialAction":[{"@type":"SearchAction","target":{"@type":"EntryPoint","urlTemplate":"https:\/\/staging.futurehealthbiobank.com\/rs\/?s={search_term_string}"},"query-input":{"@type":"PropertyValueSpecification","valueRequired":true,"valueName":"search_term_string"}}],"inLanguage":"sr-RS"}]}},"_links":{"self":[{"href":"https:\/\/staging.futurehealthbiobank.com\/rs\/wp-json\/wp\/v2\/pages\/1019","targetHints":{"allow":["GET"]}}],"collection":[{"href":"https:\/\/staging.futurehealthbiobank.com\/rs\/wp-json\/wp\/v2\/pages"}],"about":[{"href":"https:\/\/staging.futurehealthbiobank.com\/rs\/wp-json\/wp\/v2\/types\/page"}],"author":[{"embeddable":true,"href":"https:\/\/staging.futurehealthbiobank.com\/rs\/wp-json\/wp\/v2\/users\/25"}],"replies":[{"embeddable":true,"href":"https:\/\/staging.futurehealthbiobank.com\/rs\/wp-json\/wp\/v2\/comments?post=1019"}],"version-history":[{"count":0,"href":"https:\/\/staging.futurehealthbiobank.com\/rs\/wp-json\/wp\/v2\/pages\/1019\/revisions"}],"up":[{"embeddable":true,"href":"https:\/\/staging.futurehealthbiobank.com\/rs\/wp-json\/wp\/v2\/pages\/610"}],"wp:attachment":[{"href":"https:\/\/staging.futurehealthbiobank.com\/rs\/wp-json\/wp\/v2\/media?parent=1019"}],"curies":[{"name":"wp","href":"https:\/\/api.w.org\/{rel}","templated":true}]}}