

{"id":506,"date":"2016-06-21T15:17:47","date_gmt":"2016-06-21T14:17:47","guid":{"rendered":"https:\/\/staging.futurehealthbiobank.com\/rs\/?page_id=506"},"modified":"2016-10-18T15:22:41","modified_gmt":"2016-10-18T13:22:41","slug":"proces-prikupljanja-zubne-pulpe","status":"publish","type":"page","link":"https:\/\/staging.futurehealthbiobank.com\/rs\/cuvanje-maticnih-celija\/cuvanje-iz-zubne-pulpe\/proces-prikupljanja-zubne-pulpe\/","title":{"rendered":"Proces prikupljanja zubne pulpe"},"content":{"rendered":"","protected":false},"excerpt":{"rendered":"","protected":false},"author":25,"featured_media":0,"parent":503,"menu_order":0,"comment_status":"closed","ping_status":"closed","template":"page-page_template.php","meta":{"_acf_changed":false,"footnotes":""},"class_list":["post-506","page","type-page","status-publish","hentry"],"acf":[],"yoast_head":"<!-- This site is optimized with the Yoast SEO plugin v26.7 - https:\/\/yoast.com\/wordpress\/plugins\/seo\/ -->\n<title>Proces prikupljanja zubne pulpe | Future Health Biobank<\/title>\n<meta name=\"description\" content=\"Korak 1 Korak 2 Korak 3 Korak 4 Korak 5 Korak 6 Korak 7\" \/>\n<meta name=\"robots\" content=\"noindex, follow, max-snippet:-1, max-image-preview:large, max-video-preview:-1\" \/>\n<meta property=\"og:locale\" content=\"sr_RS\" \/>\n<meta property=\"og:type\" content=\"article\" \/>\n<meta property=\"og:title\" content=\"Proces prikupljanja zubne pulpe | Future Health Biobank\" \/>\n<meta property=\"og:description\" content=\"Korak 1 Korak 2 Korak 3 Korak 4 Korak 5 Korak 6 Korak 7\" \/>\n<meta property=\"og:url\" content=\"https:\/\/staging.futurehealthbiobank.com\/rs\/cuvanje-maticnih-celija\/cuvanje-iz-zubne-pulpe\/proces-prikupljanja-zubne-pulpe\/\" \/>\n<meta property=\"og:site_name\" content=\"Future Health Biobank Serbia\" \/>\n<meta property=\"article:modified_time\" content=\"2016-10-18T13:22:41+00:00\" \/>\n<meta name=\"twitter:card\" content=\"summary_large_image\" \/>\n<script type=\"application\/ld+json\" class=\"yoast-schema-graph\">{\"@context\":\"https:\/\/schema.org\",\"@graph\":[{\"@type\":\"WebPage\",\"@id\":\"https:\/\/staging.futurehealthbiobank.com\/rs\/cuvanje-maticnih-celija\/cuvanje-iz-zubne-pulpe\/proces-prikupljanja-zubne-pulpe\/\",\"url\":\"https:\/\/staging.futurehealthbiobank.com\/rs\/cuvanje-maticnih-celija\/cuvanje-iz-zubne-pulpe\/proces-prikupljanja-zubne-pulpe\/\",\"name\":\"Proces prikupljanja zubne pulpe | Future Health Biobank\",\"isPartOf\":{\"@id\":\"https:\/\/staging.futurehealthbiobank.com\/rs\/#website\"},\"datePublished\":\"2016-06-21T14:17:47+00:00\",\"dateModified\":\"2016-10-18T13:22:41+00:00\",\"description\":\"Korak 1 Korak 2 Korak 3 Korak 4 Korak 5 Korak 6 Korak 7\",\"breadcrumb\":{\"@id\":\"https:\/\/staging.futurehealthbiobank.com\/rs\/cuvanje-maticnih-celija\/cuvanje-iz-zubne-pulpe\/proces-prikupljanja-zubne-pulpe\/#breadcrumb\"},\"inLanguage\":\"sr-RS\",\"potentialAction\":[{\"@type\":\"ReadAction\",\"target\":[\"https:\/\/staging.futurehealthbiobank.com\/rs\/cuvanje-maticnih-celija\/cuvanje-iz-zubne-pulpe\/proces-prikupljanja-zubne-pulpe\/\"]}]},{\"@type\":\"BreadcrumbList\",\"@id\":\"https:\/\/staging.futurehealthbiobank.com\/rs\/cuvanje-maticnih-celija\/cuvanje-iz-zubne-pulpe\/proces-prikupljanja-zubne-pulpe\/#breadcrumb\",\"itemListElement\":[{\"@type\":\"ListItem\",\"position\":1,\"name\":\"\u010cuvanje mati\u010dnih \u0107elija-nase\",\"item\":\"https:\/\/staging.futurehealthbiobank.com\/rs\/cuvanje-maticnih-celija\/\"},{\"@type\":\"ListItem\",\"position\":2,\"name\":\"\u010cuvanje iz zubne pulpe\",\"item\":\"https:\/\/staging.futurehealthbiobank.com\/rs\/cuvanje-maticnih-celija\/cuvanje-iz-zubne-pulpe\/\"},{\"@type\":\"ListItem\",\"position\":3,\"name\":\"Proces prikupljanja zubne pulpe\"}]},{\"@type\":\"WebSite\",\"@id\":\"https:\/\/staging.futurehealthbiobank.com\/rs\/#website\",\"url\":\"https:\/\/staging.futurehealthbiobank.com\/rs\/\",\"name\":\"Future Health Biobank Serbia\",\"description\":\"\",\"potentialAction\":[{\"@type\":\"SearchAction\",\"target\":{\"@type\":\"EntryPoint\",\"urlTemplate\":\"https:\/\/staging.futurehealthbiobank.com\/rs\/?s={search_term_string}\"},\"query-input\":{\"@type\":\"PropertyValueSpecification\",\"valueRequired\":true,\"valueName\":\"search_term_string\"}}],\"inLanguage\":\"sr-RS\"}]}<\/script>\n<!-- \/ Yoast SEO plugin. -->","yoast_head_json":{"title":"Proces prikupljanja zubne pulpe | Future Health Biobank","description":"Korak 1 Korak 2 Korak 3 Korak 4 Korak 5 Korak 6 Korak 7","robots":{"index":"noindex","follow":"follow","max-snippet":"max-snippet:-1","max-image-preview":"max-image-preview:large","max-video-preview":"max-video-preview:-1"},"og_locale":"sr_RS","og_type":"article","og_title":"Proces prikupljanja zubne pulpe | Future Health Biobank","og_description":"Korak 1 Korak 2 Korak 3 Korak 4 Korak 5 Korak 6 Korak 7","og_url":"https:\/\/staging.futurehealthbiobank.com\/rs\/cuvanje-maticnih-celija\/cuvanje-iz-zubne-pulpe\/proces-prikupljanja-zubne-pulpe\/","og_site_name":"Future Health Biobank Serbia","article_modified_time":"2016-10-18T13:22:41+00:00","twitter_card":"summary_large_image","schema":{"@context":"https:\/\/schema.org","@graph":[{"@type":"WebPage","@id":"https:\/\/staging.futurehealthbiobank.com\/rs\/cuvanje-maticnih-celija\/cuvanje-iz-zubne-pulpe\/proces-prikupljanja-zubne-pulpe\/","url":"https:\/\/staging.futurehealthbiobank.com\/rs\/cuvanje-maticnih-celija\/cuvanje-iz-zubne-pulpe\/proces-prikupljanja-zubne-pulpe\/","name":"Proces prikupljanja zubne pulpe | Future Health Biobank","isPartOf":{"@id":"https:\/\/staging.futurehealthbiobank.com\/rs\/#website"},"datePublished":"2016-06-21T14:17:47+00:00","dateModified":"2016-10-18T13:22:41+00:00","description":"Korak 1 Korak 2 Korak 3 Korak 4 Korak 5 Korak 6 Korak 7","breadcrumb":{"@id":"https:\/\/staging.futurehealthbiobank.com\/rs\/cuvanje-maticnih-celija\/cuvanje-iz-zubne-pulpe\/proces-prikupljanja-zubne-pulpe\/#breadcrumb"},"inLanguage":"sr-RS","potentialAction":[{"@type":"ReadAction","target":["https:\/\/staging.futurehealthbiobank.com\/rs\/cuvanje-maticnih-celija\/cuvanje-iz-zubne-pulpe\/proces-prikupljanja-zubne-pulpe\/"]}]},{"@type":"BreadcrumbList","@id":"https:\/\/staging.futurehealthbiobank.com\/rs\/cuvanje-maticnih-celija\/cuvanje-iz-zubne-pulpe\/proces-prikupljanja-zubne-pulpe\/#breadcrumb","itemListElement":[{"@type":"ListItem","position":1,"name":"\u010cuvanje mati\u010dnih \u0107elija-nase","item":"https:\/\/staging.futurehealthbiobank.com\/rs\/cuvanje-maticnih-celija\/"},{"@type":"ListItem","position":2,"name":"\u010cuvanje iz zubne pulpe","item":"https:\/\/staging.futurehealthbiobank.com\/rs\/cuvanje-maticnih-celija\/cuvanje-iz-zubne-pulpe\/"},{"@type":"ListItem","position":3,"name":"Proces prikupljanja zubne pulpe"}]},{"@type":"WebSite","@id":"https:\/\/staging.futurehealthbiobank.com\/rs\/#website","url":"https:\/\/staging.futurehealthbiobank.com\/rs\/","name":"Future Health Biobank Serbia","description":"","potentialAction":[{"@type":"SearchAction","target":{"@type":"EntryPoint","urlTemplate":"https:\/\/staging.futurehealthbiobank.com\/rs\/?s={search_term_string}"},"query-input":{"@type":"PropertyValueSpecification","valueRequired":true,"valueName":"search_term_string"}}],"inLanguage":"sr-RS"}]}},"_links":{"self":[{"href":"https:\/\/staging.futurehealthbiobank.com\/rs\/wp-json\/wp\/v2\/pages\/506","targetHints":{"allow":["GET"]}}],"collection":[{"href":"https:\/\/staging.futurehealthbiobank.com\/rs\/wp-json\/wp\/v2\/pages"}],"about":[{"href":"https:\/\/staging.futurehealthbiobank.com\/rs\/wp-json\/wp\/v2\/types\/page"}],"author":[{"embeddable":true,"href":"https:\/\/staging.futurehealthbiobank.com\/rs\/wp-json\/wp\/v2\/users\/25"}],"replies":[{"embeddable":true,"href":"https:\/\/staging.futurehealthbiobank.com\/rs\/wp-json\/wp\/v2\/comments?post=506"}],"version-history":[{"count":0,"href":"https:\/\/staging.futurehealthbiobank.com\/rs\/wp-json\/wp\/v2\/pages\/506\/revisions"}],"up":[{"embeddable":true,"href":"https:\/\/staging.futurehealthbiobank.com\/rs\/wp-json\/wp\/v2\/pages\/503"}],"wp:attachment":[{"href":"https:\/\/staging.futurehealthbiobank.com\/rs\/wp-json\/wp\/v2\/media?parent=506"}],"curies":[{"name":"wp","href":"https:\/\/api.w.org\/{rel}","templated":true}]}}