

{"id":616,"date":"2016-06-22T14:11:07","date_gmt":"2016-06-22T13:11:07","guid":{"rendered":"https:\/\/staging.futurehealthbiobank.com\/rs\/?page_id=616"},"modified":"2016-10-18T15:53:02","modified_gmt":"2016-10-18T13:53:02","slug":"korak-blize-lecenju-cerebralne-paralize-maticnim-celija-pupcanika","status":"publish","type":"page","link":"https:\/\/staging.futurehealthbiobank.com\/rs\/panel-za-pruzanje-saveta-o-cuvanju-maticnih-celija\/korak-blize-lecenju-cerebralne-paralize-maticnim-celija-pupcanika\/","title":{"rendered":"Korak bli\u017ee le\u010denju cerebralne paralize mati\u010dnim \u0107elija pup\u010danika"},"content":{"rendered":"","protected":false},"excerpt":{"rendered":"","protected":false},"author":25,"featured_media":0,"parent":610,"menu_order":0,"comment_status":"closed","ping_status":"closed","template":"page-page_template.php","meta":{"_acf_changed":false,"footnotes":""},"class_list":["post-616","page","type-page","status-publish","hentry"],"acf":[],"yoast_head":"<!-- This site is optimized with the Yoast SEO plugin v26.7 - https:\/\/yoast.com\/wordpress\/plugins\/seo\/ -->\n<title>Panel za pru\u017eanje saveta | cerebralna paraliza<\/title>\n<meta name=\"description\" content=\"Jedan od najuzbudljivijih projekata na podru\u010dju klini\u010dkog ispitivanja je upotreba mati\u010dnih \u0107elija u le\u010denju cerebralne paralize.\" \/>\n<meta name=\"robots\" content=\"noindex, follow, max-snippet:-1, max-image-preview:large, max-video-preview:-1\" \/>\n<meta property=\"og:locale\" content=\"sr_RS\" \/>\n<meta property=\"og:type\" content=\"article\" \/>\n<meta property=\"og:title\" content=\"Panel za pru\u017eanje saveta | cerebralna paraliza\" \/>\n<meta property=\"og:description\" content=\"Jedan od najuzbudljivijih projekata na podru\u010dju klini\u010dkog ispitivanja je upotreba mati\u010dnih \u0107elija u le\u010denju cerebralne paralize.\" \/>\n<meta property=\"og:url\" content=\"https:\/\/staging.futurehealthbiobank.com\/rs\/panel-za-pruzanje-saveta-o-cuvanju-maticnih-celija\/korak-blize-lecenju-cerebralne-paralize-maticnim-celija-pupcanika\/\" \/>\n<meta property=\"og:site_name\" content=\"Future Health Biobank Serbia\" \/>\n<meta property=\"article:modified_time\" content=\"2016-10-18T13:53:02+00:00\" \/>\n<meta name=\"twitter:card\" content=\"summary_large_image\" \/>\n<script type=\"application\/ld+json\" class=\"yoast-schema-graph\">{\"@context\":\"https:\/\/schema.org\",\"@graph\":[{\"@type\":\"WebPage\",\"@id\":\"https:\/\/staging.futurehealthbiobank.com\/rs\/panel-za-pruzanje-saveta-o-cuvanju-maticnih-celija\/korak-blize-lecenju-cerebralne-paralize-maticnim-celija-pupcanika\/\",\"url\":\"https:\/\/staging.futurehealthbiobank.com\/rs\/panel-za-pruzanje-saveta-o-cuvanju-maticnih-celija\/korak-blize-lecenju-cerebralne-paralize-maticnim-celija-pupcanika\/\",\"name\":\"Panel za pru\u017eanje saveta | cerebralna paraliza\",\"isPartOf\":{\"@id\":\"https:\/\/staging.futurehealthbiobank.com\/rs\/#website\"},\"datePublished\":\"2016-06-22T13:11:07+00:00\",\"dateModified\":\"2016-10-18T13:53:02+00:00\",\"description\":\"Jedan od najuzbudljivijih projekata na podru\u010dju klini\u010dkog ispitivanja je upotreba mati\u010dnih \u0107elija u le\u010denju cerebralne paralize.\",\"breadcrumb\":{\"@id\":\"https:\/\/staging.futurehealthbiobank.com\/rs\/panel-za-pruzanje-saveta-o-cuvanju-maticnih-celija\/korak-blize-lecenju-cerebralne-paralize-maticnim-celija-pupcanika\/#breadcrumb\"},\"inLanguage\":\"sr-RS\",\"potentialAction\":[{\"@type\":\"ReadAction\",\"target\":[\"https:\/\/staging.futurehealthbiobank.com\/rs\/panel-za-pruzanje-saveta-o-cuvanju-maticnih-celija\/korak-blize-lecenju-cerebralne-paralize-maticnim-celija-pupcanika\/\"]}]},{\"@type\":\"BreadcrumbList\",\"@id\":\"https:\/\/staging.futurehealthbiobank.com\/rs\/panel-za-pruzanje-saveta-o-cuvanju-maticnih-celija\/korak-blize-lecenju-cerebralne-paralize-maticnim-celija-pupcanika\/#breadcrumb\",\"itemListElement\":[{\"@type\":\"ListItem\",\"position\":1,\"name\":\"Panel za pru\u017eanje saveta o \u010duvanju mati\u010dnih \u0107elija\",\"item\":\"https:\/\/staging.futurehealthbiobank.com\/rs\/panel-za-pruzanje-saveta-o-cuvanju-maticnih-celija\/\"},{\"@type\":\"ListItem\",\"position\":2,\"name\":\"Korak bli\u017ee le\u010denju cerebralne paralize mati\u010dnim \u0107elija pup\u010danika\"}]},{\"@type\":\"WebSite\",\"@id\":\"https:\/\/staging.futurehealthbiobank.com\/rs\/#website\",\"url\":\"https:\/\/staging.futurehealthbiobank.com\/rs\/\",\"name\":\"Future Health Biobank Serbia\",\"description\":\"\",\"potentialAction\":[{\"@type\":\"SearchAction\",\"target\":{\"@type\":\"EntryPoint\",\"urlTemplate\":\"https:\/\/staging.futurehealthbiobank.com\/rs\/?s={search_term_string}\"},\"query-input\":{\"@type\":\"PropertyValueSpecification\",\"valueRequired\":true,\"valueName\":\"search_term_string\"}}],\"inLanguage\":\"sr-RS\"}]}<\/script>\n<!-- \/ Yoast SEO plugin. -->","yoast_head_json":{"title":"Panel za pru\u017eanje saveta | cerebralna paraliza","description":"Jedan od najuzbudljivijih projekata na podru\u010dju klini\u010dkog ispitivanja je upotreba mati\u010dnih \u0107elija u le\u010denju cerebralne paralize.","robots":{"index":"noindex","follow":"follow","max-snippet":"max-snippet:-1","max-image-preview":"max-image-preview:large","max-video-preview":"max-video-preview:-1"},"og_locale":"sr_RS","og_type":"article","og_title":"Panel za pru\u017eanje saveta | cerebralna paraliza","og_description":"Jedan od najuzbudljivijih projekata na podru\u010dju klini\u010dkog ispitivanja je upotreba mati\u010dnih \u0107elija u le\u010denju cerebralne paralize.","og_url":"https:\/\/staging.futurehealthbiobank.com\/rs\/panel-za-pruzanje-saveta-o-cuvanju-maticnih-celija\/korak-blize-lecenju-cerebralne-paralize-maticnim-celija-pupcanika\/","og_site_name":"Future Health Biobank Serbia","article_modified_time":"2016-10-18T13:53:02+00:00","twitter_card":"summary_large_image","schema":{"@context":"https:\/\/schema.org","@graph":[{"@type":"WebPage","@id":"https:\/\/staging.futurehealthbiobank.com\/rs\/panel-za-pruzanje-saveta-o-cuvanju-maticnih-celija\/korak-blize-lecenju-cerebralne-paralize-maticnim-celija-pupcanika\/","url":"https:\/\/staging.futurehealthbiobank.com\/rs\/panel-za-pruzanje-saveta-o-cuvanju-maticnih-celija\/korak-blize-lecenju-cerebralne-paralize-maticnim-celija-pupcanika\/","name":"Panel za pru\u017eanje saveta | cerebralna paraliza","isPartOf":{"@id":"https:\/\/staging.futurehealthbiobank.com\/rs\/#website"},"datePublished":"2016-06-22T13:11:07+00:00","dateModified":"2016-10-18T13:53:02+00:00","description":"Jedan od najuzbudljivijih projekata na podru\u010dju klini\u010dkog ispitivanja je upotreba mati\u010dnih \u0107elija u le\u010denju cerebralne paralize.","breadcrumb":{"@id":"https:\/\/staging.futurehealthbiobank.com\/rs\/panel-za-pruzanje-saveta-o-cuvanju-maticnih-celija\/korak-blize-lecenju-cerebralne-paralize-maticnim-celija-pupcanika\/#breadcrumb"},"inLanguage":"sr-RS","potentialAction":[{"@type":"ReadAction","target":["https:\/\/staging.futurehealthbiobank.com\/rs\/panel-za-pruzanje-saveta-o-cuvanju-maticnih-celija\/korak-blize-lecenju-cerebralne-paralize-maticnim-celija-pupcanika\/"]}]},{"@type":"BreadcrumbList","@id":"https:\/\/staging.futurehealthbiobank.com\/rs\/panel-za-pruzanje-saveta-o-cuvanju-maticnih-celija\/korak-blize-lecenju-cerebralne-paralize-maticnim-celija-pupcanika\/#breadcrumb","itemListElement":[{"@type":"ListItem","position":1,"name":"Panel za pru\u017eanje saveta o \u010duvanju mati\u010dnih \u0107elija","item":"https:\/\/staging.futurehealthbiobank.com\/rs\/panel-za-pruzanje-saveta-o-cuvanju-maticnih-celija\/"},{"@type":"ListItem","position":2,"name":"Korak bli\u017ee le\u010denju cerebralne paralize mati\u010dnim \u0107elija pup\u010danika"}]},{"@type":"WebSite","@id":"https:\/\/staging.futurehealthbiobank.com\/rs\/#website","url":"https:\/\/staging.futurehealthbiobank.com\/rs\/","name":"Future Health Biobank Serbia","description":"","potentialAction":[{"@type":"SearchAction","target":{"@type":"EntryPoint","urlTemplate":"https:\/\/staging.futurehealthbiobank.com\/rs\/?s={search_term_string}"},"query-input":{"@type":"PropertyValueSpecification","valueRequired":true,"valueName":"search_term_string"}}],"inLanguage":"sr-RS"}]}},"_links":{"self":[{"href":"https:\/\/staging.futurehealthbiobank.com\/rs\/wp-json\/wp\/v2\/pages\/616","targetHints":{"allow":["GET"]}}],"collection":[{"href":"https:\/\/staging.futurehealthbiobank.com\/rs\/wp-json\/wp\/v2\/pages"}],"about":[{"href":"https:\/\/staging.futurehealthbiobank.com\/rs\/wp-json\/wp\/v2\/types\/page"}],"author":[{"embeddable":true,"href":"https:\/\/staging.futurehealthbiobank.com\/rs\/wp-json\/wp\/v2\/users\/25"}],"replies":[{"embeddable":true,"href":"https:\/\/staging.futurehealthbiobank.com\/rs\/wp-json\/wp\/v2\/comments?post=616"}],"version-history":[{"count":0,"href":"https:\/\/staging.futurehealthbiobank.com\/rs\/wp-json\/wp\/v2\/pages\/616\/revisions"}],"up":[{"embeddable":true,"href":"https:\/\/staging.futurehealthbiobank.com\/rs\/wp-json\/wp\/v2\/pages\/610"}],"wp:attachment":[{"href":"https:\/\/staging.futurehealthbiobank.com\/rs\/wp-json\/wp\/v2\/media?parent=616"}],"curies":[{"name":"wp","href":"https:\/\/api.w.org\/{rel}","templated":true}]}}