

{"id":624,"date":"2016-06-22T14:43:18","date_gmt":"2016-06-22T13:43:18","guid":{"rendered":"https:\/\/staging.futurehealthbiobank.com\/rs\/?page_id=624"},"modified":"2016-10-18T15:59:18","modified_gmt":"2016-10-18T13:59:18","slug":"pokernuta-su-nova-klinicka-istrazivanja-o-lecenju-osteoartritisa-maticnim-celijama","status":"publish","type":"page","link":"https:\/\/staging.futurehealthbiobank.com\/rs\/panel-za-pruzanje-saveta-o-cuvanju-maticnih-celija\/pokernuta-su-nova-klinicka-istrazivanja-o-lecenju-osteoartritisa-maticnim-celijama\/","title":{"rendered":"Pokernuta su nova klini\u010dka istra\u017eivanja o le\u010denju osteoartritisa mati\u010dnim \u0107elijama"},"content":{"rendered":"","protected":false},"excerpt":{"rendered":"","protected":false},"author":25,"featured_media":0,"parent":610,"menu_order":0,"comment_status":"closed","ping_status":"closed","template":"page-page_template.php","meta":{"_acf_changed":false,"footnotes":""},"class_list":["post-624","page","type-page","status-publish","hentry"],"acf":[],"yoast_head":"<!-- This site is optimized with the Yoast SEO plugin v26.7 - https:\/\/yoast.com\/wordpress\/plugins\/seo\/ -->\n<title>Panel za pru\u017eanje saveta | lecenje osteoartritisa<\/title>\n<meta name=\"description\" content=\"Upotreba mati\u010dnih \u0107elija masnog tkiva u le\u010denju bolne i trenutno neizle\u010dive bolesti; osteoartritisa\" \/>\n<meta name=\"robots\" content=\"noindex, follow, max-snippet:-1, max-image-preview:large, max-video-preview:-1\" \/>\n<meta property=\"og:locale\" content=\"sr_RS\" \/>\n<meta property=\"og:type\" content=\"article\" \/>\n<meta property=\"og:title\" content=\"Panel za pru\u017eanje saveta | lecenje osteoartritisa\" \/>\n<meta property=\"og:description\" content=\"Upotreba mati\u010dnih \u0107elija masnog tkiva u le\u010denju bolne i trenutno neizle\u010dive bolesti; osteoartritisa\" \/>\n<meta property=\"og:url\" content=\"https:\/\/staging.futurehealthbiobank.com\/rs\/panel-za-pruzanje-saveta-o-cuvanju-maticnih-celija\/pokernuta-su-nova-klinicka-istrazivanja-o-lecenju-osteoartritisa-maticnim-celijama\/\" \/>\n<meta property=\"og:site_name\" content=\"Future Health Biobank Serbia\" \/>\n<meta property=\"article:modified_time\" content=\"2016-10-18T13:59:18+00:00\" \/>\n<meta name=\"twitter:card\" content=\"summary_large_image\" \/>\n<script type=\"application\/ld+json\" class=\"yoast-schema-graph\">{\"@context\":\"https:\/\/schema.org\",\"@graph\":[{\"@type\":\"WebPage\",\"@id\":\"https:\/\/staging.futurehealthbiobank.com\/rs\/panel-za-pruzanje-saveta-o-cuvanju-maticnih-celija\/pokernuta-su-nova-klinicka-istrazivanja-o-lecenju-osteoartritisa-maticnim-celijama\/\",\"url\":\"https:\/\/staging.futurehealthbiobank.com\/rs\/panel-za-pruzanje-saveta-o-cuvanju-maticnih-celija\/pokernuta-su-nova-klinicka-istrazivanja-o-lecenju-osteoartritisa-maticnim-celijama\/\",\"name\":\"Panel za pru\u017eanje saveta | lecenje osteoartritisa\",\"isPartOf\":{\"@id\":\"https:\/\/staging.futurehealthbiobank.com\/rs\/#website\"},\"datePublished\":\"2016-06-22T13:43:18+00:00\",\"dateModified\":\"2016-10-18T13:59:18+00:00\",\"description\":\"Upotreba mati\u010dnih \u0107elija masnog tkiva u le\u010denju bolne i trenutno neizle\u010dive bolesti; osteoartritisa\",\"breadcrumb\":{\"@id\":\"https:\/\/staging.futurehealthbiobank.com\/rs\/panel-za-pruzanje-saveta-o-cuvanju-maticnih-celija\/pokernuta-su-nova-klinicka-istrazivanja-o-lecenju-osteoartritisa-maticnim-celijama\/#breadcrumb\"},\"inLanguage\":\"sr-RS\",\"potentialAction\":[{\"@type\":\"ReadAction\",\"target\":[\"https:\/\/staging.futurehealthbiobank.com\/rs\/panel-za-pruzanje-saveta-o-cuvanju-maticnih-celija\/pokernuta-su-nova-klinicka-istrazivanja-o-lecenju-osteoartritisa-maticnim-celijama\/\"]}]},{\"@type\":\"BreadcrumbList\",\"@id\":\"https:\/\/staging.futurehealthbiobank.com\/rs\/panel-za-pruzanje-saveta-o-cuvanju-maticnih-celija\/pokernuta-su-nova-klinicka-istrazivanja-o-lecenju-osteoartritisa-maticnim-celijama\/#breadcrumb\",\"itemListElement\":[{\"@type\":\"ListItem\",\"position\":1,\"name\":\"Panel za pru\u017eanje saveta o \u010duvanju mati\u010dnih \u0107elija\",\"item\":\"https:\/\/staging.futurehealthbiobank.com\/rs\/panel-za-pruzanje-saveta-o-cuvanju-maticnih-celija\/\"},{\"@type\":\"ListItem\",\"position\":2,\"name\":\"Pokernuta su nova klini\u010dka istra\u017eivanja o le\u010denju osteoartritisa mati\u010dnim \u0107elijama\"}]},{\"@type\":\"WebSite\",\"@id\":\"https:\/\/staging.futurehealthbiobank.com\/rs\/#website\",\"url\":\"https:\/\/staging.futurehealthbiobank.com\/rs\/\",\"name\":\"Future Health Biobank Serbia\",\"description\":\"\",\"potentialAction\":[{\"@type\":\"SearchAction\",\"target\":{\"@type\":\"EntryPoint\",\"urlTemplate\":\"https:\/\/staging.futurehealthbiobank.com\/rs\/?s={search_term_string}\"},\"query-input\":{\"@type\":\"PropertyValueSpecification\",\"valueRequired\":true,\"valueName\":\"search_term_string\"}}],\"inLanguage\":\"sr-RS\"}]}<\/script>\n<!-- \/ Yoast SEO plugin. -->","yoast_head_json":{"title":"Panel za pru\u017eanje saveta | lecenje osteoartritisa","description":"Upotreba mati\u010dnih \u0107elija masnog tkiva u le\u010denju bolne i trenutno neizle\u010dive bolesti; osteoartritisa","robots":{"index":"noindex","follow":"follow","max-snippet":"max-snippet:-1","max-image-preview":"max-image-preview:large","max-video-preview":"max-video-preview:-1"},"og_locale":"sr_RS","og_type":"article","og_title":"Panel za pru\u017eanje saveta | lecenje osteoartritisa","og_description":"Upotreba mati\u010dnih \u0107elija masnog tkiva u le\u010denju bolne i trenutno neizle\u010dive bolesti; osteoartritisa","og_url":"https:\/\/staging.futurehealthbiobank.com\/rs\/panel-za-pruzanje-saveta-o-cuvanju-maticnih-celija\/pokernuta-su-nova-klinicka-istrazivanja-o-lecenju-osteoartritisa-maticnim-celijama\/","og_site_name":"Future Health Biobank Serbia","article_modified_time":"2016-10-18T13:59:18+00:00","twitter_card":"summary_large_image","schema":{"@context":"https:\/\/schema.org","@graph":[{"@type":"WebPage","@id":"https:\/\/staging.futurehealthbiobank.com\/rs\/panel-za-pruzanje-saveta-o-cuvanju-maticnih-celija\/pokernuta-su-nova-klinicka-istrazivanja-o-lecenju-osteoartritisa-maticnim-celijama\/","url":"https:\/\/staging.futurehealthbiobank.com\/rs\/panel-za-pruzanje-saveta-o-cuvanju-maticnih-celija\/pokernuta-su-nova-klinicka-istrazivanja-o-lecenju-osteoartritisa-maticnim-celijama\/","name":"Panel za pru\u017eanje saveta | lecenje osteoartritisa","isPartOf":{"@id":"https:\/\/staging.futurehealthbiobank.com\/rs\/#website"},"datePublished":"2016-06-22T13:43:18+00:00","dateModified":"2016-10-18T13:59:18+00:00","description":"Upotreba mati\u010dnih \u0107elija masnog tkiva u le\u010denju bolne i trenutno neizle\u010dive bolesti; osteoartritisa","breadcrumb":{"@id":"https:\/\/staging.futurehealthbiobank.com\/rs\/panel-za-pruzanje-saveta-o-cuvanju-maticnih-celija\/pokernuta-su-nova-klinicka-istrazivanja-o-lecenju-osteoartritisa-maticnim-celijama\/#breadcrumb"},"inLanguage":"sr-RS","potentialAction":[{"@type":"ReadAction","target":["https:\/\/staging.futurehealthbiobank.com\/rs\/panel-za-pruzanje-saveta-o-cuvanju-maticnih-celija\/pokernuta-su-nova-klinicka-istrazivanja-o-lecenju-osteoartritisa-maticnim-celijama\/"]}]},{"@type":"BreadcrumbList","@id":"https:\/\/staging.futurehealthbiobank.com\/rs\/panel-za-pruzanje-saveta-o-cuvanju-maticnih-celija\/pokernuta-su-nova-klinicka-istrazivanja-o-lecenju-osteoartritisa-maticnim-celijama\/#breadcrumb","itemListElement":[{"@type":"ListItem","position":1,"name":"Panel za pru\u017eanje saveta o \u010duvanju mati\u010dnih \u0107elija","item":"https:\/\/staging.futurehealthbiobank.com\/rs\/panel-za-pruzanje-saveta-o-cuvanju-maticnih-celija\/"},{"@type":"ListItem","position":2,"name":"Pokernuta su nova klini\u010dka istra\u017eivanja o le\u010denju osteoartritisa mati\u010dnim \u0107elijama"}]},{"@type":"WebSite","@id":"https:\/\/staging.futurehealthbiobank.com\/rs\/#website","url":"https:\/\/staging.futurehealthbiobank.com\/rs\/","name":"Future Health Biobank Serbia","description":"","potentialAction":[{"@type":"SearchAction","target":{"@type":"EntryPoint","urlTemplate":"https:\/\/staging.futurehealthbiobank.com\/rs\/?s={search_term_string}"},"query-input":{"@type":"PropertyValueSpecification","valueRequired":true,"valueName":"search_term_string"}}],"inLanguage":"sr-RS"}]}},"_links":{"self":[{"href":"https:\/\/staging.futurehealthbiobank.com\/rs\/wp-json\/wp\/v2\/pages\/624","targetHints":{"allow":["GET"]}}],"collection":[{"href":"https:\/\/staging.futurehealthbiobank.com\/rs\/wp-json\/wp\/v2\/pages"}],"about":[{"href":"https:\/\/staging.futurehealthbiobank.com\/rs\/wp-json\/wp\/v2\/types\/page"}],"author":[{"embeddable":true,"href":"https:\/\/staging.futurehealthbiobank.com\/rs\/wp-json\/wp\/v2\/users\/25"}],"replies":[{"embeddable":true,"href":"https:\/\/staging.futurehealthbiobank.com\/rs\/wp-json\/wp\/v2\/comments?post=624"}],"version-history":[{"count":0,"href":"https:\/\/staging.futurehealthbiobank.com\/rs\/wp-json\/wp\/v2\/pages\/624\/revisions"}],"up":[{"embeddable":true,"href":"https:\/\/staging.futurehealthbiobank.com\/rs\/wp-json\/wp\/v2\/pages\/610"}],"wp:attachment":[{"href":"https:\/\/staging.futurehealthbiobank.com\/rs\/wp-json\/wp\/v2\/media?parent=624"}],"curies":[{"name":"wp","href":"https:\/\/api.w.org\/{rel}","templated":true}]}}