

{"id":677,"date":"2016-07-07T12:25:18","date_gmt":"2016-07-07T11:25:18","guid":{"rendered":"https:\/\/staging.futurehealthbiobank.com\/rs\/?page_id=677"},"modified":"2016-10-18T16:13:21","modified_gmt":"2016-10-18T14:13:21","slug":"bolnice","status":"publish","type":"page","link":"https:\/\/staging.futurehealthbiobank.com\/rs\/bolnice\/","title":{"rendered":"Bolnice"},"content":{"rendered":"","protected":false},"excerpt":{"rendered":"","protected":false},"author":25,"featured_media":0,"parent":0,"menu_order":0,"comment_status":"closed","ping_status":"closed","template":"page-hospital.php","meta":{"_acf_changed":false,"footnotes":""},"class_list":["post-677","page","type-page","status-publish","hentry"],"acf":[],"yoast_head":"<!-- This site is optimized with the Yoast SEO plugin v26.7 - https:\/\/yoast.com\/wordpress\/plugins\/seo\/ -->\n<title>Bolnice | Future Health Biobank<\/title>\n<meta name=\"description\" content=\"Na\u0161a usluga prikupljanja mati\u010dnih \u0107elija iz krvi pup\u010danika je dostupna u gotovo svim porodili\u0161tima u Srbiji\" \/>\n<meta name=\"robots\" content=\"noindex, follow, max-snippet:-1, max-image-preview:large, max-video-preview:-1\" \/>\n<meta property=\"og:locale\" content=\"sr_RS\" \/>\n<meta property=\"og:type\" content=\"article\" \/>\n<meta property=\"og:title\" content=\"Bolnice | Future Health Biobank\" \/>\n<meta property=\"og:description\" content=\"Na\u0161a usluga prikupljanja mati\u010dnih \u0107elija iz krvi pup\u010danika je dostupna u gotovo svim porodili\u0161tima u Srbiji\" \/>\n<meta property=\"og:url\" content=\"https:\/\/staging.futurehealthbiobank.com\/rs\/bolnice\/\" \/>\n<meta property=\"og:site_name\" content=\"Future Health Biobank Serbia\" \/>\n<meta property=\"article:modified_time\" content=\"2016-10-18T14:13:21+00:00\" \/>\n<meta name=\"twitter:card\" content=\"summary_large_image\" \/>\n<script type=\"application\/ld+json\" class=\"yoast-schema-graph\">{\"@context\":\"https:\/\/schema.org\",\"@graph\":[{\"@type\":\"WebPage\",\"@id\":\"https:\/\/staging.futurehealthbiobank.com\/rs\/bolnice\/\",\"url\":\"https:\/\/staging.futurehealthbiobank.com\/rs\/bolnice\/\",\"name\":\"Bolnice | Future Health Biobank\",\"isPartOf\":{\"@id\":\"https:\/\/staging.futurehealthbiobank.com\/rs\/#website\"},\"datePublished\":\"2016-07-07T11:25:18+00:00\",\"dateModified\":\"2016-10-18T14:13:21+00:00\",\"description\":\"Na\u0161a usluga prikupljanja mati\u010dnih \u0107elija iz krvi pup\u010danika je dostupna u gotovo svim porodili\u0161tima u Srbiji\",\"inLanguage\":\"sr-RS\",\"potentialAction\":[{\"@type\":\"ReadAction\",\"target\":[\"https:\/\/staging.futurehealthbiobank.com\/rs\/bolnice\/\"]}]},{\"@type\":\"WebSite\",\"@id\":\"https:\/\/staging.futurehealthbiobank.com\/rs\/#website\",\"url\":\"https:\/\/staging.futurehealthbiobank.com\/rs\/\",\"name\":\"Future Health Biobank Serbia\",\"description\":\"\",\"potentialAction\":[{\"@type\":\"SearchAction\",\"target\":{\"@type\":\"EntryPoint\",\"urlTemplate\":\"https:\/\/staging.futurehealthbiobank.com\/rs\/?s={search_term_string}\"},\"query-input\":{\"@type\":\"PropertyValueSpecification\",\"valueRequired\":true,\"valueName\":\"search_term_string\"}}],\"inLanguage\":\"sr-RS\"}]}<\/script>\n<!-- \/ Yoast SEO plugin. -->","yoast_head_json":{"title":"Bolnice | Future Health Biobank","description":"Na\u0161a usluga prikupljanja mati\u010dnih \u0107elija iz krvi pup\u010danika je dostupna u gotovo svim porodili\u0161tima u Srbiji","robots":{"index":"noindex","follow":"follow","max-snippet":"max-snippet:-1","max-image-preview":"max-image-preview:large","max-video-preview":"max-video-preview:-1"},"og_locale":"sr_RS","og_type":"article","og_title":"Bolnice | Future Health Biobank","og_description":"Na\u0161a usluga prikupljanja mati\u010dnih \u0107elija iz krvi pup\u010danika je dostupna u gotovo svim porodili\u0161tima u Srbiji","og_url":"https:\/\/staging.futurehealthbiobank.com\/rs\/bolnice\/","og_site_name":"Future Health Biobank Serbia","article_modified_time":"2016-10-18T14:13:21+00:00","twitter_card":"summary_large_image","schema":{"@context":"https:\/\/schema.org","@graph":[{"@type":"WebPage","@id":"https:\/\/staging.futurehealthbiobank.com\/rs\/bolnice\/","url":"https:\/\/staging.futurehealthbiobank.com\/rs\/bolnice\/","name":"Bolnice | Future Health Biobank","isPartOf":{"@id":"https:\/\/staging.futurehealthbiobank.com\/rs\/#website"},"datePublished":"2016-07-07T11:25:18+00:00","dateModified":"2016-10-18T14:13:21+00:00","description":"Na\u0161a usluga prikupljanja mati\u010dnih \u0107elija iz krvi pup\u010danika je dostupna u gotovo svim porodili\u0161tima u Srbiji","inLanguage":"sr-RS","potentialAction":[{"@type":"ReadAction","target":["https:\/\/staging.futurehealthbiobank.com\/rs\/bolnice\/"]}]},{"@type":"WebSite","@id":"https:\/\/staging.futurehealthbiobank.com\/rs\/#website","url":"https:\/\/staging.futurehealthbiobank.com\/rs\/","name":"Future Health Biobank Serbia","description":"","potentialAction":[{"@type":"SearchAction","target":{"@type":"EntryPoint","urlTemplate":"https:\/\/staging.futurehealthbiobank.com\/rs\/?s={search_term_string}"},"query-input":{"@type":"PropertyValueSpecification","valueRequired":true,"valueName":"search_term_string"}}],"inLanguage":"sr-RS"}]}},"_links":{"self":[{"href":"https:\/\/staging.futurehealthbiobank.com\/rs\/wp-json\/wp\/v2\/pages\/677","targetHints":{"allow":["GET"]}}],"collection":[{"href":"https:\/\/staging.futurehealthbiobank.com\/rs\/wp-json\/wp\/v2\/pages"}],"about":[{"href":"https:\/\/staging.futurehealthbiobank.com\/rs\/wp-json\/wp\/v2\/types\/page"}],"author":[{"embeddable":true,"href":"https:\/\/staging.futurehealthbiobank.com\/rs\/wp-json\/wp\/v2\/users\/25"}],"replies":[{"embeddable":true,"href":"https:\/\/staging.futurehealthbiobank.com\/rs\/wp-json\/wp\/v2\/comments?post=677"}],"version-history":[{"count":0,"href":"https:\/\/staging.futurehealthbiobank.com\/rs\/wp-json\/wp\/v2\/pages\/677\/revisions"}],"wp:attachment":[{"href":"https:\/\/staging.futurehealthbiobank.com\/rs\/wp-json\/wp\/v2\/media?parent=677"}],"curies":[{"name":"wp","href":"https:\/\/api.w.org\/{rel}","templated":true}]}}