{"id":3990,"date":"2016-08-02T13:53:57","date_gmt":"2016-08-02T12:53:57","guid":{"rendered":"https:\/\/staging.futurehealthbiobank.com\/se\/?page_id=3990"},"modified":"2019-11-12T15:04:57","modified_gmt":"2019-11-12T14:04:57","slug":"vad-hander-om-ni-lagger-ner-verksamheten","status":"publish","type":"page","link":"https:\/\/staging.futurehealthbiobank.com\/se\/radgivningspanel\/radgivningspanel-for-stamcellsbanktjanster\/vad-hander-om-ni-lagger-ner-verksamheten\/","title":{"rendered":"Vad h\u00e4nder om ni l\u00e4gger ner verksamheten?"},"content":{"rendered":"","protected":false},"excerpt":{"rendered":"","protected":false},"author":25,"featured_media":0,"parent":3051,"menu_order":0,"comment_status":"closed","ping_status":"closed","template":"page-page_template.php","meta":{"_acf_changed":false,"footnotes":""},"class_list":["post-3990","page","type-page","status-publish","hentry"],"acf":[],"yoast_head":"<!-- This site is optimized with the Yoast SEO plugin v26.7 - https:\/\/yoast.com\/wordpress\/plugins\/seo\/ -->\n<title>Vad h\u00e4nder om ni l\u00e4gger ner verksamheten? - Future Health Biobank Sweden<\/title>\n<meta name=\"robots\" content=\"noindex, follow, max-snippet:-1, max-image-preview:large, max-video-preview:-1\" \/>\n<meta property=\"og:locale\" content=\"sv_SE\" \/>\n<meta property=\"og:type\" content=\"article\" \/>\n<meta property=\"og:title\" content=\"Vad h\u00e4nder om ni l\u00e4gger ner verksamheten? - Future Health Biobank Sweden\" \/>\n<meta property=\"og:url\" content=\"https:\/\/staging.futurehealthbiobank.com\/se\/radgivningspanel\/radgivningspanel-for-stamcellsbanktjanster\/vad-hander-om-ni-lagger-ner-verksamheten\/\" \/>\n<meta property=\"og:site_name\" content=\"Future Health Biobank Sweden\" \/>\n<meta property=\"article:modified_time\" content=\"2019-11-12T14:04:57+00:00\" \/>\n<meta name=\"twitter:card\" content=\"summary_large_image\" \/>\n<script type=\"application\/ld+json\" class=\"yoast-schema-graph\">{\"@context\":\"https:\/\/schema.org\",\"@graph\":[{\"@type\":\"WebPage\",\"@id\":\"https:\/\/staging.futurehealthbiobank.com\/se\/radgivningspanel\/radgivningspanel-for-stamcellsbanktjanster\/vad-hander-om-ni-lagger-ner-verksamheten\/\",\"url\":\"https:\/\/staging.futurehealthbiobank.com\/se\/radgivningspanel\/radgivningspanel-for-stamcellsbanktjanster\/vad-hander-om-ni-lagger-ner-verksamheten\/\",\"name\":\"Vad h\u00e4nder om ni l\u00e4gger ner verksamheten? - Future Health Biobank Sweden\",\"isPartOf\":{\"@id\":\"https:\/\/staging.futurehealthbiobank.com\/se\/#website\"},\"datePublished\":\"2016-08-02T12:53:57+00:00\",\"dateModified\":\"2019-11-12T14:04:57+00:00\",\"breadcrumb\":{\"@id\":\"https:\/\/staging.futurehealthbiobank.com\/se\/radgivningspanel\/radgivningspanel-for-stamcellsbanktjanster\/vad-hander-om-ni-lagger-ner-verksamheten\/#breadcrumb\"},\"inLanguage\":\"sv-SE\",\"potentialAction\":[{\"@type\":\"ReadAction\",\"target\":[\"https:\/\/staging.futurehealthbiobank.com\/se\/radgivningspanel\/radgivningspanel-for-stamcellsbanktjanster\/vad-hander-om-ni-lagger-ner-verksamheten\/\"]}]},{\"@type\":\"BreadcrumbList\",\"@id\":\"https:\/\/staging.futurehealthbiobank.com\/se\/radgivningspanel\/radgivningspanel-for-stamcellsbanktjanster\/vad-hander-om-ni-lagger-ner-verksamheten\/#breadcrumb\",\"itemListElement\":[{\"@type\":\"ListItem\",\"position\":1,\"name\":\"R\u00e5dgivningspanel\",\"item\":\"https:\/\/staging.futurehealthbiobank.com\/se\/radgivningspanel\/\"},{\"@type\":\"ListItem\",\"position\":2,\"name\":\"R\u00e5dgivningspanel f\u00f6r stamcellsbanktj\u00e4nster\",\"item\":\"https:\/\/staging.futurehealthbiobank.com\/se\/radgivningspanel\/radgivningspanel-for-stamcellsbanktjanster\/\"},{\"@type\":\"ListItem\",\"position\":3,\"name\":\"Vad h\u00e4nder om ni l\u00e4gger ner verksamheten?\"}]},{\"@type\":\"WebSite\",\"@id\":\"https:\/\/staging.futurehealthbiobank.com\/se\/#website\",\"url\":\"https:\/\/staging.futurehealthbiobank.com\/se\/\",\"name\":\"Future Health Biobank Sweden\",\"description\":\"\",\"potentialAction\":[{\"@type\":\"SearchAction\",\"target\":{\"@type\":\"EntryPoint\",\"urlTemplate\":\"https:\/\/staging.futurehealthbiobank.com\/se\/?s={search_term_string}\"},\"query-input\":{\"@type\":\"PropertyValueSpecification\",\"valueRequired\":true,\"valueName\":\"search_term_string\"}}],\"inLanguage\":\"sv-SE\"}]}<\/script>\n<!-- \/ Yoast SEO plugin. -->","yoast_head_json":{"title":"Vad h\u00e4nder om ni l\u00e4gger ner verksamheten? - Future Health Biobank Sweden","robots":{"index":"noindex","follow":"follow","max-snippet":"max-snippet:-1","max-image-preview":"max-image-preview:large","max-video-preview":"max-video-preview:-1"},"og_locale":"sv_SE","og_type":"article","og_title":"Vad h\u00e4nder om ni l\u00e4gger ner verksamheten? - Future Health Biobank Sweden","og_url":"https:\/\/staging.futurehealthbiobank.com\/se\/radgivningspanel\/radgivningspanel-for-stamcellsbanktjanster\/vad-hander-om-ni-lagger-ner-verksamheten\/","og_site_name":"Future Health Biobank Sweden","article_modified_time":"2019-11-12T14:04:57+00:00","twitter_card":"summary_large_image","schema":{"@context":"https:\/\/schema.org","@graph":[{"@type":"WebPage","@id":"https:\/\/staging.futurehealthbiobank.com\/se\/radgivningspanel\/radgivningspanel-for-stamcellsbanktjanster\/vad-hander-om-ni-lagger-ner-verksamheten\/","url":"https:\/\/staging.futurehealthbiobank.com\/se\/radgivningspanel\/radgivningspanel-for-stamcellsbanktjanster\/vad-hander-om-ni-lagger-ner-verksamheten\/","name":"Vad h\u00e4nder om ni l\u00e4gger ner verksamheten? - Future Health Biobank Sweden","isPartOf":{"@id":"https:\/\/staging.futurehealthbiobank.com\/se\/#website"},"datePublished":"2016-08-02T12:53:57+00:00","dateModified":"2019-11-12T14:04:57+00:00","breadcrumb":{"@id":"https:\/\/staging.futurehealthbiobank.com\/se\/radgivningspanel\/radgivningspanel-for-stamcellsbanktjanster\/vad-hander-om-ni-lagger-ner-verksamheten\/#breadcrumb"},"inLanguage":"sv-SE","potentialAction":[{"@type":"ReadAction","target":["https:\/\/staging.futurehealthbiobank.com\/se\/radgivningspanel\/radgivningspanel-for-stamcellsbanktjanster\/vad-hander-om-ni-lagger-ner-verksamheten\/"]}]},{"@type":"BreadcrumbList","@id":"https:\/\/staging.futurehealthbiobank.com\/se\/radgivningspanel\/radgivningspanel-for-stamcellsbanktjanster\/vad-hander-om-ni-lagger-ner-verksamheten\/#breadcrumb","itemListElement":[{"@type":"ListItem","position":1,"name":"R\u00e5dgivningspanel","item":"https:\/\/staging.futurehealthbiobank.com\/se\/radgivningspanel\/"},{"@type":"ListItem","position":2,"name":"R\u00e5dgivningspanel f\u00f6r stamcellsbanktj\u00e4nster","item":"https:\/\/staging.futurehealthbiobank.com\/se\/radgivningspanel\/radgivningspanel-for-stamcellsbanktjanster\/"},{"@type":"ListItem","position":3,"name":"Vad h\u00e4nder om ni l\u00e4gger ner verksamheten?"}]},{"@type":"WebSite","@id":"https:\/\/staging.futurehealthbiobank.com\/se\/#website","url":"https:\/\/staging.futurehealthbiobank.com\/se\/","name":"Future Health Biobank Sweden","description":"","potentialAction":[{"@type":"SearchAction","target":{"@type":"EntryPoint","urlTemplate":"https:\/\/staging.futurehealthbiobank.com\/se\/?s={search_term_string}"},"query-input":{"@type":"PropertyValueSpecification","valueRequired":true,"valueName":"search_term_string"}}],"inLanguage":"sv-SE"}]}},"_links":{"self":[{"href":"https:\/\/staging.futurehealthbiobank.com\/se\/wp-json\/wp\/v2\/pages\/3990","targetHints":{"allow":["GET"]}}],"collection":[{"href":"https:\/\/staging.futurehealthbiobank.com\/se\/wp-json\/wp\/v2\/pages"}],"about":[{"href":"https:\/\/staging.futurehealthbiobank.com\/se\/wp-json\/wp\/v2\/types\/page"}],"author":[{"embeddable":true,"href":"https:\/\/staging.futurehealthbiobank.com\/se\/wp-json\/wp\/v2\/users\/25"}],"replies":[{"embeddable":true,"href":"https:\/\/staging.futurehealthbiobank.com\/se\/wp-json\/wp\/v2\/comments?post=3990"}],"version-history":[{"count":0,"href":"https:\/\/staging.futurehealthbiobank.com\/se\/wp-json\/wp\/v2\/pages\/3990\/revisions"}],"up":[{"embeddable":true,"href":"https:\/\/staging.futurehealthbiobank.com\/se\/wp-json\/wp\/v2\/pages\/3051"}],"wp:attachment":[{"href":"https:\/\/staging.futurehealthbiobank.com\/se\/wp-json\/wp\/v2\/media?parent=3990"}],"curies":[{"name":"wp","href":"https:\/\/api.w.org\/{rel}","templated":true}]}}