

{"id":7934,"date":"2017-11-08T10:07:41","date_gmt":"2017-11-08T10:07:41","guid":{"rendered":"https:\/\/staging.futurehealthbiobank.com\/?page_id=7530"},"modified":"2018-07-19T12:02:07","modified_gmt":"2018-07-19T10:02:07","slug":"nasa-sirsa-druzina","status":"publish","type":"page","link":"https:\/\/staging.futurehealthbiobank.com\/si\/o-nas\/nasa-sirsa-druzina\/","title":{"rendered":"Na\u0161a \u0161ir\u0161a dru\u017eina"},"content":{"rendered":"","protected":false},"excerpt":{"rendered":"","protected":false},"author":25,"featured_media":0,"parent":1706,"menu_order":0,"comment_status":"closed","ping_status":"closed","template":"page-global.php","meta":{"_acf_changed":false,"footnotes":""},"class_list":["post-7934","page","type-page","status-publish","hentry"],"acf":[],"yoast_head":"<!-- This site is optimized with the Yoast SEO plugin v26.7 - https:\/\/yoast.com\/wordpress\/plugins\/seo\/ -->\n<title>Our global stem cell banking family | Future Health Biobank<\/title>\n<meta name=\"description\" content=\"We are proud to transport stem cell samples for free across 75 countries worldwide. We also own 2 state-of-the-art stem cell labs in the UK &amp; Switzerland\" \/>\n<meta name=\"robots\" content=\"noindex, follow, max-snippet:-1, max-image-preview:large, max-video-preview:-1\" \/>\n<meta property=\"og:locale\" content=\"sl_SI\" \/>\n<meta property=\"og:type\" content=\"article\" \/>\n<meta property=\"og:title\" content=\"Our global stem cell banking family | Future Health Biobank\" \/>\n<meta property=\"og:description\" content=\"We are proud to transport stem cell samples for free across 75 countries worldwide. We also own 2 state-of-the-art stem cell labs in the UK &amp; Switzerland\" \/>\n<meta property=\"og:url\" content=\"https:\/\/staging.futurehealthbiobank.com\/si\/o-nas\/nasa-sirsa-druzina\/\" \/>\n<meta property=\"og:site_name\" content=\"Future Health Biobank Slovenia\" \/>\n<meta property=\"article:modified_time\" content=\"2018-07-19T10:02:07+00:00\" \/>\n<meta name=\"twitter:card\" content=\"summary_large_image\" \/>\n<script type=\"application\/ld+json\" class=\"yoast-schema-graph\">{\"@context\":\"https:\/\/schema.org\",\"@graph\":[{\"@type\":\"WebPage\",\"@id\":\"https:\/\/staging.futurehealthbiobank.com\/si\/o-nas\/nasa-sirsa-druzina\/\",\"url\":\"https:\/\/staging.futurehealthbiobank.com\/si\/o-nas\/nasa-sirsa-druzina\/\",\"name\":\"Our global stem cell banking family | Future Health Biobank\",\"isPartOf\":{\"@id\":\"https:\/\/staging.futurehealthbiobank.com\/si\/#website\"},\"datePublished\":\"2017-11-08T10:07:41+00:00\",\"dateModified\":\"2018-07-19T10:02:07+00:00\",\"description\":\"We are proud to transport stem cell samples for free across 75 countries worldwide. We also own 2 state-of-the-art stem cell labs in the UK & Switzerland\",\"inLanguage\":\"sl-SI\",\"potentialAction\":[{\"@type\":\"ReadAction\",\"target\":[\"https:\/\/staging.futurehealthbiobank.com\/si\/o-nas\/nasa-sirsa-druzina\/\"]}]},{\"@type\":\"WebSite\",\"@id\":\"https:\/\/staging.futurehealthbiobank.com\/si\/#website\",\"url\":\"https:\/\/staging.futurehealthbiobank.com\/si\/\",\"name\":\"Future Health Biobank Slovenia\",\"description\":\"\",\"potentialAction\":[{\"@type\":\"SearchAction\",\"target\":{\"@type\":\"EntryPoint\",\"urlTemplate\":\"https:\/\/staging.futurehealthbiobank.com\/si\/?s={search_term_string}\"},\"query-input\":{\"@type\":\"PropertyValueSpecification\",\"valueRequired\":true,\"valueName\":\"search_term_string\"}}],\"inLanguage\":\"sl-SI\"}]}<\/script>\n<!-- \/ Yoast SEO plugin. -->","yoast_head_json":{"title":"Our global stem cell banking family | Future Health Biobank","description":"We are proud to transport stem cell samples for free across 75 countries worldwide. We also own 2 state-of-the-art stem cell labs in the UK & Switzerland","robots":{"index":"noindex","follow":"follow","max-snippet":"max-snippet:-1","max-image-preview":"max-image-preview:large","max-video-preview":"max-video-preview:-1"},"og_locale":"sl_SI","og_type":"article","og_title":"Our global stem cell banking family | Future Health Biobank","og_description":"We are proud to transport stem cell samples for free across 75 countries worldwide. We also own 2 state-of-the-art stem cell labs in the UK & Switzerland","og_url":"https:\/\/staging.futurehealthbiobank.com\/si\/o-nas\/nasa-sirsa-druzina\/","og_site_name":"Future Health Biobank Slovenia","article_modified_time":"2018-07-19T10:02:07+00:00","twitter_card":"summary_large_image","schema":{"@context":"https:\/\/schema.org","@graph":[{"@type":"WebPage","@id":"https:\/\/staging.futurehealthbiobank.com\/si\/o-nas\/nasa-sirsa-druzina\/","url":"https:\/\/staging.futurehealthbiobank.com\/si\/o-nas\/nasa-sirsa-druzina\/","name":"Our global stem cell banking family | Future Health Biobank","isPartOf":{"@id":"https:\/\/staging.futurehealthbiobank.com\/si\/#website"},"datePublished":"2017-11-08T10:07:41+00:00","dateModified":"2018-07-19T10:02:07+00:00","description":"We are proud to transport stem cell samples for free across 75 countries worldwide. We also own 2 state-of-the-art stem cell labs in the UK & Switzerland","inLanguage":"sl-SI","potentialAction":[{"@type":"ReadAction","target":["https:\/\/staging.futurehealthbiobank.com\/si\/o-nas\/nasa-sirsa-druzina\/"]}]},{"@type":"WebSite","@id":"https:\/\/staging.futurehealthbiobank.com\/si\/#website","url":"https:\/\/staging.futurehealthbiobank.com\/si\/","name":"Future Health Biobank Slovenia","description":"","potentialAction":[{"@type":"SearchAction","target":{"@type":"EntryPoint","urlTemplate":"https:\/\/staging.futurehealthbiobank.com\/si\/?s={search_term_string}"},"query-input":{"@type":"PropertyValueSpecification","valueRequired":true,"valueName":"search_term_string"}}],"inLanguage":"sl-SI"}]}},"_links":{"self":[{"href":"https:\/\/staging.futurehealthbiobank.com\/si\/wp-json\/wp\/v2\/pages\/7934","targetHints":{"allow":["GET"]}}],"collection":[{"href":"https:\/\/staging.futurehealthbiobank.com\/si\/wp-json\/wp\/v2\/pages"}],"about":[{"href":"https:\/\/staging.futurehealthbiobank.com\/si\/wp-json\/wp\/v2\/types\/page"}],"author":[{"embeddable":true,"href":"https:\/\/staging.futurehealthbiobank.com\/si\/wp-json\/wp\/v2\/users\/25"}],"replies":[{"embeddable":true,"href":"https:\/\/staging.futurehealthbiobank.com\/si\/wp-json\/wp\/v2\/comments?post=7934"}],"version-history":[{"count":0,"href":"https:\/\/staging.futurehealthbiobank.com\/si\/wp-json\/wp\/v2\/pages\/7934\/revisions"}],"up":[{"embeddable":true,"href":"https:\/\/staging.futurehealthbiobank.com\/si\/wp-json\/wp\/v2\/pages\/1706"}],"wp:attachment":[{"href":"https:\/\/staging.futurehealthbiobank.com\/si\/wp-json\/wp\/v2\/media?parent=7934"}],"curies":[{"name":"wp","href":"https:\/\/api.w.org\/{rel}","templated":true}]}}