

{"id":1706,"date":"2016-01-26T15:07:06","date_gmt":"2016-01-26T15:07:06","guid":{"rendered":"https:\/\/staging.futurehealthbiobank.com\/tr\/?page_id=1706"},"modified":"2020-02-21T13:34:03","modified_gmt":"2020-02-21T13:34:03","slug":"hakkimizda","status":"publish","type":"page","link":"https:\/\/staging.futurehealthbiobank.com\/tr\/hakkimizda\/","title":{"rendered":"Hakk\u0131m\u0131zda"},"content":{"rendered":"","protected":false},"excerpt":{"rendered":"","protected":false},"author":25,"featured_media":0,"parent":0,"menu_order":0,"comment_status":"closed","ping_status":"closed","template":"page-page_template.php","meta":{"_acf_changed":false,"footnotes":""},"class_list":["post-1706","page","type-page","status-publish","hentry"],"acf":[],"yoast_head":"<!-- This site is optimized with the Yoast SEO plugin v26.7 - https:\/\/yoast.com\/wordpress\/plugins\/seo\/ -->\n<title>Hakk\u0131m\u0131zda | \u0130ngiltere&#039;nin en deneyimli k\u00f6k h\u00fccre bankas\u0131<\/title>\n<meta name=\"description\" content=\"2002&#039;de kurulmu\u015f, \u0130ngiltere&#039;nin en b\u00fcy\u00fck uluslararas\u0131 kordon kan\u0131 ve kordon dokusu k\u00f6k h\u00fccre saklama hizmeti veren aile bankas\u0131\" \/>\n<meta name=\"robots\" content=\"noindex, follow, max-snippet:-1, max-image-preview:large, max-video-preview:-1\" \/>\n<meta property=\"og:locale\" content=\"tr_TR\" \/>\n<meta property=\"og:type\" content=\"article\" \/>\n<meta property=\"og:title\" content=\"Hakk\u0131m\u0131zda | \u0130ngiltere&#039;nin en deneyimli k\u00f6k h\u00fccre bankas\u0131\" \/>\n<meta property=\"og:description\" content=\"2002&#039;de kurulmu\u015f, \u0130ngiltere&#039;nin en b\u00fcy\u00fck uluslararas\u0131 kordon kan\u0131 ve kordon dokusu k\u00f6k h\u00fccre saklama hizmeti veren aile bankas\u0131\" \/>\n<meta property=\"og:url\" content=\"https:\/\/staging.futurehealthbiobank.com\/tr\/hakkimizda\/\" \/>\n<meta property=\"og:site_name\" content=\"Future Health Biobank Turkey\" \/>\n<meta property=\"article:modified_time\" content=\"2020-02-21T13:34:03+00:00\" \/>\n<meta name=\"twitter:card\" content=\"summary_large_image\" \/>\n<script type=\"application\/ld+json\" class=\"yoast-schema-graph\">{\"@context\":\"https:\/\/schema.org\",\"@graph\":[{\"@type\":\"WebPage\",\"@id\":\"https:\/\/staging.futurehealthbiobank.com\/tr\/hakkimizda\/\",\"url\":\"https:\/\/staging.futurehealthbiobank.com\/tr\/hakkimizda\/\",\"name\":\"Hakk\u0131m\u0131zda | \u0130ngiltere'nin en deneyimli k\u00f6k h\u00fccre bankas\u0131\",\"isPartOf\":{\"@id\":\"https:\/\/staging.futurehealthbiobank.com\/tr\/#website\"},\"datePublished\":\"2016-01-26T15:07:06+00:00\",\"dateModified\":\"2020-02-21T13:34:03+00:00\",\"description\":\"2002'de kurulmu\u015f, \u0130ngiltere'nin en b\u00fcy\u00fck uluslararas\u0131 kordon kan\u0131 ve kordon dokusu k\u00f6k h\u00fccre saklama hizmeti veren aile bankas\u0131\",\"inLanguage\":\"tr\",\"potentialAction\":[{\"@type\":\"ReadAction\",\"target\":[\"https:\/\/staging.futurehealthbiobank.com\/tr\/hakkimizda\/\"]}]},{\"@type\":\"WebSite\",\"@id\":\"https:\/\/staging.futurehealthbiobank.com\/tr\/#website\",\"url\":\"https:\/\/staging.futurehealthbiobank.com\/tr\/\",\"name\":\"Future Health Biobank Turkey\",\"description\":\"\",\"potentialAction\":[{\"@type\":\"SearchAction\",\"target\":{\"@type\":\"EntryPoint\",\"urlTemplate\":\"https:\/\/staging.futurehealthbiobank.com\/tr\/?s={search_term_string}\"},\"query-input\":{\"@type\":\"PropertyValueSpecification\",\"valueRequired\":true,\"valueName\":\"search_term_string\"}}],\"inLanguage\":\"tr\"}]}<\/script>\n<!-- \/ Yoast SEO plugin. -->","yoast_head_json":{"title":"Hakk\u0131m\u0131zda | \u0130ngiltere'nin en deneyimli k\u00f6k h\u00fccre bankas\u0131","description":"2002'de kurulmu\u015f, \u0130ngiltere'nin en b\u00fcy\u00fck uluslararas\u0131 kordon kan\u0131 ve kordon dokusu k\u00f6k h\u00fccre saklama hizmeti veren aile bankas\u0131","robots":{"index":"noindex","follow":"follow","max-snippet":"max-snippet:-1","max-image-preview":"max-image-preview:large","max-video-preview":"max-video-preview:-1"},"og_locale":"tr_TR","og_type":"article","og_title":"Hakk\u0131m\u0131zda | \u0130ngiltere'nin en deneyimli k\u00f6k h\u00fccre bankas\u0131","og_description":"2002'de kurulmu\u015f, \u0130ngiltere'nin en b\u00fcy\u00fck uluslararas\u0131 kordon kan\u0131 ve kordon dokusu k\u00f6k h\u00fccre saklama hizmeti veren aile bankas\u0131","og_url":"https:\/\/staging.futurehealthbiobank.com\/tr\/hakkimizda\/","og_site_name":"Future Health Biobank Turkey","article_modified_time":"2020-02-21T13:34:03+00:00","twitter_card":"summary_large_image","schema":{"@context":"https:\/\/schema.org","@graph":[{"@type":"WebPage","@id":"https:\/\/staging.futurehealthbiobank.com\/tr\/hakkimizda\/","url":"https:\/\/staging.futurehealthbiobank.com\/tr\/hakkimizda\/","name":"Hakk\u0131m\u0131zda | \u0130ngiltere'nin en deneyimli k\u00f6k h\u00fccre bankas\u0131","isPartOf":{"@id":"https:\/\/staging.futurehealthbiobank.com\/tr\/#website"},"datePublished":"2016-01-26T15:07:06+00:00","dateModified":"2020-02-21T13:34:03+00:00","description":"2002'de kurulmu\u015f, \u0130ngiltere'nin en b\u00fcy\u00fck uluslararas\u0131 kordon kan\u0131 ve kordon dokusu k\u00f6k h\u00fccre saklama hizmeti veren aile bankas\u0131","inLanguage":"tr","potentialAction":[{"@type":"ReadAction","target":["https:\/\/staging.futurehealthbiobank.com\/tr\/hakkimizda\/"]}]},{"@type":"WebSite","@id":"https:\/\/staging.futurehealthbiobank.com\/tr\/#website","url":"https:\/\/staging.futurehealthbiobank.com\/tr\/","name":"Future Health Biobank Turkey","description":"","potentialAction":[{"@type":"SearchAction","target":{"@type":"EntryPoint","urlTemplate":"https:\/\/staging.futurehealthbiobank.com\/tr\/?s={search_term_string}"},"query-input":{"@type":"PropertyValueSpecification","valueRequired":true,"valueName":"search_term_string"}}],"inLanguage":"tr"}]}},"_links":{"self":[{"href":"https:\/\/staging.futurehealthbiobank.com\/tr\/wp-json\/wp\/v2\/pages\/1706","targetHints":{"allow":["GET"]}}],"collection":[{"href":"https:\/\/staging.futurehealthbiobank.com\/tr\/wp-json\/wp\/v2\/pages"}],"about":[{"href":"https:\/\/staging.futurehealthbiobank.com\/tr\/wp-json\/wp\/v2\/types\/page"}],"author":[{"embeddable":true,"href":"https:\/\/staging.futurehealthbiobank.com\/tr\/wp-json\/wp\/v2\/users\/25"}],"replies":[{"embeddable":true,"href":"https:\/\/staging.futurehealthbiobank.com\/tr\/wp-json\/wp\/v2\/comments?post=1706"}],"version-history":[{"count":0,"href":"https:\/\/staging.futurehealthbiobank.com\/tr\/wp-json\/wp\/v2\/pages\/1706\/revisions"}],"wp:attachment":[{"href":"https:\/\/staging.futurehealthbiobank.com\/tr\/wp-json\/wp\/v2\/media?parent=1706"}],"curies":[{"name":"wp","href":"https:\/\/api.w.org\/{rel}","templated":true}]}}