

{"id":1723,"date":"2016-01-26T15:25:18","date_gmt":"2016-01-26T15:25:18","guid":{"rendered":"https:\/\/staging.futurehealthbiobank.com\/tr\/?page_id=1723"},"modified":"2018-09-20T08:36:53","modified_gmt":"2018-09-20T07:36:53","slug":"ana-sayfa","status":"publish","type":"page","link":"https:\/\/staging.futurehealthbiobank.com\/tr\/","title":{"rendered":"Ana Sayfa"},"content":{"rendered":"","protected":false},"excerpt":{"rendered":"","protected":false},"author":25,"featured_media":0,"parent":0,"menu_order":0,"comment_status":"closed","ping_status":"closed","template":"page-home.php","meta":{"_acf_changed":false,"footnotes":""},"class_list":["post-1723","page","type-page","status-publish","hentry"],"acf":[],"yoast_head":"<!-- This site is optimized with the Yoast SEO plugin v26.7 - https:\/\/yoast.com\/wordpress\/plugins\/seo\/ -->\n<title>Kordon Kan\u0131 ve Kordon Dokusu Bankac\u0131l\u0131\u011f\u0131<\/title>\n<meta name=\"description\" content=\"K\u00f6k H\u00fccre Bankas\u0131. Kordon Kan\u0131 ve Kordon Dokusu K\u00f6k H\u00fccresi hizmeti\" \/>\n<meta name=\"robots\" content=\"noindex, follow, max-snippet:-1, max-image-preview:large, max-video-preview:-1\" \/>\n<meta property=\"og:locale\" content=\"tr_TR\" \/>\n<meta property=\"og:type\" content=\"article\" \/>\n<meta property=\"og:title\" content=\"Kordon Kan\u0131 ve Kordon Dokusu Bankac\u0131l\u0131\u011f\u0131\" \/>\n<meta property=\"og:description\" content=\"K\u00f6k H\u00fccre Bankas\u0131. Kordon Kan\u0131 ve Kordon Dokusu K\u00f6k H\u00fccresi hizmeti\" \/>\n<meta property=\"og:url\" content=\"https:\/\/staging.futurehealthbiobank.com\/tr\/\" \/>\n<meta property=\"og:site_name\" content=\"Future Health Biobank Turkey\" \/>\n<meta property=\"article:modified_time\" content=\"2018-09-20T07:36:53+00:00\" \/>\n<meta name=\"twitter:card\" content=\"summary_large_image\" \/>\n<script type=\"application\/ld+json\" class=\"yoast-schema-graph\">{\"@context\":\"https:\/\/schema.org\",\"@graph\":[{\"@type\":\"WebPage\",\"@id\":\"https:\/\/staging.futurehealthbiobank.com\/tr\/\",\"url\":\"https:\/\/staging.futurehealthbiobank.com\/tr\/\",\"name\":\"Kordon Kan\u0131 ve Kordon Dokusu Bankac\u0131l\u0131\u011f\u0131\",\"isPartOf\":{\"@id\":\"https:\/\/staging.futurehealthbiobank.com\/tr\/#website\"},\"datePublished\":\"2016-01-26T15:25:18+00:00\",\"dateModified\":\"2018-09-20T07:36:53+00:00\",\"description\":\"K\u00f6k H\u00fccre Bankas\u0131. Kordon Kan\u0131 ve Kordon Dokusu K\u00f6k H\u00fccresi hizmeti\",\"inLanguage\":\"tr\",\"potentialAction\":[{\"@type\":\"ReadAction\",\"target\":[\"https:\/\/staging.futurehealthbiobank.com\/tr\/\"]}]},{\"@type\":\"WebSite\",\"@id\":\"https:\/\/staging.futurehealthbiobank.com\/tr\/#website\",\"url\":\"https:\/\/staging.futurehealthbiobank.com\/tr\/\",\"name\":\"Future Health Biobank Turkey\",\"description\":\"\",\"potentialAction\":[{\"@type\":\"SearchAction\",\"target\":{\"@type\":\"EntryPoint\",\"urlTemplate\":\"https:\/\/staging.futurehealthbiobank.com\/tr\/?s={search_term_string}\"},\"query-input\":{\"@type\":\"PropertyValueSpecification\",\"valueRequired\":true,\"valueName\":\"search_term_string\"}}],\"inLanguage\":\"tr\"}]}<\/script>\n<!-- \/ Yoast SEO plugin. -->","yoast_head_json":{"title":"Kordon Kan\u0131 ve Kordon Dokusu Bankac\u0131l\u0131\u011f\u0131","description":"K\u00f6k H\u00fccre Bankas\u0131. Kordon Kan\u0131 ve Kordon Dokusu K\u00f6k H\u00fccresi hizmeti","robots":{"index":"noindex","follow":"follow","max-snippet":"max-snippet:-1","max-image-preview":"max-image-preview:large","max-video-preview":"max-video-preview:-1"},"og_locale":"tr_TR","og_type":"article","og_title":"Kordon Kan\u0131 ve Kordon Dokusu Bankac\u0131l\u0131\u011f\u0131","og_description":"K\u00f6k H\u00fccre Bankas\u0131. Kordon Kan\u0131 ve Kordon Dokusu K\u00f6k H\u00fccresi hizmeti","og_url":"https:\/\/staging.futurehealthbiobank.com\/tr\/","og_site_name":"Future Health Biobank Turkey","article_modified_time":"2018-09-20T07:36:53+00:00","twitter_card":"summary_large_image","schema":{"@context":"https:\/\/schema.org","@graph":[{"@type":"WebPage","@id":"https:\/\/staging.futurehealthbiobank.com\/tr\/","url":"https:\/\/staging.futurehealthbiobank.com\/tr\/","name":"Kordon Kan\u0131 ve Kordon Dokusu Bankac\u0131l\u0131\u011f\u0131","isPartOf":{"@id":"https:\/\/staging.futurehealthbiobank.com\/tr\/#website"},"datePublished":"2016-01-26T15:25:18+00:00","dateModified":"2018-09-20T07:36:53+00:00","description":"K\u00f6k H\u00fccre Bankas\u0131. Kordon Kan\u0131 ve Kordon Dokusu K\u00f6k H\u00fccresi hizmeti","inLanguage":"tr","potentialAction":[{"@type":"ReadAction","target":["https:\/\/staging.futurehealthbiobank.com\/tr\/"]}]},{"@type":"WebSite","@id":"https:\/\/staging.futurehealthbiobank.com\/tr\/#website","url":"https:\/\/staging.futurehealthbiobank.com\/tr\/","name":"Future Health Biobank Turkey","description":"","potentialAction":[{"@type":"SearchAction","target":{"@type":"EntryPoint","urlTemplate":"https:\/\/staging.futurehealthbiobank.com\/tr\/?s={search_term_string}"},"query-input":{"@type":"PropertyValueSpecification","valueRequired":true,"valueName":"search_term_string"}}],"inLanguage":"tr"}]}},"_links":{"self":[{"href":"https:\/\/staging.futurehealthbiobank.com\/tr\/wp-json\/wp\/v2\/pages\/1723","targetHints":{"allow":["GET"]}}],"collection":[{"href":"https:\/\/staging.futurehealthbiobank.com\/tr\/wp-json\/wp\/v2\/pages"}],"about":[{"href":"https:\/\/staging.futurehealthbiobank.com\/tr\/wp-json\/wp\/v2\/types\/page"}],"author":[{"embeddable":true,"href":"https:\/\/staging.futurehealthbiobank.com\/tr\/wp-json\/wp\/v2\/users\/25"}],"replies":[{"embeddable":true,"href":"https:\/\/staging.futurehealthbiobank.com\/tr\/wp-json\/wp\/v2\/comments?post=1723"}],"version-history":[{"count":0,"href":"https:\/\/staging.futurehealthbiobank.com\/tr\/wp-json\/wp\/v2\/pages\/1723\/revisions"}],"wp:attachment":[{"href":"https:\/\/staging.futurehealthbiobank.com\/tr\/wp-json\/wp\/v2\/media?parent=1723"}],"curies":[{"name":"wp","href":"https:\/\/api.w.org\/{rel}","templated":true}]}}