

{"id":3362,"date":"2016-03-30T16:15:53","date_gmt":"2016-03-30T15:15:53","guid":{"rendered":"https:\/\/staging.futurehealthbiobank.com\/tr\/?page_id=3362"},"modified":"2017-03-06T09:55:34","modified_gmt":"2017-03-06T09:55:34","slug":"kok-hucre-bankaciligi-toplama-islemi","status":"publish","type":"page","link":"https:\/\/staging.futurehealthbiobank.com\/tr\/gobek-kordonu-kok-hucre-bankaciligi\/kordon-kani-ve-kordon-dokusu-kok-hucre-bankaciligi\/kok-hucre-bankaciligi-toplama-islemi\/","title":{"rendered":"K\u00f6k h\u00fccre bankac\u0131l\u0131\u011f\u0131 toplama i\u015flemi"},"content":{"rendered":"","protected":false},"excerpt":{"rendered":"","protected":false},"author":25,"featured_media":0,"parent":2372,"menu_order":0,"comment_status":"closed","ping_status":"closed","template":"page-page_template.php","meta":{"_acf_changed":false,"footnotes":""},"class_list":["post-3362","page","type-page","status-publish","hentry"],"acf":[],"yoast_head":"<!-- This site is optimized with the Yoast SEO plugin v26.7 - https:\/\/yoast.com\/wordpress\/plugins\/seo\/ -->\n<title>K\u00f6k h\u00fccre bankac\u0131l\u0131\u011f\u0131 toplama i\u015flemi - Future Health Biobank Turkey<\/title>\n<meta name=\"robots\" content=\"noindex, follow, max-snippet:-1, max-image-preview:large, max-video-preview:-1\" \/>\n<meta property=\"og:locale\" content=\"tr_TR\" \/>\n<meta property=\"og:type\" content=\"article\" \/>\n<meta property=\"og:title\" content=\"K\u00f6k h\u00fccre bankac\u0131l\u0131\u011f\u0131 toplama i\u015flemi - Future Health Biobank Turkey\" \/>\n<meta property=\"og:url\" content=\"https:\/\/staging.futurehealthbiobank.com\/tr\/gobek-kordonu-kok-hucre-bankaciligi\/kordon-kani-ve-kordon-dokusu-kok-hucre-bankaciligi\/kok-hucre-bankaciligi-toplama-islemi\/\" \/>\n<meta property=\"og:site_name\" content=\"Future Health Biobank Turkey\" \/>\n<meta property=\"article:modified_time\" content=\"2017-03-06T09:55:34+00:00\" \/>\n<meta name=\"twitter:card\" content=\"summary_large_image\" \/>\n<script type=\"application\/ld+json\" class=\"yoast-schema-graph\">{\"@context\":\"https:\/\/schema.org\",\"@graph\":[{\"@type\":\"WebPage\",\"@id\":\"https:\/\/staging.futurehealthbiobank.com\/tr\/gobek-kordonu-kok-hucre-bankaciligi\/kordon-kani-ve-kordon-dokusu-kok-hucre-bankaciligi\/kok-hucre-bankaciligi-toplama-islemi\/\",\"url\":\"https:\/\/staging.futurehealthbiobank.com\/tr\/gobek-kordonu-kok-hucre-bankaciligi\/kordon-kani-ve-kordon-dokusu-kok-hucre-bankaciligi\/kok-hucre-bankaciligi-toplama-islemi\/\",\"name\":\"K\u00f6k h\u00fccre bankac\u0131l\u0131\u011f\u0131 toplama i\u015flemi - Future Health Biobank Turkey\",\"isPartOf\":{\"@id\":\"https:\/\/staging.futurehealthbiobank.com\/tr\/#website\"},\"datePublished\":\"2016-03-30T15:15:53+00:00\",\"dateModified\":\"2017-03-06T09:55:34+00:00\",\"breadcrumb\":{\"@id\":\"https:\/\/staging.futurehealthbiobank.com\/tr\/gobek-kordonu-kok-hucre-bankaciligi\/kordon-kani-ve-kordon-dokusu-kok-hucre-bankaciligi\/kok-hucre-bankaciligi-toplama-islemi\/#breadcrumb\"},\"inLanguage\":\"tr\",\"potentialAction\":[{\"@type\":\"ReadAction\",\"target\":[\"https:\/\/staging.futurehealthbiobank.com\/tr\/gobek-kordonu-kok-hucre-bankaciligi\/kordon-kani-ve-kordon-dokusu-kok-hucre-bankaciligi\/kok-hucre-bankaciligi-toplama-islemi\/\"]}]},{\"@type\":\"BreadcrumbList\",\"@id\":\"https:\/\/staging.futurehealthbiobank.com\/tr\/gobek-kordonu-kok-hucre-bankaciligi\/kordon-kani-ve-kordon-dokusu-kok-hucre-bankaciligi\/kok-hucre-bankaciligi-toplama-islemi\/#breadcrumb\",\"itemListElement\":[{\"@type\":\"ListItem\",\"position\":1,\"name\":\"G\u00f6bek kordonu k\u00f6k h\u00fccre bankac\u0131l\u0131\u011f\u0131\",\"item\":\"https:\/\/staging.futurehealthbiobank.com\/tr\/gobek-kordonu-kok-hucre-bankaciligi\/\"},{\"@type\":\"ListItem\",\"position\":2,\"name\":\"Kordon Kan\u0131 ve kordon dokusu k\u00f6k h\u00fccre bankac\u0131l\u0131\u011f\u0131\",\"item\":\"https:\/\/staging.futurehealthbiobank.com\/tr\/gobek-kordonu-kok-hucre-bankaciligi\/kordon-kani-ve-kordon-dokusu-kok-hucre-bankaciligi\/\"},{\"@type\":\"ListItem\",\"position\":3,\"name\":\"K\u00f6k h\u00fccre bankac\u0131l\u0131\u011f\u0131 toplama i\u015flemi\"}]},{\"@type\":\"WebSite\",\"@id\":\"https:\/\/staging.futurehealthbiobank.com\/tr\/#website\",\"url\":\"https:\/\/staging.futurehealthbiobank.com\/tr\/\",\"name\":\"Future Health Biobank Turkey\",\"description\":\"\",\"potentialAction\":[{\"@type\":\"SearchAction\",\"target\":{\"@type\":\"EntryPoint\",\"urlTemplate\":\"https:\/\/staging.futurehealthbiobank.com\/tr\/?s={search_term_string}\"},\"query-input\":{\"@type\":\"PropertyValueSpecification\",\"valueRequired\":true,\"valueName\":\"search_term_string\"}}],\"inLanguage\":\"tr\"}]}<\/script>\n<!-- \/ Yoast SEO plugin. -->","yoast_head_json":{"title":"K\u00f6k h\u00fccre bankac\u0131l\u0131\u011f\u0131 toplama i\u015flemi - Future Health Biobank Turkey","robots":{"index":"noindex","follow":"follow","max-snippet":"max-snippet:-1","max-image-preview":"max-image-preview:large","max-video-preview":"max-video-preview:-1"},"og_locale":"tr_TR","og_type":"article","og_title":"K\u00f6k h\u00fccre bankac\u0131l\u0131\u011f\u0131 toplama i\u015flemi - Future Health Biobank Turkey","og_url":"https:\/\/staging.futurehealthbiobank.com\/tr\/gobek-kordonu-kok-hucre-bankaciligi\/kordon-kani-ve-kordon-dokusu-kok-hucre-bankaciligi\/kok-hucre-bankaciligi-toplama-islemi\/","og_site_name":"Future Health Biobank Turkey","article_modified_time":"2017-03-06T09:55:34+00:00","twitter_card":"summary_large_image","schema":{"@context":"https:\/\/schema.org","@graph":[{"@type":"WebPage","@id":"https:\/\/staging.futurehealthbiobank.com\/tr\/gobek-kordonu-kok-hucre-bankaciligi\/kordon-kani-ve-kordon-dokusu-kok-hucre-bankaciligi\/kok-hucre-bankaciligi-toplama-islemi\/","url":"https:\/\/staging.futurehealthbiobank.com\/tr\/gobek-kordonu-kok-hucre-bankaciligi\/kordon-kani-ve-kordon-dokusu-kok-hucre-bankaciligi\/kok-hucre-bankaciligi-toplama-islemi\/","name":"K\u00f6k h\u00fccre bankac\u0131l\u0131\u011f\u0131 toplama i\u015flemi - Future Health Biobank Turkey","isPartOf":{"@id":"https:\/\/staging.futurehealthbiobank.com\/tr\/#website"},"datePublished":"2016-03-30T15:15:53+00:00","dateModified":"2017-03-06T09:55:34+00:00","breadcrumb":{"@id":"https:\/\/staging.futurehealthbiobank.com\/tr\/gobek-kordonu-kok-hucre-bankaciligi\/kordon-kani-ve-kordon-dokusu-kok-hucre-bankaciligi\/kok-hucre-bankaciligi-toplama-islemi\/#breadcrumb"},"inLanguage":"tr","potentialAction":[{"@type":"ReadAction","target":["https:\/\/staging.futurehealthbiobank.com\/tr\/gobek-kordonu-kok-hucre-bankaciligi\/kordon-kani-ve-kordon-dokusu-kok-hucre-bankaciligi\/kok-hucre-bankaciligi-toplama-islemi\/"]}]},{"@type":"BreadcrumbList","@id":"https:\/\/staging.futurehealthbiobank.com\/tr\/gobek-kordonu-kok-hucre-bankaciligi\/kordon-kani-ve-kordon-dokusu-kok-hucre-bankaciligi\/kok-hucre-bankaciligi-toplama-islemi\/#breadcrumb","itemListElement":[{"@type":"ListItem","position":1,"name":"G\u00f6bek kordonu k\u00f6k h\u00fccre bankac\u0131l\u0131\u011f\u0131","item":"https:\/\/staging.futurehealthbiobank.com\/tr\/gobek-kordonu-kok-hucre-bankaciligi\/"},{"@type":"ListItem","position":2,"name":"Kordon Kan\u0131 ve kordon dokusu k\u00f6k h\u00fccre bankac\u0131l\u0131\u011f\u0131","item":"https:\/\/staging.futurehealthbiobank.com\/tr\/gobek-kordonu-kok-hucre-bankaciligi\/kordon-kani-ve-kordon-dokusu-kok-hucre-bankaciligi\/"},{"@type":"ListItem","position":3,"name":"K\u00f6k h\u00fccre bankac\u0131l\u0131\u011f\u0131 toplama i\u015flemi"}]},{"@type":"WebSite","@id":"https:\/\/staging.futurehealthbiobank.com\/tr\/#website","url":"https:\/\/staging.futurehealthbiobank.com\/tr\/","name":"Future Health Biobank Turkey","description":"","potentialAction":[{"@type":"SearchAction","target":{"@type":"EntryPoint","urlTemplate":"https:\/\/staging.futurehealthbiobank.com\/tr\/?s={search_term_string}"},"query-input":{"@type":"PropertyValueSpecification","valueRequired":true,"valueName":"search_term_string"}}],"inLanguage":"tr"}]}},"_links":{"self":[{"href":"https:\/\/staging.futurehealthbiobank.com\/tr\/wp-json\/wp\/v2\/pages\/3362","targetHints":{"allow":["GET"]}}],"collection":[{"href":"https:\/\/staging.futurehealthbiobank.com\/tr\/wp-json\/wp\/v2\/pages"}],"about":[{"href":"https:\/\/staging.futurehealthbiobank.com\/tr\/wp-json\/wp\/v2\/types\/page"}],"author":[{"embeddable":true,"href":"https:\/\/staging.futurehealthbiobank.com\/tr\/wp-json\/wp\/v2\/users\/25"}],"replies":[{"embeddable":true,"href":"https:\/\/staging.futurehealthbiobank.com\/tr\/wp-json\/wp\/v2\/comments?post=3362"}],"version-history":[{"count":0,"href":"https:\/\/staging.futurehealthbiobank.com\/tr\/wp-json\/wp\/v2\/pages\/3362\/revisions"}],"up":[{"embeddable":true,"href":"https:\/\/staging.futurehealthbiobank.com\/tr\/wp-json\/wp\/v2\/pages\/2372"}],"wp:attachment":[{"href":"https:\/\/staging.futurehealthbiobank.com\/tr\/wp-json\/wp\/v2\/media?parent=3362"}],"curies":[{"name":"wp","href":"https:\/\/api.w.org\/{rel}","templated":true}]}}