

{"id":3436,"date":"2016-04-07T12:18:43","date_gmt":"2016-04-07T11:18:43","guid":{"rendered":"https:\/\/staging.futurehealthbiobank.com\/tr\/?page_id=3436"},"modified":"2017-02-14T09:47:03","modified_gmt":"2017-02-14T09:47:03","slug":"kordon-kani-tedavi-olasiliklari","status":"publish","type":"page","link":"https:\/\/staging.futurehealthbiobank.com\/tr\/kordon-kani-tedavi-olasiliklari\/","title":{"rendered":"Kordon kan\u0131 tedavi olas\u0131l\u0131klar\u0131"},"content":{"rendered":"","protected":false},"excerpt":{"rendered":"","protected":false},"author":25,"featured_media":0,"parent":0,"menu_order":0,"comment_status":"closed","ping_status":"closed","template":"page-benefits.php","meta":{"_acf_changed":false,"footnotes":""},"class_list":["post-3436","page","type-page","status-publish","hentry"],"acf":[],"yoast_head":"<!-- This site is optimized with the Yoast SEO plugin v26.7 - https:\/\/yoast.com\/wordpress\/plugins\/seo\/ -->\n<title>Kordon kan\u0131 tedavi olas\u0131l\u0131klar\u0131 - Future Health Biobank Turkey<\/title>\n<meta name=\"robots\" content=\"noindex, follow, max-snippet:-1, max-image-preview:large, max-video-preview:-1\" \/>\n<meta property=\"og:locale\" content=\"tr_TR\" \/>\n<meta property=\"og:type\" content=\"article\" \/>\n<meta property=\"og:title\" content=\"Kordon kan\u0131 tedavi olas\u0131l\u0131klar\u0131 - Future Health Biobank Turkey\" \/>\n<meta property=\"og:url\" content=\"https:\/\/staging.futurehealthbiobank.com\/tr\/kordon-kani-tedavi-olasiliklari\/\" \/>\n<meta property=\"og:site_name\" content=\"Future Health Biobank Turkey\" \/>\n<meta property=\"article:modified_time\" content=\"2017-02-14T09:47:03+00:00\" \/>\n<meta name=\"twitter:card\" content=\"summary_large_image\" \/>\n<script type=\"application\/ld+json\" class=\"yoast-schema-graph\">{\"@context\":\"https:\/\/schema.org\",\"@graph\":[{\"@type\":\"WebPage\",\"@id\":\"https:\/\/staging.futurehealthbiobank.com\/tr\/kordon-kani-tedavi-olasiliklari\/\",\"url\":\"https:\/\/staging.futurehealthbiobank.com\/tr\/kordon-kani-tedavi-olasiliklari\/\",\"name\":\"Kordon kan\u0131 tedavi olas\u0131l\u0131klar\u0131 - Future Health Biobank Turkey\",\"isPartOf\":{\"@id\":\"https:\/\/staging.futurehealthbiobank.com\/tr\/#website\"},\"datePublished\":\"2016-04-07T11:18:43+00:00\",\"dateModified\":\"2017-02-14T09:47:03+00:00\",\"inLanguage\":\"tr\",\"potentialAction\":[{\"@type\":\"ReadAction\",\"target\":[\"https:\/\/staging.futurehealthbiobank.com\/tr\/kordon-kani-tedavi-olasiliklari\/\"]}]},{\"@type\":\"WebSite\",\"@id\":\"https:\/\/staging.futurehealthbiobank.com\/tr\/#website\",\"url\":\"https:\/\/staging.futurehealthbiobank.com\/tr\/\",\"name\":\"Future Health Biobank Turkey\",\"description\":\"\",\"potentialAction\":[{\"@type\":\"SearchAction\",\"target\":{\"@type\":\"EntryPoint\",\"urlTemplate\":\"https:\/\/staging.futurehealthbiobank.com\/tr\/?s={search_term_string}\"},\"query-input\":{\"@type\":\"PropertyValueSpecification\",\"valueRequired\":true,\"valueName\":\"search_term_string\"}}],\"inLanguage\":\"tr\"}]}<\/script>\n<!-- \/ Yoast SEO plugin. -->","yoast_head_json":{"title":"Kordon kan\u0131 tedavi olas\u0131l\u0131klar\u0131 - Future Health Biobank Turkey","robots":{"index":"noindex","follow":"follow","max-snippet":"max-snippet:-1","max-image-preview":"max-image-preview:large","max-video-preview":"max-video-preview:-1"},"og_locale":"tr_TR","og_type":"article","og_title":"Kordon kan\u0131 tedavi olas\u0131l\u0131klar\u0131 - Future Health Biobank Turkey","og_url":"https:\/\/staging.futurehealthbiobank.com\/tr\/kordon-kani-tedavi-olasiliklari\/","og_site_name":"Future Health Biobank Turkey","article_modified_time":"2017-02-14T09:47:03+00:00","twitter_card":"summary_large_image","schema":{"@context":"https:\/\/schema.org","@graph":[{"@type":"WebPage","@id":"https:\/\/staging.futurehealthbiobank.com\/tr\/kordon-kani-tedavi-olasiliklari\/","url":"https:\/\/staging.futurehealthbiobank.com\/tr\/kordon-kani-tedavi-olasiliklari\/","name":"Kordon kan\u0131 tedavi olas\u0131l\u0131klar\u0131 - Future Health Biobank Turkey","isPartOf":{"@id":"https:\/\/staging.futurehealthbiobank.com\/tr\/#website"},"datePublished":"2016-04-07T11:18:43+00:00","dateModified":"2017-02-14T09:47:03+00:00","inLanguage":"tr","potentialAction":[{"@type":"ReadAction","target":["https:\/\/staging.futurehealthbiobank.com\/tr\/kordon-kani-tedavi-olasiliklari\/"]}]},{"@type":"WebSite","@id":"https:\/\/staging.futurehealthbiobank.com\/tr\/#website","url":"https:\/\/staging.futurehealthbiobank.com\/tr\/","name":"Future Health Biobank Turkey","description":"","potentialAction":[{"@type":"SearchAction","target":{"@type":"EntryPoint","urlTemplate":"https:\/\/staging.futurehealthbiobank.com\/tr\/?s={search_term_string}"},"query-input":{"@type":"PropertyValueSpecification","valueRequired":true,"valueName":"search_term_string"}}],"inLanguage":"tr"}]}},"_links":{"self":[{"href":"https:\/\/staging.futurehealthbiobank.com\/tr\/wp-json\/wp\/v2\/pages\/3436","targetHints":{"allow":["GET"]}}],"collection":[{"href":"https:\/\/staging.futurehealthbiobank.com\/tr\/wp-json\/wp\/v2\/pages"}],"about":[{"href":"https:\/\/staging.futurehealthbiobank.com\/tr\/wp-json\/wp\/v2\/types\/page"}],"author":[{"embeddable":true,"href":"https:\/\/staging.futurehealthbiobank.com\/tr\/wp-json\/wp\/v2\/users\/25"}],"replies":[{"embeddable":true,"href":"https:\/\/staging.futurehealthbiobank.com\/tr\/wp-json\/wp\/v2\/comments?post=3436"}],"version-history":[{"count":0,"href":"https:\/\/staging.futurehealthbiobank.com\/tr\/wp-json\/wp\/v2\/pages\/3436\/revisions"}],"wp:attachment":[{"href":"https:\/\/staging.futurehealthbiobank.com\/tr\/wp-json\/wp\/v2\/media?parent=3436"}],"curies":[{"name":"wp","href":"https:\/\/api.w.org\/{rel}","templated":true}]}}