

{"id":3649,"date":"2016-04-24T16:53:37","date_gmt":"2016-04-24T15:53:37","guid":{"rendered":"https:\/\/staging.futurehealthbiobank.com\/tr\/?page_id=3649"},"modified":"2017-03-03T10:32:13","modified_gmt":"2017-03-03T10:32:13","slug":"isleme-metodu","status":"publish","type":"page","link":"https:\/\/staging.futurehealthbiobank.com\/tr\/gobek-kordonu-kok-hucre-bankaciligi\/isleme-metodu\/","title":{"rendered":"\u0130\u015fleme metodu"},"content":{"rendered":"","protected":false},"excerpt":{"rendered":"","protected":false},"author":25,"featured_media":0,"parent":2360,"menu_order":0,"comment_status":"closed","ping_status":"closed","template":"page-page_template.php","meta":{"_acf_changed":false,"footnotes":""},"class_list":["post-3649","page","type-page","status-publish","hentry"],"acf":[],"yoast_head":"<!-- This site is optimized with the Yoast SEO plugin v26.7 - https:\/\/yoast.com\/wordpress\/plugins\/seo\/ -->\n<title>\u0130\u015fleme metodu - Future Health Biobank Turkey<\/title>\n<meta name=\"robots\" content=\"noindex, follow, max-snippet:-1, max-image-preview:large, max-video-preview:-1\" \/>\n<meta property=\"og:locale\" content=\"tr_TR\" \/>\n<meta property=\"og:type\" content=\"article\" \/>\n<meta property=\"og:title\" content=\"\u0130\u015fleme metodu - Future Health Biobank Turkey\" \/>\n<meta property=\"og:url\" content=\"https:\/\/staging.futurehealthbiobank.com\/tr\/gobek-kordonu-kok-hucre-bankaciligi\/isleme-metodu\/\" \/>\n<meta property=\"og:site_name\" content=\"Future Health Biobank Turkey\" \/>\n<meta property=\"article:modified_time\" content=\"2017-03-03T10:32:13+00:00\" \/>\n<meta name=\"twitter:card\" content=\"summary_large_image\" \/>\n<script type=\"application\/ld+json\" class=\"yoast-schema-graph\">{\"@context\":\"https:\/\/schema.org\",\"@graph\":[{\"@type\":\"WebPage\",\"@id\":\"https:\/\/staging.futurehealthbiobank.com\/tr\/gobek-kordonu-kok-hucre-bankaciligi\/isleme-metodu\/\",\"url\":\"https:\/\/staging.futurehealthbiobank.com\/tr\/gobek-kordonu-kok-hucre-bankaciligi\/isleme-metodu\/\",\"name\":\"\u0130\u015fleme metodu - Future Health Biobank Turkey\",\"isPartOf\":{\"@id\":\"https:\/\/staging.futurehealthbiobank.com\/tr\/#website\"},\"datePublished\":\"2016-04-24T15:53:37+00:00\",\"dateModified\":\"2017-03-03T10:32:13+00:00\",\"breadcrumb\":{\"@id\":\"https:\/\/staging.futurehealthbiobank.com\/tr\/gobek-kordonu-kok-hucre-bankaciligi\/isleme-metodu\/#breadcrumb\"},\"inLanguage\":\"tr\",\"potentialAction\":[{\"@type\":\"ReadAction\",\"target\":[\"https:\/\/staging.futurehealthbiobank.com\/tr\/gobek-kordonu-kok-hucre-bankaciligi\/isleme-metodu\/\"]}]},{\"@type\":\"BreadcrumbList\",\"@id\":\"https:\/\/staging.futurehealthbiobank.com\/tr\/gobek-kordonu-kok-hucre-bankaciligi\/isleme-metodu\/#breadcrumb\",\"itemListElement\":[{\"@type\":\"ListItem\",\"position\":1,\"name\":\"G\u00f6bek kordonu k\u00f6k h\u00fccre bankac\u0131l\u0131\u011f\u0131\",\"item\":\"https:\/\/staging.futurehealthbiobank.com\/tr\/gobek-kordonu-kok-hucre-bankaciligi\/\"},{\"@type\":\"ListItem\",\"position\":2,\"name\":\"\u0130\u015fleme metodu\"}]},{\"@type\":\"WebSite\",\"@id\":\"https:\/\/staging.futurehealthbiobank.com\/tr\/#website\",\"url\":\"https:\/\/staging.futurehealthbiobank.com\/tr\/\",\"name\":\"Future Health Biobank Turkey\",\"description\":\"\",\"potentialAction\":[{\"@type\":\"SearchAction\",\"target\":{\"@type\":\"EntryPoint\",\"urlTemplate\":\"https:\/\/staging.futurehealthbiobank.com\/tr\/?s={search_term_string}\"},\"query-input\":{\"@type\":\"PropertyValueSpecification\",\"valueRequired\":true,\"valueName\":\"search_term_string\"}}],\"inLanguage\":\"tr\"}]}<\/script>\n<!-- \/ Yoast SEO plugin. -->","yoast_head_json":{"title":"\u0130\u015fleme metodu - Future Health Biobank Turkey","robots":{"index":"noindex","follow":"follow","max-snippet":"max-snippet:-1","max-image-preview":"max-image-preview:large","max-video-preview":"max-video-preview:-1"},"og_locale":"tr_TR","og_type":"article","og_title":"\u0130\u015fleme metodu - Future Health Biobank Turkey","og_url":"https:\/\/staging.futurehealthbiobank.com\/tr\/gobek-kordonu-kok-hucre-bankaciligi\/isleme-metodu\/","og_site_name":"Future Health Biobank Turkey","article_modified_time":"2017-03-03T10:32:13+00:00","twitter_card":"summary_large_image","schema":{"@context":"https:\/\/schema.org","@graph":[{"@type":"WebPage","@id":"https:\/\/staging.futurehealthbiobank.com\/tr\/gobek-kordonu-kok-hucre-bankaciligi\/isleme-metodu\/","url":"https:\/\/staging.futurehealthbiobank.com\/tr\/gobek-kordonu-kok-hucre-bankaciligi\/isleme-metodu\/","name":"\u0130\u015fleme metodu - Future Health Biobank Turkey","isPartOf":{"@id":"https:\/\/staging.futurehealthbiobank.com\/tr\/#website"},"datePublished":"2016-04-24T15:53:37+00:00","dateModified":"2017-03-03T10:32:13+00:00","breadcrumb":{"@id":"https:\/\/staging.futurehealthbiobank.com\/tr\/gobek-kordonu-kok-hucre-bankaciligi\/isleme-metodu\/#breadcrumb"},"inLanguage":"tr","potentialAction":[{"@type":"ReadAction","target":["https:\/\/staging.futurehealthbiobank.com\/tr\/gobek-kordonu-kok-hucre-bankaciligi\/isleme-metodu\/"]}]},{"@type":"BreadcrumbList","@id":"https:\/\/staging.futurehealthbiobank.com\/tr\/gobek-kordonu-kok-hucre-bankaciligi\/isleme-metodu\/#breadcrumb","itemListElement":[{"@type":"ListItem","position":1,"name":"G\u00f6bek kordonu k\u00f6k h\u00fccre bankac\u0131l\u0131\u011f\u0131","item":"https:\/\/staging.futurehealthbiobank.com\/tr\/gobek-kordonu-kok-hucre-bankaciligi\/"},{"@type":"ListItem","position":2,"name":"\u0130\u015fleme metodu"}]},{"@type":"WebSite","@id":"https:\/\/staging.futurehealthbiobank.com\/tr\/#website","url":"https:\/\/staging.futurehealthbiobank.com\/tr\/","name":"Future Health Biobank Turkey","description":"","potentialAction":[{"@type":"SearchAction","target":{"@type":"EntryPoint","urlTemplate":"https:\/\/staging.futurehealthbiobank.com\/tr\/?s={search_term_string}"},"query-input":{"@type":"PropertyValueSpecification","valueRequired":true,"valueName":"search_term_string"}}],"inLanguage":"tr"}]}},"_links":{"self":[{"href":"https:\/\/staging.futurehealthbiobank.com\/tr\/wp-json\/wp\/v2\/pages\/3649","targetHints":{"allow":["GET"]}}],"collection":[{"href":"https:\/\/staging.futurehealthbiobank.com\/tr\/wp-json\/wp\/v2\/pages"}],"about":[{"href":"https:\/\/staging.futurehealthbiobank.com\/tr\/wp-json\/wp\/v2\/types\/page"}],"author":[{"embeddable":true,"href":"https:\/\/staging.futurehealthbiobank.com\/tr\/wp-json\/wp\/v2\/users\/25"}],"replies":[{"embeddable":true,"href":"https:\/\/staging.futurehealthbiobank.com\/tr\/wp-json\/wp\/v2\/comments?post=3649"}],"version-history":[{"count":0,"href":"https:\/\/staging.futurehealthbiobank.com\/tr\/wp-json\/wp\/v2\/pages\/3649\/revisions"}],"up":[{"embeddable":true,"href":"https:\/\/staging.futurehealthbiobank.com\/tr\/wp-json\/wp\/v2\/pages\/2360"}],"wp:attachment":[{"href":"https:\/\/staging.futurehealthbiobank.com\/tr\/wp-json\/wp\/v2\/media?parent=3649"}],"curies":[{"name":"wp","href":"https:\/\/api.w.org\/{rel}","templated":true}]}}