{"id":11149,"date":"2019-08-11T14:30:40","date_gmt":"2019-08-11T13:30:40","guid":{"rendered":"https:\/\/staging.futurehealthbiobank.com\/vn\/?page_id=11149"},"modified":"2021-09-10T12:13:53","modified_gmt":"2021-09-10T11:13:53","slug":"cac-mau-duoc-giai-phong","status":"publish","type":"page","link":"https:\/\/staging.futurehealthbiobank.com\/vn\/cac-mau-duoc-giai-phong\/","title":{"rendered":"C\u00e1c m\u1eabu \u0111\u01b0\u1ee3c gi\u1ea3i ph\u00f3ng"},"content":{"rendered":"","protected":false},"excerpt":{"rendered":"","protected":false},"author":10,"featured_media":0,"parent":0,"menu_order":0,"comment_status":"closed","ping_status":"closed","template":"page-samplerelease.php","meta":{"_acf_changed":false,"footnotes":""},"class_list":["post-11149","page","type-page","status-publish","hentry"],"acf":[],"yoast_head":"<!-- This site is optimized with the Yoast SEO plugin v26.7 - https:\/\/yoast.com\/wordpress\/plugins\/seo\/ -->\n<title>C\u00e1c m\u1eabu \u0111\u01b0\u1ee3c gi\u1ea3i ph\u00f3ng - Future Health Biobank Vietnam<\/title>\n<meta name=\"description\" content=\"T\u1ea1i \u0111\u00e2y, b\u1ea1n c\u00f3 th\u1ec3 t\u00ecm th\u1ea5y c\u00e1c tr\u01b0\u1eddng h\u1ee3p v\u1ec1 m\u1eabu \u0111\u01b0\u1ee3c gi\u1ea3i ph\u00f3ng v\u1edbi m\u1ee5c \u0111\u00edch g\u00ec v\u00e0 ph\u01b0\u01a1ng ph\u00e1p x\u1eed l\u00fd c\u1ee7a ch\u00fang t\u00f4i \u0111\u1ea1t ti\u00eau chu\u1ea9n v\u00e0ng c\u1ee7a ng\u00e0nh \u0111\u00f3ng vai tr\u00f2 quan tr\u1ecdng trong kh\u1ea3 n\u0103ng gi\u1ea3i ph\u00f3ng th\u00e0nh c\u00f4ng c\u00e1c m\u1eabu t\u1ebf b\u00e0o g\u1ed1c.\" \/>\n<meta name=\"robots\" content=\"noindex, follow, max-snippet:-1, max-image-preview:large, max-video-preview:-1\" \/>\n<meta property=\"og:locale\" content=\"en_GB\" \/>\n<meta property=\"og:type\" content=\"article\" \/>\n<meta property=\"og:title\" content=\"C\u00e1c m\u1eabu \u0111\u01b0\u1ee3c gi\u1ea3i ph\u00f3ng - Future Health Biobank Vietnam\" \/>\n<meta property=\"og:description\" content=\"T\u1ea1i \u0111\u00e2y, b\u1ea1n c\u00f3 th\u1ec3 t\u00ecm th\u1ea5y c\u00e1c tr\u01b0\u1eddng h\u1ee3p v\u1ec1 m\u1eabu \u0111\u01b0\u1ee3c gi\u1ea3i ph\u00f3ng v\u1edbi m\u1ee5c \u0111\u00edch g\u00ec v\u00e0 ph\u01b0\u01a1ng ph\u00e1p x\u1eed l\u00fd c\u1ee7a ch\u00fang t\u00f4i \u0111\u1ea1t ti\u00eau chu\u1ea9n v\u00e0ng c\u1ee7a ng\u00e0nh \u0111\u00f3ng vai tr\u00f2 quan tr\u1ecdng trong kh\u1ea3 n\u0103ng gi\u1ea3i ph\u00f3ng th\u00e0nh c\u00f4ng c\u00e1c m\u1eabu t\u1ebf b\u00e0o g\u1ed1c.\" \/>\n<meta property=\"og:url\" content=\"https:\/\/staging.futurehealthbiobank.com\/vn\/cac-mau-duoc-giai-phong\/\" \/>\n<meta property=\"og:site_name\" content=\"Future Health Biobank Vietnam\" \/>\n<meta property=\"article:modified_time\" content=\"2021-09-10T11:13:53+00:00\" \/>\n<meta name=\"twitter:card\" content=\"summary_large_image\" \/>\n<script type=\"application\/ld+json\" class=\"yoast-schema-graph\">{\"@context\":\"https:\/\/schema.org\",\"@graph\":[{\"@type\":\"WebPage\",\"@id\":\"https:\/\/staging.futurehealthbiobank.com\/vn\/cac-mau-duoc-giai-phong\/\",\"url\":\"https:\/\/staging.futurehealthbiobank.com\/vn\/cac-mau-duoc-giai-phong\/\",\"name\":\"C\u00e1c m\u1eabu \u0111\u01b0\u1ee3c gi\u1ea3i ph\u00f3ng - Future Health Biobank Vietnam\",\"isPartOf\":{\"@id\":\"https:\/\/staging.futurehealthbiobank.com\/vn\/#website\"},\"datePublished\":\"2019-08-11T13:30:40+00:00\",\"dateModified\":\"2021-09-10T11:13:53+00:00\",\"description\":\"T\u1ea1i \u0111\u00e2y, b\u1ea1n c\u00f3 th\u1ec3 t\u00ecm th\u1ea5y c\u00e1c tr\u01b0\u1eddng h\u1ee3p v\u1ec1 m\u1eabu \u0111\u01b0\u1ee3c gi\u1ea3i ph\u00f3ng v\u1edbi m\u1ee5c \u0111\u00edch g\u00ec v\u00e0 ph\u01b0\u01a1ng ph\u00e1p x\u1eed l\u00fd c\u1ee7a ch\u00fang t\u00f4i \u0111\u1ea1t ti\u00eau chu\u1ea9n v\u00e0ng c\u1ee7a ng\u00e0nh \u0111\u00f3ng vai tr\u00f2 quan tr\u1ecdng trong kh\u1ea3 n\u0103ng gi\u1ea3i ph\u00f3ng th\u00e0nh c\u00f4ng c\u00e1c m\u1eabu t\u1ebf b\u00e0o g\u1ed1c.\",\"inLanguage\":\"en-GB\",\"potentialAction\":[{\"@type\":\"ReadAction\",\"target\":[\"https:\/\/staging.futurehealthbiobank.com\/vn\/cac-mau-duoc-giai-phong\/\"]}]},{\"@type\":\"WebSite\",\"@id\":\"https:\/\/staging.futurehealthbiobank.com\/vn\/#website\",\"url\":\"https:\/\/staging.futurehealthbiobank.com\/vn\/\",\"name\":\"Future Health Biobank Vietnam\",\"description\":\"\",\"potentialAction\":[{\"@type\":\"SearchAction\",\"target\":{\"@type\":\"EntryPoint\",\"urlTemplate\":\"https:\/\/staging.futurehealthbiobank.com\/vn\/?s={search_term_string}\"},\"query-input\":{\"@type\":\"PropertyValueSpecification\",\"valueRequired\":true,\"valueName\":\"search_term_string\"}}],\"inLanguage\":\"en-GB\"}]}<\/script>\n<!-- \/ Yoast SEO plugin. -->","yoast_head_json":{"title":"C\u00e1c m\u1eabu \u0111\u01b0\u1ee3c gi\u1ea3i ph\u00f3ng - Future Health Biobank Vietnam","description":"T\u1ea1i \u0111\u00e2y, b\u1ea1n c\u00f3 th\u1ec3 t\u00ecm th\u1ea5y c\u00e1c tr\u01b0\u1eddng h\u1ee3p v\u1ec1 m\u1eabu \u0111\u01b0\u1ee3c gi\u1ea3i ph\u00f3ng v\u1edbi m\u1ee5c \u0111\u00edch g\u00ec v\u00e0 ph\u01b0\u01a1ng ph\u00e1p x\u1eed l\u00fd c\u1ee7a ch\u00fang t\u00f4i \u0111\u1ea1t ti\u00eau chu\u1ea9n v\u00e0ng c\u1ee7a ng\u00e0nh \u0111\u00f3ng vai tr\u00f2 quan tr\u1ecdng trong kh\u1ea3 n\u0103ng gi\u1ea3i ph\u00f3ng th\u00e0nh c\u00f4ng c\u00e1c m\u1eabu t\u1ebf b\u00e0o g\u1ed1c.","robots":{"index":"noindex","follow":"follow","max-snippet":"max-snippet:-1","max-image-preview":"max-image-preview:large","max-video-preview":"max-video-preview:-1"},"og_locale":"en_GB","og_type":"article","og_title":"C\u00e1c m\u1eabu \u0111\u01b0\u1ee3c gi\u1ea3i ph\u00f3ng - Future Health Biobank Vietnam","og_description":"T\u1ea1i \u0111\u00e2y, b\u1ea1n c\u00f3 th\u1ec3 t\u00ecm th\u1ea5y c\u00e1c tr\u01b0\u1eddng h\u1ee3p v\u1ec1 m\u1eabu \u0111\u01b0\u1ee3c gi\u1ea3i ph\u00f3ng v\u1edbi m\u1ee5c \u0111\u00edch g\u00ec v\u00e0 ph\u01b0\u01a1ng ph\u00e1p x\u1eed l\u00fd c\u1ee7a ch\u00fang t\u00f4i \u0111\u1ea1t ti\u00eau chu\u1ea9n v\u00e0ng c\u1ee7a ng\u00e0nh \u0111\u00f3ng vai tr\u00f2 quan tr\u1ecdng trong kh\u1ea3 n\u0103ng gi\u1ea3i ph\u00f3ng th\u00e0nh c\u00f4ng c\u00e1c m\u1eabu t\u1ebf b\u00e0o g\u1ed1c.","og_url":"https:\/\/staging.futurehealthbiobank.com\/vn\/cac-mau-duoc-giai-phong\/","og_site_name":"Future Health Biobank Vietnam","article_modified_time":"2021-09-10T11:13:53+00:00","twitter_card":"summary_large_image","schema":{"@context":"https:\/\/schema.org","@graph":[{"@type":"WebPage","@id":"https:\/\/staging.futurehealthbiobank.com\/vn\/cac-mau-duoc-giai-phong\/","url":"https:\/\/staging.futurehealthbiobank.com\/vn\/cac-mau-duoc-giai-phong\/","name":"C\u00e1c m\u1eabu \u0111\u01b0\u1ee3c gi\u1ea3i ph\u00f3ng - Future Health Biobank Vietnam","isPartOf":{"@id":"https:\/\/staging.futurehealthbiobank.com\/vn\/#website"},"datePublished":"2019-08-11T13:30:40+00:00","dateModified":"2021-09-10T11:13:53+00:00","description":"T\u1ea1i \u0111\u00e2y, b\u1ea1n c\u00f3 th\u1ec3 t\u00ecm th\u1ea5y c\u00e1c tr\u01b0\u1eddng h\u1ee3p v\u1ec1 m\u1eabu \u0111\u01b0\u1ee3c gi\u1ea3i ph\u00f3ng v\u1edbi m\u1ee5c \u0111\u00edch g\u00ec v\u00e0 ph\u01b0\u01a1ng ph\u00e1p x\u1eed l\u00fd c\u1ee7a ch\u00fang t\u00f4i \u0111\u1ea1t ti\u00eau chu\u1ea9n v\u00e0ng c\u1ee7a ng\u00e0nh \u0111\u00f3ng vai tr\u00f2 quan tr\u1ecdng trong kh\u1ea3 n\u0103ng gi\u1ea3i ph\u00f3ng th\u00e0nh c\u00f4ng c\u00e1c m\u1eabu t\u1ebf b\u00e0o g\u1ed1c.","inLanguage":"en-GB","potentialAction":[{"@type":"ReadAction","target":["https:\/\/staging.futurehealthbiobank.com\/vn\/cac-mau-duoc-giai-phong\/"]}]},{"@type":"WebSite","@id":"https:\/\/staging.futurehealthbiobank.com\/vn\/#website","url":"https:\/\/staging.futurehealthbiobank.com\/vn\/","name":"Future Health Biobank Vietnam","description":"","potentialAction":[{"@type":"SearchAction","target":{"@type":"EntryPoint","urlTemplate":"https:\/\/staging.futurehealthbiobank.com\/vn\/?s={search_term_string}"},"query-input":{"@type":"PropertyValueSpecification","valueRequired":true,"valueName":"search_term_string"}}],"inLanguage":"en-GB"}]}},"_links":{"self":[{"href":"https:\/\/staging.futurehealthbiobank.com\/vn\/wp-json\/wp\/v2\/pages\/11149","targetHints":{"allow":["GET"]}}],"collection":[{"href":"https:\/\/staging.futurehealthbiobank.com\/vn\/wp-json\/wp\/v2\/pages"}],"about":[{"href":"https:\/\/staging.futurehealthbiobank.com\/vn\/wp-json\/wp\/v2\/types\/page"}],"author":[{"embeddable":true,"href":"https:\/\/staging.futurehealthbiobank.com\/vn\/wp-json\/wp\/v2\/users\/10"}],"replies":[{"embeddable":true,"href":"https:\/\/staging.futurehealthbiobank.com\/vn\/wp-json\/wp\/v2\/comments?post=11149"}],"version-history":[{"count":0,"href":"https:\/\/staging.futurehealthbiobank.com\/vn\/wp-json\/wp\/v2\/pages\/11149\/revisions"}],"wp:attachment":[{"href":"https:\/\/staging.futurehealthbiobank.com\/vn\/wp-json\/wp\/v2\/media?parent=11149"}],"curies":[{"name":"wp","href":"https:\/\/api.w.org\/{rel}","templated":true}]}}