{"id":11917,"date":"2019-07-29T14:34:37","date_gmt":"2019-07-29T13:34:37","guid":{"rendered":"https:\/\/staging.futurehealthbiobank.com\/vn\/?page_id=11917"},"modified":"2021-09-10T10:20:47","modified_gmt":"2021-09-10T09:20:47","slug":"cac-phuong-phap-xu-ly","status":"publish","type":"page","link":"https:\/\/staging.futurehealthbiobank.com\/vn\/cac-phuong-phap-xu-ly\/","title":{"rendered":"C\u00e1c ph\u01b0\u01a1ng ph\u00e1p x\u1eed l\u00fd"},"content":{"rendered":"","protected":false},"excerpt":{"rendered":"","protected":false},"author":24,"featured_media":0,"parent":0,"menu_order":0,"comment_status":"closed","ping_status":"closed","template":"page-processing-methods-new.php","meta":{"_acf_changed":false,"footnotes":""},"class_list":["post-11917","page","type-page","status-publish","hentry"],"acf":[],"yoast_head":"<!-- This site is optimized with the Yoast SEO plugin v26.7 - https:\/\/yoast.com\/wordpress\/plugins\/seo\/ -->\n<title>C\u00e1c ph\u01b0\u01a1ng ph\u00e1p x\u1eed l\u00fd - Future Health Biobank Vietnam<\/title>\n<meta name=\"description\" content=\"Ch\u1ec9 c\u1ea7n \u00edt nh\u1ea5t 15ml d\u00e2y r\u1ed1n \u0111\u1ec3 l\u1ea5y m\u1eabu t\u1ebf b\u00e0o g\u1ed1c th\u00e0nh c\u00f4ng. \u0110i\u1ec1u n\u00e0y c\u00f3 th\u1ec3 \u0111\u01b0\u1ee3c thu th\u1eadp b\u1edfi m\u1ed9t b\u00e1c s\u0129 phlebotom chuy\u00ean nghi\u1ec7p - do ch\u00fang t\u00f4i s\u1eafp x\u1ebfp - c\u00f9ng v\u1edbi vi\u1ec7c k\u1eb9p d\u00e2y r\u1ed1n ch\u1eadm tr\u1ec5, sau khi b\u1ea1n sinh con.\" \/>\n<meta name=\"robots\" content=\"noindex, follow, max-snippet:-1, max-image-preview:large, max-video-preview:-1\" \/>\n<meta property=\"og:locale\" content=\"en_GB\" \/>\n<meta property=\"og:type\" content=\"article\" \/>\n<meta property=\"og:title\" content=\"C\u00e1c ph\u01b0\u01a1ng ph\u00e1p x\u1eed l\u00fd - Future Health Biobank Vietnam\" \/>\n<meta property=\"og:description\" content=\"Ch\u1ec9 c\u1ea7n \u00edt nh\u1ea5t 15ml d\u00e2y r\u1ed1n \u0111\u1ec3 l\u1ea5y m\u1eabu t\u1ebf b\u00e0o g\u1ed1c th\u00e0nh c\u00f4ng. \u0110i\u1ec1u n\u00e0y c\u00f3 th\u1ec3 \u0111\u01b0\u1ee3c thu th\u1eadp b\u1edfi m\u1ed9t b\u00e1c s\u0129 phlebotom chuy\u00ean nghi\u1ec7p - do ch\u00fang t\u00f4i s\u1eafp x\u1ebfp - c\u00f9ng v\u1edbi vi\u1ec7c k\u1eb9p d\u00e2y r\u1ed1n ch\u1eadm tr\u1ec5, sau khi b\u1ea1n sinh con.\" \/>\n<meta property=\"og:url\" content=\"https:\/\/staging.futurehealthbiobank.com\/vn\/cac-phuong-phap-xu-ly\/\" \/>\n<meta property=\"og:site_name\" content=\"Future Health Biobank Vietnam\" \/>\n<meta property=\"article:modified_time\" content=\"2021-09-10T09:20:47+00:00\" \/>\n<meta name=\"twitter:card\" content=\"summary_large_image\" \/>\n<script type=\"application\/ld+json\" class=\"yoast-schema-graph\">{\"@context\":\"https:\/\/schema.org\",\"@graph\":[{\"@type\":\"WebPage\",\"@id\":\"https:\/\/staging.futurehealthbiobank.com\/vn\/cac-phuong-phap-xu-ly\/\",\"url\":\"https:\/\/staging.futurehealthbiobank.com\/vn\/cac-phuong-phap-xu-ly\/\",\"name\":\"C\u00e1c ph\u01b0\u01a1ng ph\u00e1p x\u1eed l\u00fd - Future Health Biobank Vietnam\",\"isPartOf\":{\"@id\":\"https:\/\/staging.futurehealthbiobank.com\/vn\/#website\"},\"datePublished\":\"2019-07-29T13:34:37+00:00\",\"dateModified\":\"2021-09-10T09:20:47+00:00\",\"description\":\"Ch\u1ec9 c\u1ea7n \u00edt nh\u1ea5t 15ml d\u00e2y r\u1ed1n \u0111\u1ec3 l\u1ea5y m\u1eabu t\u1ebf b\u00e0o g\u1ed1c th\u00e0nh c\u00f4ng. \u0110i\u1ec1u n\u00e0y c\u00f3 th\u1ec3 \u0111\u01b0\u1ee3c thu th\u1eadp b\u1edfi m\u1ed9t b\u00e1c s\u0129 phlebotom chuy\u00ean nghi\u1ec7p - do ch\u00fang t\u00f4i s\u1eafp x\u1ebfp - c\u00f9ng v\u1edbi vi\u1ec7c k\u1eb9p d\u00e2y r\u1ed1n ch\u1eadm tr\u1ec5, sau khi b\u1ea1n sinh con.\",\"inLanguage\":\"en-GB\",\"potentialAction\":[{\"@type\":\"ReadAction\",\"target\":[\"https:\/\/staging.futurehealthbiobank.com\/vn\/cac-phuong-phap-xu-ly\/\"]}]},{\"@type\":\"WebSite\",\"@id\":\"https:\/\/staging.futurehealthbiobank.com\/vn\/#website\",\"url\":\"https:\/\/staging.futurehealthbiobank.com\/vn\/\",\"name\":\"Future Health Biobank Vietnam\",\"description\":\"\",\"potentialAction\":[{\"@type\":\"SearchAction\",\"target\":{\"@type\":\"EntryPoint\",\"urlTemplate\":\"https:\/\/staging.futurehealthbiobank.com\/vn\/?s={search_term_string}\"},\"query-input\":{\"@type\":\"PropertyValueSpecification\",\"valueRequired\":true,\"valueName\":\"search_term_string\"}}],\"inLanguage\":\"en-GB\"}]}<\/script>\n<!-- \/ Yoast SEO plugin. -->","yoast_head_json":{"title":"C\u00e1c ph\u01b0\u01a1ng ph\u00e1p x\u1eed l\u00fd - Future Health Biobank Vietnam","description":"Ch\u1ec9 c\u1ea7n \u00edt nh\u1ea5t 15ml d\u00e2y r\u1ed1n \u0111\u1ec3 l\u1ea5y m\u1eabu t\u1ebf b\u00e0o g\u1ed1c th\u00e0nh c\u00f4ng. \u0110i\u1ec1u n\u00e0y c\u00f3 th\u1ec3 \u0111\u01b0\u1ee3c thu th\u1eadp b\u1edfi m\u1ed9t b\u00e1c s\u0129 phlebotom chuy\u00ean nghi\u1ec7p - do ch\u00fang t\u00f4i s\u1eafp x\u1ebfp - c\u00f9ng v\u1edbi vi\u1ec7c k\u1eb9p d\u00e2y r\u1ed1n ch\u1eadm tr\u1ec5, sau khi b\u1ea1n sinh con.","robots":{"index":"noindex","follow":"follow","max-snippet":"max-snippet:-1","max-image-preview":"max-image-preview:large","max-video-preview":"max-video-preview:-1"},"og_locale":"en_GB","og_type":"article","og_title":"C\u00e1c ph\u01b0\u01a1ng ph\u00e1p x\u1eed l\u00fd - Future Health Biobank Vietnam","og_description":"Ch\u1ec9 c\u1ea7n \u00edt nh\u1ea5t 15ml d\u00e2y r\u1ed1n \u0111\u1ec3 l\u1ea5y m\u1eabu t\u1ebf b\u00e0o g\u1ed1c th\u00e0nh c\u00f4ng. \u0110i\u1ec1u n\u00e0y c\u00f3 th\u1ec3 \u0111\u01b0\u1ee3c thu th\u1eadp b\u1edfi m\u1ed9t b\u00e1c s\u0129 phlebotom chuy\u00ean nghi\u1ec7p - do ch\u00fang t\u00f4i s\u1eafp x\u1ebfp - c\u00f9ng v\u1edbi vi\u1ec7c k\u1eb9p d\u00e2y r\u1ed1n ch\u1eadm tr\u1ec5, sau khi b\u1ea1n sinh con.","og_url":"https:\/\/staging.futurehealthbiobank.com\/vn\/cac-phuong-phap-xu-ly\/","og_site_name":"Future Health Biobank Vietnam","article_modified_time":"2021-09-10T09:20:47+00:00","twitter_card":"summary_large_image","schema":{"@context":"https:\/\/schema.org","@graph":[{"@type":"WebPage","@id":"https:\/\/staging.futurehealthbiobank.com\/vn\/cac-phuong-phap-xu-ly\/","url":"https:\/\/staging.futurehealthbiobank.com\/vn\/cac-phuong-phap-xu-ly\/","name":"C\u00e1c ph\u01b0\u01a1ng ph\u00e1p x\u1eed l\u00fd - Future Health Biobank Vietnam","isPartOf":{"@id":"https:\/\/staging.futurehealthbiobank.com\/vn\/#website"},"datePublished":"2019-07-29T13:34:37+00:00","dateModified":"2021-09-10T09:20:47+00:00","description":"Ch\u1ec9 c\u1ea7n \u00edt nh\u1ea5t 15ml d\u00e2y r\u1ed1n \u0111\u1ec3 l\u1ea5y m\u1eabu t\u1ebf b\u00e0o g\u1ed1c th\u00e0nh c\u00f4ng. \u0110i\u1ec1u n\u00e0y c\u00f3 th\u1ec3 \u0111\u01b0\u1ee3c thu th\u1eadp b\u1edfi m\u1ed9t b\u00e1c s\u0129 phlebotom chuy\u00ean nghi\u1ec7p - do ch\u00fang t\u00f4i s\u1eafp x\u1ebfp - c\u00f9ng v\u1edbi vi\u1ec7c k\u1eb9p d\u00e2y r\u1ed1n ch\u1eadm tr\u1ec5, sau khi b\u1ea1n sinh con.","inLanguage":"en-GB","potentialAction":[{"@type":"ReadAction","target":["https:\/\/staging.futurehealthbiobank.com\/vn\/cac-phuong-phap-xu-ly\/"]}]},{"@type":"WebSite","@id":"https:\/\/staging.futurehealthbiobank.com\/vn\/#website","url":"https:\/\/staging.futurehealthbiobank.com\/vn\/","name":"Future Health Biobank Vietnam","description":"","potentialAction":[{"@type":"SearchAction","target":{"@type":"EntryPoint","urlTemplate":"https:\/\/staging.futurehealthbiobank.com\/vn\/?s={search_term_string}"},"query-input":{"@type":"PropertyValueSpecification","valueRequired":true,"valueName":"search_term_string"}}],"inLanguage":"en-GB"}]}},"_links":{"self":[{"href":"https:\/\/staging.futurehealthbiobank.com\/vn\/wp-json\/wp\/v2\/pages\/11917","targetHints":{"allow":["GET"]}}],"collection":[{"href":"https:\/\/staging.futurehealthbiobank.com\/vn\/wp-json\/wp\/v2\/pages"}],"about":[{"href":"https:\/\/staging.futurehealthbiobank.com\/vn\/wp-json\/wp\/v2\/types\/page"}],"author":[{"embeddable":true,"href":"https:\/\/staging.futurehealthbiobank.com\/vn\/wp-json\/wp\/v2\/users\/24"}],"replies":[{"embeddable":true,"href":"https:\/\/staging.futurehealthbiobank.com\/vn\/wp-json\/wp\/v2\/comments?post=11917"}],"version-history":[{"count":0,"href":"https:\/\/staging.futurehealthbiobank.com\/vn\/wp-json\/wp\/v2\/pages\/11917\/revisions"}],"wp:attachment":[{"href":"https:\/\/staging.futurehealthbiobank.com\/vn\/wp-json\/wp\/v2\/media?parent=11917"}],"curies":[{"name":"wp","href":"https:\/\/api.w.org\/{rel}","templated":true}]}}