{"id":12762,"date":"2020-01-31T14:43:50","date_gmt":"2020-01-31T14:43:50","guid":{"rendered":"https:\/\/staging.futurehealthbiobank.com\/vn\/?page_id=12762"},"modified":"2021-09-10T09:53:31","modified_gmt":"2021-09-10T08:53:31","slug":"xu-ly-te-bao-goc-tuy-rang","status":"publish","type":"page","link":"https:\/\/staging.futurehealthbiobank.com\/vn\/xu-ly-te-bao-goc-tuy-rang\/","title":{"rendered":"X\u1eed l\u00fd t\u1ebf b\u00e0o g\u1ed1c t\u1ee7y r\u0103ng"},"content":{"rendered":"","protected":false},"excerpt":{"rendered":"","protected":false},"author":10,"featured_media":0,"parent":0,"menu_order":0,"comment_status":"closed","ping_status":"closed","template":"page-processing-methods-new.php","meta":{"_acf_changed":false,"footnotes":""},"class_list":["post-12762","page","type-page","status-publish","hentry"],"acf":[],"yoast_head":"<!-- This site is optimized with the Yoast SEO plugin v26.7 - https:\/\/yoast.com\/wordpress\/plugins\/seo\/ -->\n<title>X\u1eed l\u00fd t\u1ebf b\u00e0o g\u1ed1c t\u1ee7y r\u0103ng - Future Health Biobank Vietnam<\/title>\n<meta name=\"description\" content=\"Sau \u0111\u00e2y, ch\u00fang t\u00f4i gi\u1ea3i th\u00edch ph\u01b0\u01a1ng ph\u00e1p x\u1eed l\u00fd c\u1ee7a m\u1ed7i m\u1eabu r\u0103ng t\u1ea1i Future Health Biobank v\u00e0 c\u00e1ch ch\u00fang t\u00f4i chu\u1ea9n b\u1ecb m\u1eabu c\u1ee7a b\u1ea1n \u0111\u1ec3 l\u01b0u tr\u1eef.\" \/>\n<meta name=\"robots\" content=\"noindex, follow, max-snippet:-1, max-image-preview:large, max-video-preview:-1\" \/>\n<meta property=\"og:locale\" content=\"en_GB\" \/>\n<meta property=\"og:type\" content=\"article\" \/>\n<meta property=\"og:title\" content=\"X\u1eed l\u00fd t\u1ebf b\u00e0o g\u1ed1c t\u1ee7y r\u0103ng - Future Health Biobank Vietnam\" \/>\n<meta property=\"og:description\" content=\"Sau \u0111\u00e2y, ch\u00fang t\u00f4i gi\u1ea3i th\u00edch ph\u01b0\u01a1ng ph\u00e1p x\u1eed l\u00fd c\u1ee7a m\u1ed7i m\u1eabu r\u0103ng t\u1ea1i Future Health Biobank v\u00e0 c\u00e1ch ch\u00fang t\u00f4i chu\u1ea9n b\u1ecb m\u1eabu c\u1ee7a b\u1ea1n \u0111\u1ec3 l\u01b0u tr\u1eef.\" \/>\n<meta property=\"og:url\" content=\"https:\/\/staging.futurehealthbiobank.com\/vn\/xu-ly-te-bao-goc-tuy-rang\/\" \/>\n<meta property=\"og:site_name\" content=\"Future Health Biobank Vietnam\" \/>\n<meta property=\"article:modified_time\" content=\"2021-09-10T08:53:31+00:00\" \/>\n<meta name=\"twitter:card\" content=\"summary_large_image\" \/>\n<script type=\"application\/ld+json\" class=\"yoast-schema-graph\">{\"@context\":\"https:\/\/schema.org\",\"@graph\":[{\"@type\":\"WebPage\",\"@id\":\"https:\/\/staging.futurehealthbiobank.com\/vn\/xu-ly-te-bao-goc-tuy-rang\/\",\"url\":\"https:\/\/staging.futurehealthbiobank.com\/vn\/xu-ly-te-bao-goc-tuy-rang\/\",\"name\":\"X\u1eed l\u00fd t\u1ebf b\u00e0o g\u1ed1c t\u1ee7y r\u0103ng - Future Health Biobank Vietnam\",\"isPartOf\":{\"@id\":\"https:\/\/staging.futurehealthbiobank.com\/vn\/#website\"},\"datePublished\":\"2020-01-31T14:43:50+00:00\",\"dateModified\":\"2021-09-10T08:53:31+00:00\",\"description\":\"Sau \u0111\u00e2y, ch\u00fang t\u00f4i gi\u1ea3i th\u00edch ph\u01b0\u01a1ng ph\u00e1p x\u1eed l\u00fd c\u1ee7a m\u1ed7i m\u1eabu r\u0103ng t\u1ea1i Future Health Biobank v\u00e0 c\u00e1ch ch\u00fang t\u00f4i chu\u1ea9n b\u1ecb m\u1eabu c\u1ee7a b\u1ea1n \u0111\u1ec3 l\u01b0u tr\u1eef.\",\"inLanguage\":\"en-GB\",\"potentialAction\":[{\"@type\":\"ReadAction\",\"target\":[\"https:\/\/staging.futurehealthbiobank.com\/vn\/xu-ly-te-bao-goc-tuy-rang\/\"]}]},{\"@type\":\"WebSite\",\"@id\":\"https:\/\/staging.futurehealthbiobank.com\/vn\/#website\",\"url\":\"https:\/\/staging.futurehealthbiobank.com\/vn\/\",\"name\":\"Future Health Biobank Vietnam\",\"description\":\"\",\"potentialAction\":[{\"@type\":\"SearchAction\",\"target\":{\"@type\":\"EntryPoint\",\"urlTemplate\":\"https:\/\/staging.futurehealthbiobank.com\/vn\/?s={search_term_string}\"},\"query-input\":{\"@type\":\"PropertyValueSpecification\",\"valueRequired\":true,\"valueName\":\"search_term_string\"}}],\"inLanguage\":\"en-GB\"}]}<\/script>\n<!-- \/ Yoast SEO plugin. -->","yoast_head_json":{"title":"X\u1eed l\u00fd t\u1ebf b\u00e0o g\u1ed1c t\u1ee7y r\u0103ng - Future Health Biobank Vietnam","description":"Sau \u0111\u00e2y, ch\u00fang t\u00f4i gi\u1ea3i th\u00edch ph\u01b0\u01a1ng ph\u00e1p x\u1eed l\u00fd c\u1ee7a m\u1ed7i m\u1eabu r\u0103ng t\u1ea1i Future Health Biobank v\u00e0 c\u00e1ch ch\u00fang t\u00f4i chu\u1ea9n b\u1ecb m\u1eabu c\u1ee7a b\u1ea1n \u0111\u1ec3 l\u01b0u tr\u1eef.","robots":{"index":"noindex","follow":"follow","max-snippet":"max-snippet:-1","max-image-preview":"max-image-preview:large","max-video-preview":"max-video-preview:-1"},"og_locale":"en_GB","og_type":"article","og_title":"X\u1eed l\u00fd t\u1ebf b\u00e0o g\u1ed1c t\u1ee7y r\u0103ng - Future Health Biobank Vietnam","og_description":"Sau \u0111\u00e2y, ch\u00fang t\u00f4i gi\u1ea3i th\u00edch ph\u01b0\u01a1ng ph\u00e1p x\u1eed l\u00fd c\u1ee7a m\u1ed7i m\u1eabu r\u0103ng t\u1ea1i Future Health Biobank v\u00e0 c\u00e1ch ch\u00fang t\u00f4i chu\u1ea9n b\u1ecb m\u1eabu c\u1ee7a b\u1ea1n \u0111\u1ec3 l\u01b0u tr\u1eef.","og_url":"https:\/\/staging.futurehealthbiobank.com\/vn\/xu-ly-te-bao-goc-tuy-rang\/","og_site_name":"Future Health Biobank Vietnam","article_modified_time":"2021-09-10T08:53:31+00:00","twitter_card":"summary_large_image","schema":{"@context":"https:\/\/schema.org","@graph":[{"@type":"WebPage","@id":"https:\/\/staging.futurehealthbiobank.com\/vn\/xu-ly-te-bao-goc-tuy-rang\/","url":"https:\/\/staging.futurehealthbiobank.com\/vn\/xu-ly-te-bao-goc-tuy-rang\/","name":"X\u1eed l\u00fd t\u1ebf b\u00e0o g\u1ed1c t\u1ee7y r\u0103ng - Future Health Biobank Vietnam","isPartOf":{"@id":"https:\/\/staging.futurehealthbiobank.com\/vn\/#website"},"datePublished":"2020-01-31T14:43:50+00:00","dateModified":"2021-09-10T08:53:31+00:00","description":"Sau \u0111\u00e2y, ch\u00fang t\u00f4i gi\u1ea3i th\u00edch ph\u01b0\u01a1ng ph\u00e1p x\u1eed l\u00fd c\u1ee7a m\u1ed7i m\u1eabu r\u0103ng t\u1ea1i Future Health Biobank v\u00e0 c\u00e1ch ch\u00fang t\u00f4i chu\u1ea9n b\u1ecb m\u1eabu c\u1ee7a b\u1ea1n \u0111\u1ec3 l\u01b0u tr\u1eef.","inLanguage":"en-GB","potentialAction":[{"@type":"ReadAction","target":["https:\/\/staging.futurehealthbiobank.com\/vn\/xu-ly-te-bao-goc-tuy-rang\/"]}]},{"@type":"WebSite","@id":"https:\/\/staging.futurehealthbiobank.com\/vn\/#website","url":"https:\/\/staging.futurehealthbiobank.com\/vn\/","name":"Future Health Biobank Vietnam","description":"","potentialAction":[{"@type":"SearchAction","target":{"@type":"EntryPoint","urlTemplate":"https:\/\/staging.futurehealthbiobank.com\/vn\/?s={search_term_string}"},"query-input":{"@type":"PropertyValueSpecification","valueRequired":true,"valueName":"search_term_string"}}],"inLanguage":"en-GB"}]}},"_links":{"self":[{"href":"https:\/\/staging.futurehealthbiobank.com\/vn\/wp-json\/wp\/v2\/pages\/12762","targetHints":{"allow":["GET"]}}],"collection":[{"href":"https:\/\/staging.futurehealthbiobank.com\/vn\/wp-json\/wp\/v2\/pages"}],"about":[{"href":"https:\/\/staging.futurehealthbiobank.com\/vn\/wp-json\/wp\/v2\/types\/page"}],"author":[{"embeddable":true,"href":"https:\/\/staging.futurehealthbiobank.com\/vn\/wp-json\/wp\/v2\/users\/10"}],"replies":[{"embeddable":true,"href":"https:\/\/staging.futurehealthbiobank.com\/vn\/wp-json\/wp\/v2\/comments?post=12762"}],"version-history":[{"count":0,"href":"https:\/\/staging.futurehealthbiobank.com\/vn\/wp-json\/wp\/v2\/pages\/12762\/revisions"}],"wp:attachment":[{"href":"https:\/\/staging.futurehealthbiobank.com\/vn\/wp-json\/wp\/v2\/media?parent=12762"}],"curies":[{"name":"wp","href":"https:\/\/api.w.org\/{rel}","templated":true}]}}