{"id":7481,"date":"2019-09-01T15:58:19","date_gmt":"2019-09-01T14:58:19","guid":{"rendered":"https:\/\/staging.futurehealthbiobank.com\/vn\/?page_id=7481"},"modified":"2021-09-21T15:02:47","modified_gmt":"2021-09-21T14:02:47","slug":"cac-benh-da-duoc-dieu-tri","status":"publish","type":"page","link":"https:\/\/staging.futurehealthbiobank.com\/vn\/cac-benh-da-duoc-dieu-tri\/","title":{"rendered":"C\u00e1c b\u1ec7nh \u0111\u00e3 \u0111\u01b0\u1ee3c \u0111i\u1ec1u tr\u1ecb"},"content":{"rendered":"","protected":false},"excerpt":{"rendered":"","protected":false},"author":10,"featured_media":0,"parent":0,"menu_order":0,"comment_status":"closed","ping_status":"closed","template":"page-deseaselist.php","meta":{"_acf_changed":false,"footnotes":""},"class_list":["post-7481","page","type-page","status-publish","hentry"],"acf":[],"yoast_head":"<!-- This site is optimized with the Yoast SEO plugin v26.7 - https:\/\/yoast.com\/wordpress\/plugins\/seo\/ -->\n<title>Diseases Treated Using Umbilical Cord Stem Cells | Future Health Biobank Vietnam<\/title>\n<meta name=\"description\" content=\"Discover the diseases - whether standard treatment or scientific study - that use umbilical cord blood and cord tissue stem cells\" \/>\n<meta name=\"robots\" content=\"noindex, follow, max-snippet:-1, max-image-preview:large, max-video-preview:-1\" \/>\n<meta property=\"og:locale\" content=\"en_GB\" \/>\n<meta property=\"og:type\" content=\"article\" \/>\n<meta property=\"og:title\" content=\"Diseases Treated Using Umbilical Cord Stem Cells | Future Health Biobank Vietnam\" \/>\n<meta property=\"og:description\" content=\"Discover the diseases - whether standard treatment or scientific study - that use umbilical cord blood and cord tissue stem cells\" \/>\n<meta property=\"og:url\" content=\"https:\/\/staging.futurehealthbiobank.com\/vn\/cac-benh-da-duoc-dieu-tri\/\" \/>\n<meta property=\"og:site_name\" content=\"Future Health Biobank Vietnam\" \/>\n<meta property=\"article:modified_time\" content=\"2021-09-21T14:02:47+00:00\" \/>\n<meta name=\"twitter:card\" content=\"summary_large_image\" \/>\n<script type=\"application\/ld+json\" class=\"yoast-schema-graph\">{\"@context\":\"https:\/\/schema.org\",\"@graph\":[{\"@type\":\"WebPage\",\"@id\":\"https:\/\/staging.futurehealthbiobank.com\/vn\/cac-benh-da-duoc-dieu-tri\/\",\"url\":\"https:\/\/staging.futurehealthbiobank.com\/vn\/cac-benh-da-duoc-dieu-tri\/\",\"name\":\"Diseases Treated Using Umbilical Cord Stem Cells | Future Health Biobank Vietnam\",\"isPartOf\":{\"@id\":\"https:\/\/staging.futurehealthbiobank.com\/vn\/#website\"},\"datePublished\":\"2019-09-01T14:58:19+00:00\",\"dateModified\":\"2021-09-21T14:02:47+00:00\",\"description\":\"Discover the diseases - whether standard treatment or scientific study - that use umbilical cord blood and cord tissue stem cells\",\"inLanguage\":\"en-GB\",\"potentialAction\":[{\"@type\":\"ReadAction\",\"target\":[\"https:\/\/staging.futurehealthbiobank.com\/vn\/cac-benh-da-duoc-dieu-tri\/\"]}]},{\"@type\":\"WebSite\",\"@id\":\"https:\/\/staging.futurehealthbiobank.com\/vn\/#website\",\"url\":\"https:\/\/staging.futurehealthbiobank.com\/vn\/\",\"name\":\"Future Health Biobank Vietnam\",\"description\":\"\",\"potentialAction\":[{\"@type\":\"SearchAction\",\"target\":{\"@type\":\"EntryPoint\",\"urlTemplate\":\"https:\/\/staging.futurehealthbiobank.com\/vn\/?s={search_term_string}\"},\"query-input\":{\"@type\":\"PropertyValueSpecification\",\"valueRequired\":true,\"valueName\":\"search_term_string\"}}],\"inLanguage\":\"en-GB\"}]}<\/script>\n<!-- \/ Yoast SEO plugin. -->","yoast_head_json":{"title":"Diseases Treated Using Umbilical Cord Stem Cells | Future Health Biobank Vietnam","description":"Discover the diseases - whether standard treatment or scientific study - that use umbilical cord blood and cord tissue stem cells","robots":{"index":"noindex","follow":"follow","max-snippet":"max-snippet:-1","max-image-preview":"max-image-preview:large","max-video-preview":"max-video-preview:-1"},"og_locale":"en_GB","og_type":"article","og_title":"Diseases Treated Using Umbilical Cord Stem Cells | Future Health Biobank Vietnam","og_description":"Discover the diseases - whether standard treatment or scientific study - that use umbilical cord blood and cord tissue stem cells","og_url":"https:\/\/staging.futurehealthbiobank.com\/vn\/cac-benh-da-duoc-dieu-tri\/","og_site_name":"Future Health Biobank Vietnam","article_modified_time":"2021-09-21T14:02:47+00:00","twitter_card":"summary_large_image","schema":{"@context":"https:\/\/schema.org","@graph":[{"@type":"WebPage","@id":"https:\/\/staging.futurehealthbiobank.com\/vn\/cac-benh-da-duoc-dieu-tri\/","url":"https:\/\/staging.futurehealthbiobank.com\/vn\/cac-benh-da-duoc-dieu-tri\/","name":"Diseases Treated Using Umbilical Cord Stem Cells | Future Health Biobank Vietnam","isPartOf":{"@id":"https:\/\/staging.futurehealthbiobank.com\/vn\/#website"},"datePublished":"2019-09-01T14:58:19+00:00","dateModified":"2021-09-21T14:02:47+00:00","description":"Discover the diseases - whether standard treatment or scientific study - that use umbilical cord blood and cord tissue stem cells","inLanguage":"en-GB","potentialAction":[{"@type":"ReadAction","target":["https:\/\/staging.futurehealthbiobank.com\/vn\/cac-benh-da-duoc-dieu-tri\/"]}]},{"@type":"WebSite","@id":"https:\/\/staging.futurehealthbiobank.com\/vn\/#website","url":"https:\/\/staging.futurehealthbiobank.com\/vn\/","name":"Future Health Biobank Vietnam","description":"","potentialAction":[{"@type":"SearchAction","target":{"@type":"EntryPoint","urlTemplate":"https:\/\/staging.futurehealthbiobank.com\/vn\/?s={search_term_string}"},"query-input":{"@type":"PropertyValueSpecification","valueRequired":true,"valueName":"search_term_string"}}],"inLanguage":"en-GB"}]}},"_links":{"self":[{"href":"https:\/\/staging.futurehealthbiobank.com\/vn\/wp-json\/wp\/v2\/pages\/7481","targetHints":{"allow":["GET"]}}],"collection":[{"href":"https:\/\/staging.futurehealthbiobank.com\/vn\/wp-json\/wp\/v2\/pages"}],"about":[{"href":"https:\/\/staging.futurehealthbiobank.com\/vn\/wp-json\/wp\/v2\/types\/page"}],"author":[{"embeddable":true,"href":"https:\/\/staging.futurehealthbiobank.com\/vn\/wp-json\/wp\/v2\/users\/10"}],"replies":[{"embeddable":true,"href":"https:\/\/staging.futurehealthbiobank.com\/vn\/wp-json\/wp\/v2\/comments?post=7481"}],"version-history":[{"count":0,"href":"https:\/\/staging.futurehealthbiobank.com\/vn\/wp-json\/wp\/v2\/pages\/7481\/revisions"}],"wp:attachment":[{"href":"https:\/\/staging.futurehealthbiobank.com\/vn\/wp-json\/wp\/v2\/media?parent=7481"}],"curies":[{"name":"wp","href":"https:\/\/api.w.org\/{rel}","templated":true}]}}