{"id":8894,"date":"2019-12-01T15:53:12","date_gmt":"2019-12-01T15:53:12","guid":{"rendered":"https:\/\/staging.futurehealthbiobank.com\/vn\/?page_id=8894"},"modified":"2023-02-02T10:07:31","modified_gmt":"2023-02-02T10:07:31","slug":"gia-luu-tru-mau-cuong-ron-va-mo-day-ron","status":"publish","type":"page","link":"https:\/\/staging.futurehealthbiobank.com\/vn\/gia-luu-tru-mau-cuong-ron-va-mo-day-ron\/","title":{"rendered":"Gi\u00e1 l\u01b0u tr\u1eef m\u00e1u cu\u1ed1ng r\u1ed1n v\u00e0 m\u00f4 d\u00e2y r\u1ed1n"},"content":{"rendered":"","protected":false},"excerpt":{"rendered":"","protected":false},"author":10,"featured_media":0,"parent":0,"menu_order":0,"comment_status":"closed","ping_status":"closed","template":"page-pricingnew.php","meta":{"_acf_changed":false,"footnotes":""},"class_list":["post-8894","page","type-page","status-publish","hentry"],"acf":[],"yoast_head":"<!-- This site is optimized with the Yoast SEO plugin v26.7 - https:\/\/yoast.com\/wordpress\/plugins\/seo\/ -->\n<title>Gi\u00e1 l\u01b0u tr\u1eef m\u00e1u cu\u1ed1ng r\u1ed1n v\u00e0 m\u00f4 d\u00e2y r\u1ed1n | Future Health Biobank<\/title>\n<meta name=\"description\" content=\"View our competitive cord blood cell banking prices. Additional cord tissue banking and Sang Loc Dinh Duong optional. Learn more!\" \/>\n<meta name=\"robots\" content=\"noindex, follow, max-snippet:-1, max-image-preview:large, max-video-preview:-1\" \/>\n<meta property=\"og:locale\" content=\"en_GB\" \/>\n<meta property=\"og:type\" content=\"article\" \/>\n<meta property=\"og:title\" content=\"Gi\u00e1 l\u01b0u tr\u1eef m\u00e1u cu\u1ed1ng r\u1ed1n v\u00e0 m\u00f4 d\u00e2y r\u1ed1n | Future Health Biobank\" \/>\n<meta property=\"og:description\" content=\"View our competitive cord blood cell banking prices. Additional cord tissue banking and Sang Loc Dinh Duong optional. Learn more!\" \/>\n<meta property=\"og:url\" content=\"https:\/\/staging.futurehealthbiobank.com\/vn\/gia-luu-tru-mau-cuong-ron-va-mo-day-ron\/\" \/>\n<meta property=\"og:site_name\" content=\"Future Health Biobank Vietnam\" \/>\n<meta property=\"article:modified_time\" content=\"2023-02-02T10:07:31+00:00\" \/>\n<meta name=\"twitter:card\" content=\"summary_large_image\" \/>\n<script type=\"application\/ld+json\" class=\"yoast-schema-graph\">{\"@context\":\"https:\/\/schema.org\",\"@graph\":[{\"@type\":\"WebPage\",\"@id\":\"https:\/\/staging.futurehealthbiobank.com\/vn\/gia-luu-tru-mau-cuong-ron-va-mo-day-ron\/\",\"url\":\"https:\/\/staging.futurehealthbiobank.com\/vn\/gia-luu-tru-mau-cuong-ron-va-mo-day-ron\/\",\"name\":\"Gi\u00e1 l\u01b0u tr\u1eef m\u00e1u cu\u1ed1ng r\u1ed1n v\u00e0 m\u00f4 d\u00e2y r\u1ed1n | Future Health Biobank\",\"isPartOf\":{\"@id\":\"https:\/\/staging.futurehealthbiobank.com\/vn\/#website\"},\"datePublished\":\"2019-12-01T15:53:12+00:00\",\"dateModified\":\"2023-02-02T10:07:31+00:00\",\"description\":\"View our competitive cord blood cell banking prices. Additional cord tissue banking and Sang Loc Dinh Duong optional. Learn more!\",\"inLanguage\":\"en-GB\",\"potentialAction\":[{\"@type\":\"ReadAction\",\"target\":[\"https:\/\/staging.futurehealthbiobank.com\/vn\/gia-luu-tru-mau-cuong-ron-va-mo-day-ron\/\"]}]},{\"@type\":\"WebSite\",\"@id\":\"https:\/\/staging.futurehealthbiobank.com\/vn\/#website\",\"url\":\"https:\/\/staging.futurehealthbiobank.com\/vn\/\",\"name\":\"Future Health Biobank Vietnam\",\"description\":\"\",\"potentialAction\":[{\"@type\":\"SearchAction\",\"target\":{\"@type\":\"EntryPoint\",\"urlTemplate\":\"https:\/\/staging.futurehealthbiobank.com\/vn\/?s={search_term_string}\"},\"query-input\":{\"@type\":\"PropertyValueSpecification\",\"valueRequired\":true,\"valueName\":\"search_term_string\"}}],\"inLanguage\":\"en-GB\"}]}<\/script>\n<!-- \/ Yoast SEO plugin. -->","yoast_head_json":{"title":"Gi\u00e1 l\u01b0u tr\u1eef m\u00e1u cu\u1ed1ng r\u1ed1n v\u00e0 m\u00f4 d\u00e2y r\u1ed1n | Future Health Biobank","description":"View our competitive cord blood cell banking prices. Additional cord tissue banking and Sang Loc Dinh Duong optional. Learn more!","robots":{"index":"noindex","follow":"follow","max-snippet":"max-snippet:-1","max-image-preview":"max-image-preview:large","max-video-preview":"max-video-preview:-1"},"og_locale":"en_GB","og_type":"article","og_title":"Gi\u00e1 l\u01b0u tr\u1eef m\u00e1u cu\u1ed1ng r\u1ed1n v\u00e0 m\u00f4 d\u00e2y r\u1ed1n | Future Health Biobank","og_description":"View our competitive cord blood cell banking prices. Additional cord tissue banking and Sang Loc Dinh Duong optional. Learn more!","og_url":"https:\/\/staging.futurehealthbiobank.com\/vn\/gia-luu-tru-mau-cuong-ron-va-mo-day-ron\/","og_site_name":"Future Health Biobank Vietnam","article_modified_time":"2023-02-02T10:07:31+00:00","twitter_card":"summary_large_image","schema":{"@context":"https:\/\/schema.org","@graph":[{"@type":"WebPage","@id":"https:\/\/staging.futurehealthbiobank.com\/vn\/gia-luu-tru-mau-cuong-ron-va-mo-day-ron\/","url":"https:\/\/staging.futurehealthbiobank.com\/vn\/gia-luu-tru-mau-cuong-ron-va-mo-day-ron\/","name":"Gi\u00e1 l\u01b0u tr\u1eef m\u00e1u cu\u1ed1ng r\u1ed1n v\u00e0 m\u00f4 d\u00e2y r\u1ed1n | Future Health Biobank","isPartOf":{"@id":"https:\/\/staging.futurehealthbiobank.com\/vn\/#website"},"datePublished":"2019-12-01T15:53:12+00:00","dateModified":"2023-02-02T10:07:31+00:00","description":"View our competitive cord blood cell banking prices. Additional cord tissue banking and Sang Loc Dinh Duong optional. Learn more!","inLanguage":"en-GB","potentialAction":[{"@type":"ReadAction","target":["https:\/\/staging.futurehealthbiobank.com\/vn\/gia-luu-tru-mau-cuong-ron-va-mo-day-ron\/"]}]},{"@type":"WebSite","@id":"https:\/\/staging.futurehealthbiobank.com\/vn\/#website","url":"https:\/\/staging.futurehealthbiobank.com\/vn\/","name":"Future Health Biobank Vietnam","description":"","potentialAction":[{"@type":"SearchAction","target":{"@type":"EntryPoint","urlTemplate":"https:\/\/staging.futurehealthbiobank.com\/vn\/?s={search_term_string}"},"query-input":{"@type":"PropertyValueSpecification","valueRequired":true,"valueName":"search_term_string"}}],"inLanguage":"en-GB"}]}},"_links":{"self":[{"href":"https:\/\/staging.futurehealthbiobank.com\/vn\/wp-json\/wp\/v2\/pages\/8894","targetHints":{"allow":["GET"]}}],"collection":[{"href":"https:\/\/staging.futurehealthbiobank.com\/vn\/wp-json\/wp\/v2\/pages"}],"about":[{"href":"https:\/\/staging.futurehealthbiobank.com\/vn\/wp-json\/wp\/v2\/types\/page"}],"author":[{"embeddable":true,"href":"https:\/\/staging.futurehealthbiobank.com\/vn\/wp-json\/wp\/v2\/users\/10"}],"replies":[{"embeddable":true,"href":"https:\/\/staging.futurehealthbiobank.com\/vn\/wp-json\/wp\/v2\/comments?post=8894"}],"version-history":[{"count":0,"href":"https:\/\/staging.futurehealthbiobank.com\/vn\/wp-json\/wp\/v2\/pages\/8894\/revisions"}],"wp:attachment":[{"href":"https:\/\/staging.futurehealthbiobank.com\/vn\/wp-json\/wp\/v2\/media?parent=8894"}],"curies":[{"name":"wp","href":"https:\/\/api.w.org\/{rel}","templated":true}]}}